{"id":742156,"date":"2025-08-28T01:05:32","date_gmt":"2025-08-27T22:05:32","guid":{"rendered":"https:\/\/roveyayinevi.com.tr\/index.php\/urun\/arkadaslik-denizi\/"},"modified":"2026-04-16T02:53:20","modified_gmt":"2026-04-15T23:53:20","slug":"arkadaslik-denizi","status":"publish","type":"product","link":"https:\/\/roveyayinevi.com.tr\/index.php\/urun\/arkadaslik-denizi\/","title":{"rendered":"Arkada\u015fl\u0131k Denizi"},"content":{"rendered":"<p>\u201cArkada\u015fl\u0131k Denizi\u201dnde t\u00fcm canl\u0131lar dost\u00e7a ya\u015far, bir\u00e7ok farkl\u0131 e\u015fyay\u0131 ortak kullan\u0131rlarm\u0131\u015f.   Dayan\u0131\u015fma bu canl\u0131lar\u0131n do\u011fas\u0131nda varm\u0131\u015f.   Bir g\u00fcn nereden geldi\u011fi belli olmayan bir sandalye denize d\u00fc\u015fm\u00fc\u015f. \u0130\u015fler o zaman kar\u0131\u015fmaya ba\u015flam\u0131\u015f.   Acaba, Arkada\u015fl\u0131k Denizi\u2019ndeki canl\u0131lar ortak bir karara var\u0131p yeni gelen e\u015fyalar\u0131n\u0131 payla\u015fabilecekler mi?   E\u011flenceli bir macera ya\u015famak i\u00e7in rengarenk deniz minik y\u00fcz\u00fcc\u00fclerini bekliyor&#8230;<\/p>\n","protected":false},"excerpt":{"rendered":"<p>\u201cArkada\u015fl\u0131k Denizi\u201dnde t\u00fcm canl\u0131lar dost\u00e7a ya\u015far, bir\u00e7ok farkl\u0131 e\u015fyay\u0131 ortak kullan\u0131rlarm\u0131\u015f. Dayan\u0131\u015fma bu canl\u0131lar\u0131n do\u011fas\u0131nda varm\u0131\u015f. Bir g\u00fcn nereden geldi\u011fi belli olmayan bir sandalye denize d\u00fc\u015fm\u00fc\u015f.<span class=\"excerpt-hellip\"> [\u2026]<\/span><\/p>\n","protected":false},"featured_media":0,"template":"","meta":{"_monsterinsights_skip_tracking":false,"_monsterinsights_sitenote_active":false,"_monsterinsights_sitenote_note":"","_monsterinsights_sitenote_category":0},"product_brand":[],"product_cat":[12274,12284],"product_tag":[],"class_list":{"0":"post-742156","1":"product","2":"type-product","3":"status-publish","5":"product_cat-cocuk-ve-genclik-kitaplari","6":"product_cat-hikayeler","7":"pa_cilt-ciltsiz","8":"pa_tur-kitap","9":"pa_yayinevi-yeni-insan-yayinlari","10":"pa_yazar-meftun-kocakaya-bayir","12":"first","13":"instock","14":"sale","15":"shipping-taxable","16":"purchasable","17":"product-type-simple"},"_links":{"self":[{"href":"https:\/\/roveyayinevi.com.tr\/index.php\/wp-json\/wp\/v2\/product\/742156","targetHints":{"allow":["GET"]}}],"collection":[{"href":"https:\/\/roveyayinevi.com.tr\/index.php\/wp-json\/wp\/v2\/product"}],"about":[{"href":"https:\/\/roveyayinevi.com.tr\/index.php\/wp-json\/wp\/v2\/types\/product"}],"wp:attachment":[{"href":"https:\/\/roveyayinevi.com.tr\/index.php\/wp-json\/wp\/v2\/media?parent=742156"}],"wp:term":[{"taxonomy":"product_brand","embeddable":true,"href":"https:\/\/roveyayinevi.com.tr\/index.php\/wp-json\/wp\/v2\/product_brand?post=742156"},{"taxonomy":"product_cat","embeddable":true,"href":"https:\/\/roveyayinevi.com.tr\/index.php\/wp-json\/wp\/v2\/product_cat?post=742156"},{"taxonomy":"product_tag","embeddable":true,"href":"https:\/\/roveyayinevi.com.tr\/index.php\/wp-json\/wp\/v2\/product_tag?post=742156"}],"curies":[{"name":"wp","href":"https:\/\/api.w.org\/{rel}","templated":true}]}}