{"id":742152,"date":"2025-08-28T01:05:27","date_gmt":"2025-08-27T22:05:27","guid":{"rendered":"https:\/\/roveyayinevi.com.tr\/index.php\/urun\/iki-arada-oykuler\/"},"modified":"2026-04-16T02:53:20","modified_gmt":"2026-04-15T23:53:20","slug":"iki-arada-oykuler","status":"publish","type":"product","link":"https:\/\/roveyayinevi.com.tr\/index.php\/urun\/iki-arada-oykuler\/","title":{"rendered":"\u0130ki Arada \u00d6yk\u00fcler"},"content":{"rendered":"<p>Hayat, dedi kitab\u0131n i\u00e7inden bir ses, bizim neyi istedi\u011fimizle ya da neye sahip olup olmad\u0131\u011f\u0131m\u0131zla ilgilenmiyor. Kendi g\u00f6nl\u00fcnden kopan\u0131 \u00e2deta eksik kalan yanlar\u0131m\u0131z\u0131n \u00fczerine serpi\u015ftiriyor. \u0130\u00e7inden \u201cyetinmeyi bil, yoksa sen de kaybedenlerden olursun\u201d gibi bir \u015feyler m\u0131r\u0131ldan\u0131yor. Utanmasa verdi\u011fi \u00fc\u00e7 be\u015f kuru\u015fun, birka\u00e7 umut k\u0131r\u0131nt\u0131s\u0131n\u0131n hesab\u0131n\u0131 soracak! Neyse, bu gidi\u015fle ayn\u0131 yerde sayaca\u011f\u0131z, ne uzayaca\u011f\u0131z ne k\u0131salaca\u011f\u0131z. Bu duruma al\u0131\u015fsan iyi edersin. \u00c7\u00fcnk\u00fc sen de art\u0131k arada kalanlardans\u0131n.   Hayatta kimse yoktur ki arafta kalmam\u0131\u015f, kendi kab\u0131na s\u0131\u011fmay\u0131p ta\u015fmam\u0131\u015f, b\u00fcy\u00fck umutlarla \u00e7\u0131kt\u0131\u011f\u0131 yolda h\u00fcsrana u\u011framam\u0131\u015f; a\u015fk ile nefretin, ger\u00e7ek ile hayalin, do\u011fru ile yanl\u0131\u015f\u0131n, k\u0131saca t\u00fcm z\u0131tl\u0131klar\u0131n birbirini \u00e7ekmesi ile aralar\u0131nda s\u0131k\u0131\u015f\u0131p kalmam\u0131\u015f\u2026   Nitekim iki arada kalanlar, t\u00fcm seslere kulak t\u0131kay\u0131p yola devam edenlerin, maziyi rehber al\u0131p gelece\u011fe yelken a\u00e7anlar\u0131n, hayat\u0131n abs\u00fcrtl\u00fcklerine ayn\u0131 \u015fekilde cevap verenlerin, \u00e7ivisi \u00e7\u0131km\u0131\u015f d\u00fcnyaya \u00e7ivi \u00e7akmaya \u00e7al\u0131\u015fanlar\u0131n, kendi semas\u0131n\u0131n y\u0131ld\u0131z\u0131 olmak isteyenlerin \u00f6yk\u00fcs\u00fc.   G\u00fcl\u00fc\u015f T\u00fcrkmen   \u00c7ocuklu\u011funda Do\u011fan Karde\u015f Dergisi ile ba\u015flayan yazarl\u0131k kariyeri bug\u00fcne dek m\u00fczik ele\u015ftirmenli\u011finden ileti\u015fim uzmanl\u0131\u011f\u0131na, felsefeden sanata uzanarak geldiyse de, \u201c\u0130ki Arada \u00d6yk\u00fcler\u201d G\u00fcl\u00fc\u015f T\u00fcrkmen\u2019in yeti\u015fkin edebiyat\u0131 ad\u0131na okurlar\u0131na sundu\u011fu ilk eserdirAntik Diller, Frans\u0131z Edebiyat\u0131 ve \u0130leti\u015fim e\u011fitimlerini Bel\u00e7ika\u2019da tamamlad\u0131ktan sonra T\u00fcrkiye\u2019de d\u00f6nen T\u00fcrkmen reklamc\u0131, grafik tasar\u0131mc\u0131 ve yay\u0131n y\u00f6netmeni olarak \u00e7al\u0131\u015fm\u0131\u015f, S\u00fcrd\u00fcr\u00fclebilir \u0130yi Ebeveynlik ad\u0131 alt\u0131nda modern bir \u00e7ocuk yeti\u015ftirme felsefesi kurgulam\u0131\u015ft\u0131r.<\/p>\n","protected":false},"excerpt":{"rendered":"<p>Hayat, dedi kitab\u0131n i\u00e7inden bir ses, bizim neyi istedi\u011fimizle ya da neye sahip olup olmad\u0131\u011f\u0131m\u0131zla ilgilenmiyor. Kendi g\u00f6nl\u00fcnden kopan\u0131 \u00e2deta eksik kalan yanlar\u0131m\u0131z\u0131n \u00fczerine serpi\u015ftiriyor. \u0130\u00e7inden<span class=\"excerpt-hellip\"> [\u2026]<\/span><\/p>\n","protected":false},"featured_media":0,"template":"","meta":{"_monsterinsights_skip_tracking":false,"_monsterinsights_sitenote_active":false,"_monsterinsights_sitenote_note":"","_monsterinsights_sitenote_category":0},"product_brand":[],"product_cat":[12291,12711],"product_tag":[],"class_list":{"0":"post-742152","1":"product","2":"type-product","3":"status-publish","5":"product_cat-edebiyat","6":"product_cat-roman-oyku","7":"pa_cilt-ciltsiz","8":"pa_tur-kitap","9":"pa_yayinevi-yeni-insan-yayinlari","10":"pa_yazar-gulus-turkmen","12":"first","13":"instock","14":"sale","15":"shipping-taxable","16":"purchasable","17":"product-type-simple"},"_links":{"self":[{"href":"https:\/\/roveyayinevi.com.tr\/index.php\/wp-json\/wp\/v2\/product\/742152","targetHints":{"allow":["GET"]}}],"collection":[{"href":"https:\/\/roveyayinevi.com.tr\/index.php\/wp-json\/wp\/v2\/product"}],"about":[{"href":"https:\/\/roveyayinevi.com.tr\/index.php\/wp-json\/wp\/v2\/types\/product"}],"wp:attachment":[{"href":"https:\/\/roveyayinevi.com.tr\/index.php\/wp-json\/wp\/v2\/media?parent=742152"}],"wp:term":[{"taxonomy":"product_brand","embeddable":true,"href":"https:\/\/roveyayinevi.com.tr\/index.php\/wp-json\/wp\/v2\/product_brand?post=742152"},{"taxonomy":"product_cat","embeddable":true,"href":"https:\/\/roveyayinevi.com.tr\/index.php\/wp-json\/wp\/v2\/product_cat?post=742152"},{"taxonomy":"product_tag","embeddable":true,"href":"https:\/\/roveyayinevi.com.tr\/index.php\/wp-json\/wp\/v2\/product_tag?post=742152"}],"curies":[{"name":"wp","href":"https:\/\/api.w.org\/{rel}","templated":true}]}}