{"id":742147,"date":"2025-08-28T01:05:21","date_gmt":"2025-08-27T22:05:21","guid":{"rendered":"https:\/\/roveyayinevi.com.tr\/index.php\/urun\/kadin-hisseder-erkek-fark-etmez\/"},"modified":"2026-04-16T02:53:20","modified_gmt":"2026-04-15T23:53:20","slug":"kadin-hisseder-erkek-fark-etmez","status":"publish","type":"product","link":"https:\/\/roveyayinevi.com.tr\/index.php\/urun\/kadin-hisseder-erkek-fark-etmez\/","title":{"rendered":"Kad\u0131n Hisseder Erkek Fark Etmez"},"content":{"rendered":"<p>\u2018\u2019Kendi ili\u015fkinizin ustas\u0131 olun.\u2019\u2019   \u201cAran\u0131zdaki farkl\u0131l\u0131klar\u0131n bilincine vard\u0131\u011f\u0131n\u0131zda, birbirinizden daha fazla keyif alacaks\u0131n\u0131z\u2026 25 y\u0131ll\u0131k mesleki g\u00f6zlemlerime dayanarak bir rehber niteli\u011finde olu\u015fturdu\u011fum bu kitapla kal\u0131pla\u015fm\u0131\u015f, karma\u015f\u0131k bilgilerden uzak bir \u015fekilde \u2018kad\u0131n-erkek\u2019 ili\u015fkilerindeki s\u00fcre\u00e7leri, ya\u015fanan sorunlar\u0131, anla\u015fmazl\u0131klar\u0131, sonlar\u0131, hatta ba\u015flang\u0131\u00e7lar\u0131 tek tek \u00e7\u00f6z\u00fcm ve y\u00f6ntemleriyle anlatt\u0131m. Akl\u0131n\u0131zdaki soru i\u015faretlerini, kafa kar\u0131\u015f\u0131kl\u0131\u011f\u0131n\u0131z\u0131 giderecek ve ili\u015fkinize farkl\u0131 bir g\u00f6zle bakman\u0131z\u0131 sa\u011flayacak t\u00fcm bilgiler bu kitapta\u2026\u201dRamazan Sayg\u0131n \u015eim\u015fek  Bir ili\u015fkiye ba\u015flarken heyecan, erotizm, a\u015fk, fantezi, macera, hatta bir \u00e7\u0131lg\u0131nl\u0131k ya\u015fama iste\u011finde olabilirsiniz. Bir yandan da kar\u015f\u0131l\u0131kl\u0131 derin bir g\u00fcvenin, ba\u011flanman\u0131n ve anla\u015f\u0131lman\u0131n oldu\u011fu bir ili\u015fkide saatlerce keyifle sohbet edebilmenin, dokunman\u0131n ve cinselli\u011fin verdi\u011fi hazz\u0131 hayatta hi\u00e7bir \u015feyin veremeyece\u011fini de d\u00fc\u015f\u00fcn\u00fcyor olabilirsiniz. Kad\u0131n Hisseder Erkek Fark Etmez, ya\u015fanm\u0131\u015f olaylardan kesitler sunarak ikinci se\u00e7ene\u011fi ger\u00e7ekle\u015ftirmenize yard\u0131m etme \u00e7abas\u0131 ta\u015f\u0131maktad\u0131r.G\u00fcn\u00fcm\u00fczde bir ili\u015fkiyi y\u00fcr\u00fctebilmek i\u00e7in duygular\u0131 anlama, davran\u0131\u015flar\u0131 y\u00f6netebilme, empati kurma, etkili ileti\u015fim becerisi geli\u015ftirebilme ve cinsellik konular\u0131nda daha fazla donan\u0131ma, beceriye, bilgiye ihtiya\u00e7 var. \u201c\u0130ki g\u00f6z oda, bir de \u00e7ocuk\u201d d\u00f6nemi art\u0131k bitti. \u201cParayla saadet olmaz\u201d s\u00f6z\u00fcn\u00fcn ise \u00e7ok uza\u011f\u0131nday\u0131z. \u00c7\u00f6z\u00fclemeyen sorunlar ve d\u00f6ng\u00fcler ili\u015fkinin \u00fczerinde bazen kara bulut gibi geziyor. Oysa onlar\u0131 da\u011f\u0131tacak form\u00fcl belli: Denge, ileti\u015fim ve anlaml\u0131 bir ba\u011f kurabilmek\u2026 <\/p>\n","protected":false},"excerpt":{"rendered":"<p>\u2018\u2019Kendi ili\u015fkinizin ustas\u0131 olun.\u2019\u2019 \u201cAran\u0131zdaki farkl\u0131l\u0131klar\u0131n bilincine vard\u0131\u011f\u0131n\u0131zda, birbirinizden daha fazla keyif alacaks\u0131n\u0131z\u2026 25 y\u0131ll\u0131k mesleki g\u00f6zlemlerime dayanarak bir rehber niteli\u011finde olu\u015fturdu\u011fum bu kitapla kal\u0131pla\u015fm\u0131\u015f, karma\u015f\u0131k<span class=\"excerpt-hellip\"> [\u2026]<\/span><\/p>\n","protected":false},"featured_media":0,"template":"","meta":{"_monsterinsights_skip_tracking":false,"_monsterinsights_sitenote_active":false,"_monsterinsights_sitenote_note":"","_monsterinsights_sitenote_category":0},"product_brand":[],"product_cat":[12358,12357],"product_tag":[],"class_list":{"0":"post-742147","1":"product","2":"type-product","3":"status-publish","5":"product_cat-genel-psikoloji","6":"product_cat-psikoloji","7":"pa_cilt-ciltsiz","8":"pa_tur-kitap","9":"pa_yayinevi-nemesis-kitap","10":"pa_yazar-ramazan-saygin-simsek","12":"first","13":"instock","14":"sale","15":"shipping-taxable","16":"purchasable","17":"product-type-simple"},"_links":{"self":[{"href":"https:\/\/roveyayinevi.com.tr\/index.php\/wp-json\/wp\/v2\/product\/742147","targetHints":{"allow":["GET"]}}],"collection":[{"href":"https:\/\/roveyayinevi.com.tr\/index.php\/wp-json\/wp\/v2\/product"}],"about":[{"href":"https:\/\/roveyayinevi.com.tr\/index.php\/wp-json\/wp\/v2\/types\/product"}],"wp:attachment":[{"href":"https:\/\/roveyayinevi.com.tr\/index.php\/wp-json\/wp\/v2\/media?parent=742147"}],"wp:term":[{"taxonomy":"product_brand","embeddable":true,"href":"https:\/\/roveyayinevi.com.tr\/index.php\/wp-json\/wp\/v2\/product_brand?post=742147"},{"taxonomy":"product_cat","embeddable":true,"href":"https:\/\/roveyayinevi.com.tr\/index.php\/wp-json\/wp\/v2\/product_cat?post=742147"},{"taxonomy":"product_tag","embeddable":true,"href":"https:\/\/roveyayinevi.com.tr\/index.php\/wp-json\/wp\/v2\/product_tag?post=742147"}],"curies":[{"name":"wp","href":"https:\/\/api.w.org\/{rel}","templated":true}]}}