{"id":742146,"date":"2025-08-28T01:05:21","date_gmt":"2025-08-27T22:05:21","guid":{"rendered":"https:\/\/roveyayinevi.com.tr\/index.php\/urun\/sen-sor-evren-cevaplasin\/"},"modified":"2026-04-16T02:53:20","modified_gmt":"2026-04-15T23:53:20","slug":"sen-sor-evren-cevaplasin","status":"publish","type":"product","link":"https:\/\/roveyayinevi.com.tr\/index.php\/urun\/sen-sor-evren-cevaplasin\/","title":{"rendered":"Sen Sor  Evren Cevaplas\u0131n"},"content":{"rendered":"<p>EN DO\u011eRU ZAMANDA EN DO\u011eRU YERDESINIZ. BU KITAPLA BULU\u015eMANIZIN BIR NEDENI VAR.   Mevl\u00e2n\u00e2\u2019ya bir g\u00fcn sormu\u015flar, \u201cBakmakla g\u00f6rmek aras\u0131ndaki fark nedir?\u201d diye. Mevl\u00e2n\u00e2 cevaplam\u0131\u015f: \u201cSenin bakt\u0131\u011f\u0131na herkes bak\u0131yor; ama ya g\u00f6rebildi\u011fini herkes g\u00f6rebiliyor mu? Aralar\u0131ndaki tek fark sensin.\u201d   Biz de sahip oldu\u011funuz fakat kapal\u0131 oldu\u011fu i\u00e7in kullanamad\u0131\u011f\u0131n\u0131z \u00fc\u00e7\u00fcnc\u00fc\u0308 g\u00f6z\u00fcn\u00fcz\u00fc\u0308 a\u00e7man\u0131za yard\u0131mc\u0131 olmas\u0131 i\u00e7in bu kitab\u0131 tasarlad\u0131k. Bakt\u0131\u011f\u0131n\u0131zda art\u0131k g\u00f6rebilesiniz diye. \u00c7\u00fcnk\u00fc\u0308 insanlar \u00f6teden beri gelecekle ilgili olaylar\u0131 tahmin etmeye, ger\u00e7ekle\u015fecek olumlu ya da olumsuz durumlar\u0131 \u00f6ng\u00f6rmeye \u00e7al\u0131\u015fm\u0131\u015ft\u0131r. Kimileri bu i\u015fle u\u011fra\u015fanlar\u0131 k\u00e2hin kimileri falc\u0131 olarak isimlendirmi\u015f ve kendi bilinmez gelecekleri i\u00e7in onlara dan\u0131\u015f\u0131p kehanetlerine de\u011fer vermi\u015flerdir.   Kadim k\u00fclt\u00fcrlerin hepsinde \u00f6nemli bir yer tutan kehanet t\u00fcrleri bir\u00e7ok \u00e7e\u015fide sahiptir. Kristal bir k\u00fcreye veya aynaya bak\u0131larak yap\u0131lan g\u00f6r\u00fc\u0308 y\u00f6ntemleriyle hayvanlar\u0131n u\u00e7u\u015f d\u00fczenlerinin g\u00f6zlemlenmesiyle yap\u0131lan ku\u015f kehanetleri bunlardan sadece birka\u00e7\u0131d\u0131r. Yak\u0131n zamanda akademik e\u011fitimlerle sayg\u0131nl\u0131\u011f\u0131 iyice artan astroloji ve tarot ise gelecekle ilgili cevap arayan g\u00fcn\u00fcm\u00fcz insanlar\u0131n\u0131n en \u00e7ok ba\u015fvurduklar\u0131 y\u00f6ntemlerden ikisidir. \u00dc\u00e7\u00fcnc\u00fc\u0308 y\u00f6ntem ise \u015fu an elinizde tuttu\u011funuz kitap&#8230;<\/p>\n","protected":false},"excerpt":{"rendered":"<p>EN DO\u011eRU ZAMANDA EN DO\u011eRU YERDESINIZ. BU KITAPLA BULU\u015eMANIZIN BIR NEDENI VAR. Mevl\u00e2n\u00e2\u2019ya bir g\u00fcn sormu\u015flar, \u201cBakmakla g\u00f6rmek aras\u0131ndaki fark nedir?\u201d diye. Mevl\u00e2n\u00e2 cevaplam\u0131\u015f: \u201cSenin bakt\u0131\u011f\u0131na<span class=\"excerpt-hellip\"> [\u2026]<\/span><\/p>\n","protected":false},"featured_media":0,"template":"","meta":{"_monsterinsights_skip_tracking":false,"_monsterinsights_sitenote_active":false,"_monsterinsights_sitenote_note":"","_monsterinsights_sitenote_category":0},"product_brand":[],"product_cat":[12364,12376],"product_tag":[],"class_list":{"0":"post-742146","1":"product","2":"type-product","3":"status-publish","5":"product_cat-genel-konular","6":"product_cat-kisisel-gelisim","7":"pa_cilt-ciltsiz","8":"pa_tur-kitap","9":"pa_yayinevi-mona-kitap","10":"pa_yazar-celik-hamit-annak-yonder-erdal-sahan","12":"first","13":"instock","14":"sale","15":"shipping-taxable","16":"purchasable","17":"product-type-simple"},"_links":{"self":[{"href":"https:\/\/roveyayinevi.com.tr\/index.php\/wp-json\/wp\/v2\/product\/742146","targetHints":{"allow":["GET"]}}],"collection":[{"href":"https:\/\/roveyayinevi.com.tr\/index.php\/wp-json\/wp\/v2\/product"}],"about":[{"href":"https:\/\/roveyayinevi.com.tr\/index.php\/wp-json\/wp\/v2\/types\/product"}],"wp:attachment":[{"href":"https:\/\/roveyayinevi.com.tr\/index.php\/wp-json\/wp\/v2\/media?parent=742146"}],"wp:term":[{"taxonomy":"product_brand","embeddable":true,"href":"https:\/\/roveyayinevi.com.tr\/index.php\/wp-json\/wp\/v2\/product_brand?post=742146"},{"taxonomy":"product_cat","embeddable":true,"href":"https:\/\/roveyayinevi.com.tr\/index.php\/wp-json\/wp\/v2\/product_cat?post=742146"},{"taxonomy":"product_tag","embeddable":true,"href":"https:\/\/roveyayinevi.com.tr\/index.php\/wp-json\/wp\/v2\/product_tag?post=742146"}],"curies":[{"name":"wp","href":"https:\/\/api.w.org\/{rel}","templated":true}]}}