{"id":742144,"date":"2025-08-28T01:05:19","date_gmt":"2025-08-27T22:05:19","guid":{"rendered":"https:\/\/roveyayinevi.com.tr\/index.php\/urun\/kullanisli-yanilgilar\/"},"modified":"2026-04-16T02:53:20","modified_gmt":"2026-04-15T23:53:20","slug":"kullanisli-yanilgilar","status":"publish","type":"product","link":"https:\/\/roveyayinevi.com.tr\/index.php\/urun\/kullanisli-yanilgilar\/","title":{"rendered":"Kullan\u0131\u015fl\u0131 Yan\u0131lg\u0131lar"},"content":{"rendered":"<p>Kendimizi aldatmak ba\u015far\u0131lar\u0131m\u0131za katk\u0131da bulunabilir, daha iyi hissetmemize neden olabilir ya da arkada\u015flar\u0131m\u0131zla, ailemizle, sevdiklerimizle, patronlar\u0131m\u0131zla g\u00fcnl\u00fck etkile\u015fimlerimizi do\u011fru bir \u015fekilde s\u00fcrd\u00fcrmemizde i\u015fe yarayabilir mi? Shankar Vedantam ve Bill Mesler, Kullan\u0131\u015fl\u0131 Yan\u0131lg\u0131lar: Kendini Kand\u0131ran Beynin G\u00fcc\u00fc ve \u00c7eli\u015fkisi ile neden baz\u0131 insanlar\u0131n daha uzun ya\u015fad\u0131klar\u0131n\u0131, baz\u0131 \u00e7iftlerin sonsuza dek birbirlerine a\u015f\u0131k olduklar\u0131n\u0131, baz\u0131 uluslar\u0131n da\u011f\u0131l\u0131rken di\u011ferlerinin ayakta kald\u0131\u011f\u0131n\u0131 g\u00fc\u00e7l\u00fc hikayelerle anlat\u0131yor ve psikoloji, sinirbilim ve felsefeden yararlanarak insan olman\u0131n ger\u00e7ekten ne anlama geldi\u011fine dair b\u00fcy\u00fcleyici bir anlat\u0131m sunuyor.   Tan\u0131\u015ft\u0131\u011f\u0131ma hi\u00e7 de memnun olmad\u0131\u011f\u0131m ki\u015filere hep, \u201cTan\u0131\u015ft\u0131\u011f\u0131ma memnun oldum\u201d derim. Ger\u00e7i hayatta kalmak istiyorsan\u0131z, bu sa\u00e7mal\u0131klar\u0131 s\u00f6ylemek zorundas\u0131n\u0131z. \u2014J. D. Salinger, \u00c7avdar Tarlas\u0131nda \u00c7ocuklar   \u0130yi ya da k\u00f6t\u00fc diye bir \u015fey yoktur, onu \u00f6yle yapan d\u00fc\u015f\u00fcncelerdir. \u2014William Shakespeare, Hamlet   Sevgi bir a\u011fa\u00e7 gibidir: Kendi kendine b\u00fcy\u00fcr, varl\u0131\u011f\u0131m\u0131z\u0131n derinliklerine k\u00f6k salar ve harap olmu\u015f bir kalbin \u00fczerinde geli\u015fmeye devam eder. A\u00e7\u0131klanamayan ger\u00e7ek ise, sevginin ne kadar k\u00f6rse o denli inan\u00e7l\u0131 oldu\u011fudur. En g\u00fc\u00e7l\u00fc oldu\u011fu zaman, tamamen mant\u0131ks\u0131z oldu\u011fu zamand\u0131r. \u2014Victor Hugo, Notre Dame\u2019\u0131n Kamburu   Hepimiz deliyiz, ancak yan\u0131lg\u0131lar\u0131n\u0131 analiz edebilenlerimize filozof denir. \u2014Ambrose Bierce   Evrende tanr\u0131lar yoktur, milletler yoktur, para yoktur, insan haklar\u0131 yoktur, kanunlar yoktur, insanlar\u0131n ortak hayal g\u00fcc\u00fcn\u00fcn d\u0131\u015f\u0131nda adalet de yoktur. \u2014Yuval Noah Harari, Sapiens   G\u00fcnl\u00fck olarak ya\u015famak insana yetmez; a\u015fmam\u0131z, ta\u015f\u0131mam\u0131z, ka\u00e7mam\u0131z gerekir; anlam, anlay\u0131\u015f ve a\u00e7\u0131klamaya ihtiyac\u0131m\u0131z vard\u0131r. Hayat\u0131m\u0131zdaki t\u00fcm kal\u0131plar\u0131 g\u00f6rmemiz gereklidir. Umuda, bir gelecek duygusuna ihtiyac\u0131m\u0131z vard\u0131r. \u2014Oliver Sacks, \u201cDe\u011fi\u015fen Durumlar\u201d The New Yorker <\/p>\n","protected":false},"excerpt":{"rendered":"<p>Kendimizi aldatmak ba\u015far\u0131lar\u0131m\u0131za katk\u0131da bulunabilir, daha iyi hissetmemize neden olabilir ya da arkada\u015flar\u0131m\u0131zla, ailemizle, sevdiklerimizle, patronlar\u0131m\u0131zla g\u00fcnl\u00fck etkile\u015fimlerimizi do\u011fru bir \u015fekilde s\u00fcrd\u00fcrmemizde i\u015fe yarayabilir mi? Shankar<span class=\"excerpt-hellip\"> [\u2026]<\/span><\/p>\n","protected":false},"featured_media":0,"template":"","meta":{"_monsterinsights_skip_tracking":false,"_monsterinsights_sitenote_active":false,"_monsterinsights_sitenote_note":"","_monsterinsights_sitenote_category":0},"product_brand":[],"product_cat":[12358,12357],"product_tag":[],"class_list":{"0":"post-742144","1":"product","2":"type-product","3":"status-publish","5":"product_cat-genel-psikoloji","6":"product_cat-psikoloji","7":"pa_cilt-ciltsiz","8":"pa_tur-kitap","9":"pa_yayinevi-okuyan-us-yayin","10":"pa_yazar-shankar-vedantam-bill-mesler","12":"first","13":"instock","14":"sale","15":"shipping-taxable","16":"purchasable","17":"product-type-simple"},"_links":{"self":[{"href":"https:\/\/roveyayinevi.com.tr\/index.php\/wp-json\/wp\/v2\/product\/742144","targetHints":{"allow":["GET"]}}],"collection":[{"href":"https:\/\/roveyayinevi.com.tr\/index.php\/wp-json\/wp\/v2\/product"}],"about":[{"href":"https:\/\/roveyayinevi.com.tr\/index.php\/wp-json\/wp\/v2\/types\/product"}],"wp:attachment":[{"href":"https:\/\/roveyayinevi.com.tr\/index.php\/wp-json\/wp\/v2\/media?parent=742144"}],"wp:term":[{"taxonomy":"product_brand","embeddable":true,"href":"https:\/\/roveyayinevi.com.tr\/index.php\/wp-json\/wp\/v2\/product_brand?post=742144"},{"taxonomy":"product_cat","embeddable":true,"href":"https:\/\/roveyayinevi.com.tr\/index.php\/wp-json\/wp\/v2\/product_cat?post=742144"},{"taxonomy":"product_tag","embeddable":true,"href":"https:\/\/roveyayinevi.com.tr\/index.php\/wp-json\/wp\/v2\/product_tag?post=742144"}],"curies":[{"name":"wp","href":"https:\/\/api.w.org\/{rel}","templated":true}]}}