{"id":742141,"date":"2025-08-28T01:05:14","date_gmt":"2025-08-27T22:05:14","guid":{"rendered":"https:\/\/roveyayinevi.com.tr\/index.php\/urun\/melal\/"},"modified":"2026-04-16T02:53:20","modified_gmt":"2026-04-15T23:53:20","slug":"melal","status":"publish","type":"product","link":"https:\/\/roveyayinevi.com.tr\/index.php\/urun\/melal\/","title":{"rendered":"Melal"},"content":{"rendered":"<p>Zeki \u00c7elik&#8217;in bir c\u00fcmlesini \u00e7ok severim;   \u201c\u015eiir insana mesaj falan vermez, gelir yan\u0131na sar\u0131l\u0131r sana ve dost olur.\u201d     \u015eiir \u00e7ocu\u011fuyum hen\u00fcz, dili olgunluk evresinde ama elleri \u00e7ocuk ve d\u00fc\u015f \u00e7er\u00e7evesinde b\u00fcy\u00fcyen biriyim. \u00d6vg\u00fcye ihtiya\u00e7 duymayan, d\u00fc\u015flere a\u00e7 olan\u2026 Ben o d\u00fc\u015fleri siz sevgili okurum i\u00e7in s\u00fcsleyip dizayn ettim. \u015eimdi \u015fiirin h\u00fcz\u00fcnl\u00fc mistik atmosferine kap\u0131l\u0131p, kelime oyunlar\u0131ndan haz alma zaman\u0131\u2026<\/p>\n","protected":false},"excerpt":{"rendered":"<p>Zeki \u00c7elik&#8217;in bir c\u00fcmlesini \u00e7ok severim; \u201c\u015eiir insana mesaj falan vermez, gelir yan\u0131na sar\u0131l\u0131r sana ve dost olur.\u201d \u015eiir \u00e7ocu\u011fuyum hen\u00fcz, dili olgunluk evresinde ama elleri<span class=\"excerpt-hellip\"> [\u2026]<\/span><\/p>\n","protected":false},"featured_media":0,"template":"","meta":{"_monsterinsights_skip_tracking":false,"_monsterinsights_sitenote_active":false,"_monsterinsights_sitenote_note":"","_monsterinsights_sitenote_category":0},"product_brand":[],"product_cat":[12291,12509],"product_tag":[],"class_list":{"0":"post-742141","1":"product","2":"type-product","3":"status-publish","5":"product_cat-edebiyat","6":"product_cat-siir","7":"pa_cilt-ciltsiz","8":"pa_tur-kitap","9":"pa_yayinevi-elpis-yayinlari","10":"pa_yazar-fatih-mehmet-aydemir","12":"first","13":"instock","14":"sale","15":"shipping-taxable","16":"purchasable","17":"product-type-simple"},"_links":{"self":[{"href":"https:\/\/roveyayinevi.com.tr\/index.php\/wp-json\/wp\/v2\/product\/742141","targetHints":{"allow":["GET"]}}],"collection":[{"href":"https:\/\/roveyayinevi.com.tr\/index.php\/wp-json\/wp\/v2\/product"}],"about":[{"href":"https:\/\/roveyayinevi.com.tr\/index.php\/wp-json\/wp\/v2\/types\/product"}],"wp:attachment":[{"href":"https:\/\/roveyayinevi.com.tr\/index.php\/wp-json\/wp\/v2\/media?parent=742141"}],"wp:term":[{"taxonomy":"product_brand","embeddable":true,"href":"https:\/\/roveyayinevi.com.tr\/index.php\/wp-json\/wp\/v2\/product_brand?post=742141"},{"taxonomy":"product_cat","embeddable":true,"href":"https:\/\/roveyayinevi.com.tr\/index.php\/wp-json\/wp\/v2\/product_cat?post=742141"},{"taxonomy":"product_tag","embeddable":true,"href":"https:\/\/roveyayinevi.com.tr\/index.php\/wp-json\/wp\/v2\/product_tag?post=742141"}],"curies":[{"name":"wp","href":"https:\/\/api.w.org\/{rel}","templated":true}]}}