{"id":742140,"date":"2025-08-28T01:05:13","date_gmt":"2025-08-27T22:05:13","guid":{"rendered":"https:\/\/roveyayinevi.com.tr\/index.php\/urun\/husran-2\/"},"modified":"2026-04-16T02:53:20","modified_gmt":"2026-04-15T23:53:20","slug":"husran-2","status":"publish","type":"product","link":"https:\/\/roveyayinevi.com.tr\/index.php\/urun\/husran-2\/","title":{"rendered":"H\u00fcsran"},"content":{"rendered":"<p>\u201cBir zamanlar mutlu bir k\u0131zd\u0131m ben. \u00c7ilekli bir sak\u0131z, toprak kokan ellerimle ekti\u011fim \u00e7i\u00e7ek fideleri ve denizin tatl\u0131 esintisinin ok\u015fad\u0131\u011f\u0131 yemenim yeterdi beni g\u00fcl\u00fcmsetmeye. Bir g\u00fcn o geldi. Hayat\u0131ma d\u00fc\u015f\u00fcrd\u00fc\u011f\u00fc korkun\u00e7 y\u0131ld\u0131r\u0131m, beni onun isli, karanl\u0131k d\u00fcnyas\u0131na mahk\u00fbm etti. Art\u0131k zihnimin direksiyonunda ben yoktum; o vard\u0131. K\u00fcllere bo\u011fdu\u011fu gelece\u011fimi kirli avu\u00e7lar\u0131ndan kurtarmak i\u00e7in her \u015feyi yapard\u0131m. Sava\u015f daha yeni ba\u015flam\u0131\u015ft\u0131 ve sars\u0131c\u0131 d\u00fcellomuzu sonuna kadar g\u00f6t\u00fcrmeye kararl\u0131yd\u0131m.\u201d   \u201cMervan alt\u0131 harf, iki hece\u2026 \u0130\u00e7imdeki yak\u0131c\u0131 cellad\u0131m. Bu s\u00f6zc\u00fck varl\u0131\u011f\u0131n\u0131 ve zulm\u00fcn\u00fc ifade etmeye yeter mahiyette miydi, bilmiyordum. Ya\u015fad\u0131klar\u0131m ya\u015fayacaklar\u0131m\u0131n fragman\u0131 bile de\u011fildi. Biliyordum, ben ucuz kurtulu\u015flar\u0131n kad\u0131n\u0131 de\u011fildim.\u201d   Okyanus mavisi g\u00f6zleri ve alt\u0131n sar\u0131s\u0131 sa\u00e7lar\u0131yla Karadeniz&#8217;in h\u0131r\u00e7\u0131nl\u0131\u011f\u0131nda demlenmi\u015f Nazar Ate\u015f\u2026   Bey olmak i\u00e7in b\u00fcy\u00fct\u00fclm\u00fc\u015f, merhamet ve sevgiden habersiz Mervan Hanzade\u2026 Kader bu iki z\u0131t karakteri hi\u00e7 hesap edemedikleri s\u0131navlarda s\u0131nayacak. Yeri geldi\u011finde kor ate\u015flerde yakacak yeri geldi\u011finde i\u00e7 hesapla\u015fmalar\u0131nda bo\u011facak. Ama art\u0131k hi\u00e7bir \u015fey eskisi gibi olmayacak.   Gen\u00e7 bir kad\u0131n\u0131n intihar\u0131yla ba\u015flayan ve her dakika t\u0131rmanan heyecan dalgas\u0131yla soluksuz okunabilecek bir roman. <\/p>\n","protected":false},"excerpt":{"rendered":"<p>\u201cBir zamanlar mutlu bir k\u0131zd\u0131m ben. \u00c7ilekli bir sak\u0131z, toprak kokan ellerimle ekti\u011fim \u00e7i\u00e7ek fideleri ve denizin tatl\u0131 esintisinin ok\u015fad\u0131\u011f\u0131 yemenim yeterdi beni g\u00fcl\u00fcmsetmeye. Bir g\u00fcn<span class=\"excerpt-hellip\"> [\u2026]<\/span><\/p>\n","protected":false},"featured_media":0,"template":"","meta":{"_monsterinsights_skip_tracking":false,"_monsterinsights_sitenote_active":false,"_monsterinsights_sitenote_note":"","_monsterinsights_sitenote_category":0},"product_brand":[],"product_cat":[12291,12711],"product_tag":[],"class_list":{"0":"post-742140","1":"product","2":"type-product","3":"status-publish","5":"product_cat-edebiyat","6":"product_cat-roman-oyku","7":"pa_cilt-ciltsiz","8":"pa_tur-kitap","9":"pa_yayinevi-perseus","10":"pa_yazar-seyma-koc","12":"first","13":"instock","14":"sale","15":"shipping-taxable","16":"purchasable","17":"product-type-simple"},"_links":{"self":[{"href":"https:\/\/roveyayinevi.com.tr\/index.php\/wp-json\/wp\/v2\/product\/742140","targetHints":{"allow":["GET"]}}],"collection":[{"href":"https:\/\/roveyayinevi.com.tr\/index.php\/wp-json\/wp\/v2\/product"}],"about":[{"href":"https:\/\/roveyayinevi.com.tr\/index.php\/wp-json\/wp\/v2\/types\/product"}],"wp:attachment":[{"href":"https:\/\/roveyayinevi.com.tr\/index.php\/wp-json\/wp\/v2\/media?parent=742140"}],"wp:term":[{"taxonomy":"product_brand","embeddable":true,"href":"https:\/\/roveyayinevi.com.tr\/index.php\/wp-json\/wp\/v2\/product_brand?post=742140"},{"taxonomy":"product_cat","embeddable":true,"href":"https:\/\/roveyayinevi.com.tr\/index.php\/wp-json\/wp\/v2\/product_cat?post=742140"},{"taxonomy":"product_tag","embeddable":true,"href":"https:\/\/roveyayinevi.com.tr\/index.php\/wp-json\/wp\/v2\/product_tag?post=742140"}],"curies":[{"name":"wp","href":"https:\/\/api.w.org\/{rel}","templated":true}]}}