{"id":742139,"date":"2025-08-28T01:05:11","date_gmt":"2025-08-27T22:05:11","guid":{"rendered":"https:\/\/roveyayinevi.com.tr\/index.php\/urun\/husran\/"},"modified":"2026-04-16T02:53:20","modified_gmt":"2026-04-15T23:53:20","slug":"husran","status":"publish","type":"product","link":"https:\/\/roveyayinevi.com.tr\/index.php\/urun\/husran\/","title":{"rendered":"H\u00fcsran"},"content":{"rendered":"<p>G\u00f6k g\u00fcrlemeleri kesildi, ya\u011fmur \u015fiddetini kaybetti, r\u00fczg\u00e2r kulak kabartmak istercesine yava\u015flad\u0131. \u0130stilac\u0131 kara bulutlar hafif\u00e7e araland\u0131. Alt\u0131n sar\u0131s\u0131, keskin ince bir \u0131\u015f\u0131k huzmesi g\u00f6ky\u00fcz\u00fcnden a\u015fa\u011f\u0131 s\u0131zd\u0131, hemen \u00fcstlerinde belirdi. \u015eemsiyenin i\u00e7inden s\u00fcz\u00fclerek inen bu \u0131\u015f\u0131kla ayd\u0131nland\u0131 y\u00fczleri. T\u00fcm \u015fehir, sokaklarda akan sular bile duruldu; d\u00fcnya sustu. Canl\u0131 cans\u0131z her \u015fey, herkes, koskoca ihti\u015faml\u0131 evren o an dikkat kesildi; g\u00fcnahk\u00e2rlar kendilerine yeni \u015fans, ba\u011f\u0131\u015flanma i\u00e7in umut beklerken Baba \u00e7ocuklar\u0131na yine bir f\u0131rsat verdi.         \u201cBazen bak\u0131\u015flar\u0131n \u00e7epe\u00e7evre sar\u0131yor beni. O koyu g\u00f6zbebeklerin uzay\u0131n derinliklerine bir yolculu\u011fa \u00e7\u0131km\u0131\u015f gibi hissettiriyor kendimi. Bu yolculu\u011fun sonu yok. Uzay\u0131n muazzam bo\u015flu\u011funda kaybolmak da \u00fcrk\u00fct\u00fcr insan\u0131, ihti\u015faml\u0131 karanl\u0131\u011f\u0131n i\u00e7indeki y\u0131ld\u0131zlar ve galaksiler de fakat bu muhte\u015fem g\u00f6r\u00fcnt\u00fcn\u00fcn \u0131\u015f\u0131lt\u0131s\u0131ndan ve b\u00fcy\u00fcs\u00fcnden kurtulam\u0131yorum. Fark\u0131nday\u0131m g\u00f6zlerin sonum olacak. Olsun, en \u00e7ok g\u00f6zlerini seviyorum. Ama ne ben sana bunu s\u00f6yleyece\u011fim ne sen bileceksin.\u201d   Herkesin dostlar\u0131ndan, en yak\u0131nlar\u0131ndan bile saklad\u0131\u011f\u0131 arzular\u0131, umutlar\u0131 olabilir.  Evet, bazen insan sadece kendisine ait hayalleri olsun ister, bazen de \u00f6yle s\u0131rlar vard\u0131r ki kimseye anlat\u0131lmaz, kimseyle payla\u015f\u0131lmaz. Bu s\u0131rlar\u0131n a\u00e7\u0131l\u0131p sa\u00e7\u0131lmas\u0131 tam aksine daha fazla ac\u0131 verir, \u00fcst\u00fcne bir de utan\u00e7 eklenir. En yak\u0131n dostumuz da olsa bunlar\u0131 bir ba\u015fkas\u0131n\u0131n bilmesine y\u00fcrek dayanmaz.   Baz\u0131 y\u00fckler vard\u0131r ki \u00e7ok a\u011f\u0131rd\u0131r yine de bu y\u00fck\u00fc yaln\u0131z sahibi ta\u015f\u0131mal\u0131d\u0131r ve insan o y\u00fckle ya\u015famaya al\u0131\u015fmal\u0131d\u0131r. edin.<\/p>\n","protected":false},"excerpt":{"rendered":"<p>G\u00f6k g\u00fcrlemeleri kesildi, ya\u011fmur \u015fiddetini kaybetti, r\u00fczg\u00e2r kulak kabartmak istercesine yava\u015flad\u0131. \u0130stilac\u0131 kara bulutlar hafif\u00e7e araland\u0131. Alt\u0131n sar\u0131s\u0131, keskin ince bir \u0131\u015f\u0131k huzmesi g\u00f6ky\u00fcz\u00fcnden a\u015fa\u011f\u0131 s\u0131zd\u0131,<span class=\"excerpt-hellip\"> [\u2026]<\/span><\/p>\n","protected":false},"featured_media":0,"template":"","meta":{"_monsterinsights_skip_tracking":false,"_monsterinsights_sitenote_active":false,"_monsterinsights_sitenote_note":"","_monsterinsights_sitenote_category":0},"product_brand":[],"product_cat":[12291,12711],"product_tag":[],"class_list":{"0":"post-742139","1":"product","2":"type-product","3":"status-publish","5":"product_cat-edebiyat","6":"product_cat-roman-oyku","7":"pa_cilt-ciltsiz","8":"pa_tur-kitap","9":"pa_yayinevi-perseus","10":"pa_yazar-umit-deger","12":"first","13":"instock","14":"sale","15":"shipping-taxable","16":"purchasable","17":"product-type-simple"},"_links":{"self":[{"href":"https:\/\/roveyayinevi.com.tr\/index.php\/wp-json\/wp\/v2\/product\/742139","targetHints":{"allow":["GET"]}}],"collection":[{"href":"https:\/\/roveyayinevi.com.tr\/index.php\/wp-json\/wp\/v2\/product"}],"about":[{"href":"https:\/\/roveyayinevi.com.tr\/index.php\/wp-json\/wp\/v2\/types\/product"}],"wp:attachment":[{"href":"https:\/\/roveyayinevi.com.tr\/index.php\/wp-json\/wp\/v2\/media?parent=742139"}],"wp:term":[{"taxonomy":"product_brand","embeddable":true,"href":"https:\/\/roveyayinevi.com.tr\/index.php\/wp-json\/wp\/v2\/product_brand?post=742139"},{"taxonomy":"product_cat","embeddable":true,"href":"https:\/\/roveyayinevi.com.tr\/index.php\/wp-json\/wp\/v2\/product_cat?post=742139"},{"taxonomy":"product_tag","embeddable":true,"href":"https:\/\/roveyayinevi.com.tr\/index.php\/wp-json\/wp\/v2\/product_tag?post=742139"}],"curies":[{"name":"wp","href":"https:\/\/api.w.org\/{rel}","templated":true}]}}