{"id":742138,"date":"2025-08-28T01:05:11","date_gmt":"2025-08-27T22:05:11","guid":{"rendered":"https:\/\/roveyayinevi.com.tr\/index.php\/urun\/her-soz-bir-tohum\/"},"modified":"2026-04-08T03:01:29","modified_gmt":"2026-04-08T00:01:29","slug":"her-soz-bir-tohum","status":"publish","type":"product","link":"https:\/\/roveyayinevi.com.tr\/index.php\/urun\/her-soz-bir-tohum\/","title":{"rendered":"Her S\u00f6z Bir Tohum"},"content":{"rendered":"<p>D\u00fc\u015f\u00fcnd\u00fc\u011f\u00fcn\u00fcz ve s\u00f6yledi\u011finiz her s\u00f6z\u00fcn hayat\u0131n\u0131z\u0131n belirleyicisi oldu\u011funun fark\u0131nda m\u0131s\u0131n\u0131z? \u2022 S\u00f6yledi\u011finiz her s\u00f6z bir tohum niteli\u011finde. Siz hayat\u0131n\u0131za hangi tohumlar\u0131 at\u0131yorsunuz? \u2022 Bu kitab\u0131 okurken i\u00e7inde olan her al\u0131\u015ft\u0131rmay\u0131 yaparken, d\u00fc\u015f\u00fcnce d\u00fcnyan\u0131z\u0131 yeniden olu\u015fturacaks\u0131n\u0131z. \u2022 Hayat\u0131n\u0131zda \u00e7\u00f6z\u00fcms\u00fcz oldu\u011funu d\u00fc\u015f\u00fcnd\u00fc\u011f\u00fcn\u00fcz her sorun ve ac\u0131 dolu an\u0131lar\u0131n\u0131z i\u00e7in \u015fifalanman\u0131n ve iyi olma haline ge\u00e7i\u015f yapman\u0131n m\u00fcmk\u00fcn oldu\u011funu g\u00f6receksiniz. \u2022 S\u00f6z\u00fcn ve d\u00fc\u015f\u00fcncenin g\u00fcc\u00fcyle kendinize yeni bir ger\u00e7eklik olu\u015fturmaya haz\u0131r m\u0131s\u0131n\u0131z? Bu yeni yol haritas\u0131 sizin i\u00e7in haz\u0131rland\u0131. \u2022 \u0130\u00e7inizdeki o muhte\u015fem potansiyeli g\u00f6r\u00fcp kabul edin. \u2022 Bu kitapla Yarat\u0131c\u0131&#8217;n\u0131n o sonsuz sevgisini ve esenli\u011fini hayat\u0131n\u0131za kabul edin.<\/p>\n","protected":false},"excerpt":{"rendered":"<p>D\u00fc\u015f\u00fcnd\u00fc\u011f\u00fcn\u00fcz ve s\u00f6yledi\u011finiz her s\u00f6z\u00fcn hayat\u0131n\u0131z\u0131n belirleyicisi oldu\u011funun fark\u0131nda m\u0131s\u0131n\u0131z? \u2022 S\u00f6yledi\u011finiz her s\u00f6z bir tohum niteli\u011finde. Siz hayat\u0131n\u0131za hangi tohumlar\u0131 at\u0131yorsunuz? \u2022 Bu kitab\u0131 okurken<span class=\"excerpt-hellip\"> [\u2026]<\/span><\/p>\n","protected":false},"featured_media":0,"template":"","meta":{"_monsterinsights_skip_tracking":false,"_monsterinsights_sitenote_active":false,"_monsterinsights_sitenote_note":"","_monsterinsights_sitenote_category":0},"product_brand":[],"product_cat":[12364,12376],"product_tag":[],"class_list":{"0":"post-742138","1":"product","2":"type-product","3":"status-publish","5":"product_cat-genel-konular","6":"product_cat-kisisel-gelisim","7":"pa_cilt-ciltsiz","8":"pa_tur-kitap","9":"pa_yayinevi-perseus","10":"pa_yazar-canan-alp","12":"first","13":"instock","14":"sale","15":"shipping-taxable","16":"purchasable","17":"product-type-simple"},"_links":{"self":[{"href":"https:\/\/roveyayinevi.com.tr\/index.php\/wp-json\/wp\/v2\/product\/742138","targetHints":{"allow":["GET"]}}],"collection":[{"href":"https:\/\/roveyayinevi.com.tr\/index.php\/wp-json\/wp\/v2\/product"}],"about":[{"href":"https:\/\/roveyayinevi.com.tr\/index.php\/wp-json\/wp\/v2\/types\/product"}],"wp:attachment":[{"href":"https:\/\/roveyayinevi.com.tr\/index.php\/wp-json\/wp\/v2\/media?parent=742138"}],"wp:term":[{"taxonomy":"product_brand","embeddable":true,"href":"https:\/\/roveyayinevi.com.tr\/index.php\/wp-json\/wp\/v2\/product_brand?post=742138"},{"taxonomy":"product_cat","embeddable":true,"href":"https:\/\/roveyayinevi.com.tr\/index.php\/wp-json\/wp\/v2\/product_cat?post=742138"},{"taxonomy":"product_tag","embeddable":true,"href":"https:\/\/roveyayinevi.com.tr\/index.php\/wp-json\/wp\/v2\/product_tag?post=742138"}],"curies":[{"name":"wp","href":"https:\/\/api.w.org\/{rel}","templated":true}]}}