{"id":742136,"date":"2025-08-28T01:05:08","date_gmt":"2025-08-27T22:05:08","guid":{"rendered":"https:\/\/roveyayinevi.com.tr\/index.php\/urun\/miras-5\/"},"modified":"2026-04-16T02:53:19","modified_gmt":"2026-04-15T23:53:19","slug":"miras-5","status":"publish","type":"product","link":"https:\/\/roveyayinevi.com.tr\/index.php\/urun\/miras-5\/","title":{"rendered":"Miras"},"content":{"rendered":"<p>Kitap Tan\u0131t\u0131m Yaz\u0131s\u0131 : (Arka Kapak) \u201c\u015eark\u0131s\u0131n\u0131 hafif\u00e7e m\u0131r\u0131ldanmaya ba\u015flad\u0131, m\u00fczi\u011fin ritmini iliklerinde hissetti. Bu heyecanl\u0131 dinginli\u011fi beynine ve kalbine kaz\u0131mak istiyordu. \u0130lerde zorland\u0131\u011f\u0131, kendinden emin olmad\u0131\u011f\u0131, yetersizlik veya \u00e7aresizlik duygular\u0131yla bo\u011fu\u015ftu\u011fu zamanlarda g\u00f6zlerini kapay\u0131p bu an\u0131 hat\u0131rlamak isterdi. Engin&#8217;le aras\u0131nda m\u00fcthi\u015f bir ba\u011f vard\u0131. Hi\u00e7 tan\u0131masa da sanki Engin&#8217;in hislerini anl\u0131yordu ama Engin&#8217;den \u00e7ok \u00f6nemli bir fark\u0131 vard\u0131: O yaln\u0131z de\u011fildi.\u201d   \u0130lk T\u00fcrk Netflix Orijinal dizisi Hakan Muhaf\u0131z&#8217;\u0131n Yarat\u0131c\u0131 Yap\u0131mc\u0131l\u0131\u011f\u0131n\u0131 ve Senaristli\u011fini \u00fcstlenen, uluslararas\u0131 pek \u00e7ok dizi projesinde yer alan ve uluslararas\u0131 festivallerden pek \u00e7ok \u00f6d\u00fcl ile d\u00f6nen, Y\u00f6netmen, Senarist ve Yap\u0131mc\u0131 Binnur Karaevli&#8217;den bir miras roman\u0131\u2026   M\u0130RAS gen\u00e7 bir m\u00fczisyenin kendini, ge\u00e7mi\u015fini ve yeteneklerini ke\u015ffetme yolculu\u011funu anlat\u0131yor. Gu\u0308nu\u0308mu\u0308z ile 1978-1981 d\u00f6nemi aras\u0131nda ge\u00e7en hik\u00e2ye, nesiller aras\u0131 \u00e7at\u0131\u015fma, toplumun gen\u00e7ler \u00fczerindeki bask\u0131s\u0131, ailelerin yaratt\u0131\u011f\u0131 duygusal k\u0131s\u0131r d\u00f6ng\u00fclerin k\u0131r\u0131lmas\u0131 gibi temalar\u0131 i\u015flerken a\u015fk ve m\u00fczik \u00f6n plana \u00e7\u0131k\u0131yor.<\/p>\n","protected":false},"excerpt":{"rendered":"<p>Kitap Tan\u0131t\u0131m Yaz\u0131s\u0131 : (Arka Kapak) \u201c\u015eark\u0131s\u0131n\u0131 hafif\u00e7e m\u0131r\u0131ldanmaya ba\u015flad\u0131, m\u00fczi\u011fin ritmini iliklerinde hissetti. Bu heyecanl\u0131 dinginli\u011fi beynine ve kalbine kaz\u0131mak istiyordu. \u0130lerde zorland\u0131\u011f\u0131, kendinden emin<span class=\"excerpt-hellip\"> [\u2026]<\/span><\/p>\n","protected":false},"featured_media":0,"template":"","meta":{"_monsterinsights_skip_tracking":false,"_monsterinsights_sitenote_active":false,"_monsterinsights_sitenote_note":"","_monsterinsights_sitenote_category":0},"product_brand":[],"product_cat":[12291,12711],"product_tag":[],"class_list":{"0":"post-742136","1":"product","2":"type-product","3":"status-publish","5":"product_cat-edebiyat","6":"product_cat-roman-oyku","7":"pa_cilt-ciltsiz","8":"pa_tur-kitap","9":"pa_yayinevi-theseus-yayinevi","10":"pa_yazar-binnur-karaevli","12":"first","13":"instock","14":"sale","15":"shipping-taxable","16":"purchasable","17":"product-type-simple"},"_links":{"self":[{"href":"https:\/\/roveyayinevi.com.tr\/index.php\/wp-json\/wp\/v2\/product\/742136","targetHints":{"allow":["GET"]}}],"collection":[{"href":"https:\/\/roveyayinevi.com.tr\/index.php\/wp-json\/wp\/v2\/product"}],"about":[{"href":"https:\/\/roveyayinevi.com.tr\/index.php\/wp-json\/wp\/v2\/types\/product"}],"wp:attachment":[{"href":"https:\/\/roveyayinevi.com.tr\/index.php\/wp-json\/wp\/v2\/media?parent=742136"}],"wp:term":[{"taxonomy":"product_brand","embeddable":true,"href":"https:\/\/roveyayinevi.com.tr\/index.php\/wp-json\/wp\/v2\/product_brand?post=742136"},{"taxonomy":"product_cat","embeddable":true,"href":"https:\/\/roveyayinevi.com.tr\/index.php\/wp-json\/wp\/v2\/product_cat?post=742136"},{"taxonomy":"product_tag","embeddable":true,"href":"https:\/\/roveyayinevi.com.tr\/index.php\/wp-json\/wp\/v2\/product_tag?post=742136"}],"curies":[{"name":"wp","href":"https:\/\/api.w.org\/{rel}","templated":true}]}}