{"id":742134,"date":"2025-08-28T01:05:05","date_gmt":"2025-08-27T22:05:05","guid":{"rendered":"https:\/\/roveyayinevi.com.tr\/index.php\/urun\/eyvah-dunyalilar\/"},"modified":"2026-04-16T02:53:19","modified_gmt":"2026-04-15T23:53:19","slug":"eyvah-dunyalilar","status":"publish","type":"product","link":"https:\/\/roveyayinevi.com.tr\/index.php\/urun\/eyvah-dunyalilar\/","title":{"rendered":"Eyvah D\u00fcnyal\u0131lar!"},"content":{"rendered":"<p>\u015ea\u015f\u0131rt\u0131c\u0131,komik ve                        heyecan verici. Parla ve ailesinin hayata, D\u00fcnya\u2019ya ve hatta uzayabak\u0131\u015f a\u00e7\u0131s\u0131 \u00f6yle farkl\u0131 ki, kimin uzayl\u0131 kimin d\u00fcnyal\u0131 oldu\u011futam bir muamma. G\u00f6k bilimci bir baba, pul koleksiyoneri birdede ve emekli balerin bir babaanne ile ya\u015fam ne kadars\u0131k\u0131c\u0131 olabilir? \u00dcstelik bu e\u011flenceli atmosfereender rastlanan bir k\u00f6pek t\u00fcr\u00fc de dahil: Astro ve Orbit. Eyvah D\u00fcnyal\u0131lar pes etmemeyi, hayal kurman\u0131ne\u015fsiz g\u00fczelli\u011fini, sevmenin iyile\u015ftirici g\u00fcc\u00fcn\u00fc, an\u0131lar\u0131n k\u0131ymetinive ayr\u0131l\u0131klar\u0131n hayat\u0131n bir par\u00e7as\u0131 oldu\u011funu anlat\u0131yor.Bol \u00f6d\u00fcll\u00fc yazar Koray Avc\u0131 \u00c7akman\u2019\u0131n bu enfes eserini,kimi zaman duygulanarak bazen de g\u00fclerek ve en \u00f6nemlisi,\u201cHayat\u0131n s\u00fcrprizlerine haz\u0131r\u0131m!\u201d diyerek okuyacaks\u0131n\u0131z.S\u0131k\u0131 durun, Eyvah D\u00fcnyal\u0131lar bir k\u00f6pe\u011fi \u015eom\u015fupulusgezegenine g\u00f6ndermek \u00fczere. Ama s\u0131radan bir k\u00f6pe\u011fi de\u011fil Parla\u2019n\u0131n k\u00f6pe\u011fini&#8230;<\/p>\n","protected":false},"excerpt":{"rendered":"<p>\u015ea\u015f\u0131rt\u0131c\u0131,komik ve heyecan verici. Parla ve ailesinin hayata, D\u00fcnya\u2019ya ve hatta uzayabak\u0131\u015f a\u00e7\u0131s\u0131 \u00f6yle farkl\u0131 ki, kimin uzayl\u0131 kimin d\u00fcnyal\u0131 oldu\u011futam bir muamma. G\u00f6k bilimci bir<span class=\"excerpt-hellip\"> [\u2026]<\/span><\/p>\n","protected":false},"featured_media":0,"template":"","meta":{"_monsterinsights_skip_tracking":false,"_monsterinsights_sitenote_active":false,"_monsterinsights_sitenote_note":"","_monsterinsights_sitenote_category":0},"product_brand":[],"product_cat":[12274,12284],"product_tag":[],"class_list":{"0":"post-742134","1":"product","2":"type-product","3":"status-publish","5":"product_cat-cocuk-ve-genclik-kitaplari","6":"product_cat-hikayeler","7":"pa_cilt-ciltsiz","8":"pa_tur-kitap","9":"pa_yayinevi-masalperest","10":"pa_yazar-koray-avci-cakman","12":"first","13":"instock","14":"sale","15":"shipping-taxable","16":"purchasable","17":"product-type-simple"},"_links":{"self":[{"href":"https:\/\/roveyayinevi.com.tr\/index.php\/wp-json\/wp\/v2\/product\/742134","targetHints":{"allow":["GET"]}}],"collection":[{"href":"https:\/\/roveyayinevi.com.tr\/index.php\/wp-json\/wp\/v2\/product"}],"about":[{"href":"https:\/\/roveyayinevi.com.tr\/index.php\/wp-json\/wp\/v2\/types\/product"}],"wp:attachment":[{"href":"https:\/\/roveyayinevi.com.tr\/index.php\/wp-json\/wp\/v2\/media?parent=742134"}],"wp:term":[{"taxonomy":"product_brand","embeddable":true,"href":"https:\/\/roveyayinevi.com.tr\/index.php\/wp-json\/wp\/v2\/product_brand?post=742134"},{"taxonomy":"product_cat","embeddable":true,"href":"https:\/\/roveyayinevi.com.tr\/index.php\/wp-json\/wp\/v2\/product_cat?post=742134"},{"taxonomy":"product_tag","embeddable":true,"href":"https:\/\/roveyayinevi.com.tr\/index.php\/wp-json\/wp\/v2\/product_tag?post=742134"}],"curies":[{"name":"wp","href":"https:\/\/api.w.org\/{rel}","templated":true}]}}