{"id":742131,"date":"2025-08-28T01:05:01","date_gmt":"2025-08-27T22:05:01","guid":{"rendered":"https:\/\/roveyayinevi.com.tr\/index.php\/urun\/daisy-jones-ve-the-six\/"},"modified":"2026-04-05T02:58:34","modified_gmt":"2026-04-04T23:58:34","slug":"daisy-jones-ve-the-six","status":"publish","type":"product","link":"https:\/\/roveyayinevi.com.tr\/index.php\/urun\/daisy-jones-ve-the-six\/","title":{"rendered":"Daisy Jones ve The Six"},"content":{"rendered":"<p>GOODREADS OKURLARINA G\u00d6RE 2019\u2019UN EN \u0130Y\u0130 TAR\u0130H\u0130 ROMANI   Kimileri r\u00fcyalar\u0131n\u0131n pe\u015fine d\u00fc\u015fer, kimileri de k\u00e2buslar\u0131n\u0131n.   60\u2019l\u0131 y\u0131llar\u0131n sonunda hen\u00fcz gen\u00e7 bir k\u0131zken en pop\u00fcler kul\u00fcplerin aranan ismi, en \u00fcnl\u00fc rock y\u0131ld\u0131zlar\u0131n\u0131n sevgilisi, partilerin ne\u015fesi h\u00e2line gelen Daisy Jones\u2019un d\u00fcnyaya hayk\u0131rmak istedi\u011fi \u015feyler vard\u0131. Listelerin zirvesine oynayan The Six ise, \u00fcst\u00fcndeki sorumluluklar\u0131n ve aniden gelen ba\u015far\u0131n\u0131n y\u00fck\u00fcne dayanamayan solistleri Billy Dunne\u2019\u0131n turnede \u00e7\u0131ld\u0131rmas\u0131yla taze kan aray\u0131\u015f\u0131ndayd\u0131. Bu ikilinin birle\u015fmesiyle bir efsanenin do\u011fmas\u0131 ka\u00e7\u0131n\u0131lmazd\u0131.   Daisy \u00e7\u0131plak ayaklar\u0131yla sahneye \u00e7\u0131kt\u0131\u011f\u0131 an yer yerinden oynad\u0131. M\u00fczikleri \u00e7a\u011fa damga vurdu. Alb\u00fcmleri her yerde \u00e7al\u0131yordu. Turnede nereye gitseler biletleri yok sat\u0131yordu. Ta ki o son konsere kadar.   Ayr\u0131l\u0131klar\u0131n\u0131n ard\u0131ndaki s\u0131r neydi?   \u2022  Washington Post   \u2022 Esquire   \u2022 Glamour   \u2022 Real Simple   \u2022 Good Housekeeping \u2022 Marie Claire   \u2022 Parade   \u2022 Paste   \u2022 Shelf Awareness   \u2022 BookRiot\u2019a g\u00f6re YILIN EN \u0130Y\u0130 K\u0130TAPLARINDAN B\u0130R\u0130   2020 Glass Bell \u00d6d\u00fcl\u00fc Kazanan\u0131, SUNDAY TIMES ve NEW YORK TIMES \u00c7oksatan\u0131, Daily Mirror\u2019a g\u00f6re  2019\u2019un En \u0130yi Kurgusu, Daily Express\u2019e g\u00f6re  2019\u2019un En \u0130yi Kitab\u0131   \u201cDaisy Jones ve The Six\u2019i bir oturu\u015fta okudum. 70\u2019lerin m\u00fczik d\u00fcnyas\u0131na do\u011fru unutulmaz bir yolculuktu.\u201d \u2014REESE WITHERSPOON   \u201cTaylor Jenkins Reid, unutulmaz karakterleri ve duygusal hik\u00e2yeleriyle muhte\u015fem bir yazar.\u201d \u2014EMILY GRIFFIN   \u201cDaisy Jones ve The Six bir mar\u015f, bir balad ve bir mucize.\u201d \u2014ELIN HILDERBRAND   \u201cSanki \u00e7ok \u00fcnl\u00fc bir grubun biyografisini okuyormu\u015f gibi hissedeceksiniz.\u201d \u2014Publishers Weekly (starred review)   \u201c\u00c7ok katmanl\u0131 karakterlerin ya\u015fad\u0131\u011f\u0131 duygusal ge\u00e7i\u015fleri bu denli yak\u0131ndan okumak akl\u0131n\u0131z\u0131 ba\u015f\u0131n\u0131zdan alacak.\u201d \u2014Booklist (starred review)   \u201cDaisy Jones ve The Six o kadar ger\u00e7ek\u00e7i ki kendime s\u00fcrekli bunun bir kurgu oldu\u011funu hat\u0131rlatmam gerekti.\u201d \u2014JILL SANTOPOLO   \u201cDaha ilk sayfadan bu kitab\u0131n ne kadar \u00f6zel oldu\u011funu anlayacaks\u0131n\u0131z.\u201d \u2014KATHERINE CENTER   \u201c70\u2019lerin m\u00fczik piyasas\u0131na do\u011frudan bir bak\u0131\u015f.\u201d \u2014ALI LAND   \u201cBir hafta sonumu bu kitab\u0131n sayfalar\u0131 aras\u0131nda kaybettim.\u201d \u2014ERIN KELLY   \u201c\u0130yi bir g\u00f6zlem ve hassas bir anlat\u0131m sayesinde m\u00fckemmel bir okuma keyfi.\u201d \u2014WILL GOMPERTZ   \u201cHem a\u015fk hik\u00e2yesi, hem bir rock grubunun i\u015fleyi\u015fine ger\u00e7ek\u00e7i bir bak\u0131\u015f hem de bir d\u00f6nemin m\u00fczik piyasas\u0131na dair nokta at\u0131\u015f\u0131 sahneler sunan \u00e7ok katmanl\u0131 bir roman.\u201d \u2014CECILIA AHERN   \u201cK\u0131rk y\u0131lda bir elinize \u00f6yle bir kitap ge\u00e7er ki \u00e7evrenizdeki herkese okumalar\u0131 i\u00e7in \u0131srar edersiniz. Bu kitab\u0131n her bir kelimesine bay\u0131ld\u0131m.\u201d \u2014PAUL REES   \u201cSeks, uyu\u015fturucu ve rock\u2019n\u2019roll mu? Tabii ki var. Fakat as\u0131l hik\u00e2ye, ba\u015fkas\u0131n\u0131n ilham perisi olmay\u0131 reddeden Daisy\u2019nin g\u00fcc\u00fcnde yat\u0131yor.\u201d \u2014HEPHZIBAH ANDERSON   \u201cBa\u011f\u0131ml\u0131l\u0131k yaratan bir Netflix belgeseli izlemek gibi\u2026 tamamen kurgusal olu\u015funu bir kenara b\u0131rak\u0131rsak tabii.\u201d \u2014Emerald Street   \u201cKarakterler sayfalardan size uzan\u0131p hik\u00e2yeleriyle ba\u015f\u0131n\u0131z\u0131 d\u00f6nd\u00fcrecek ve kendinizi ger\u00e7ek olmalar\u0131n\u0131 dilerken bulacaks\u0131n\u0131z.\u201d \u2014Heat   \u201cKe\u015fke alb\u00fcmleri dinleyebilsem, konser videolar\u0131n\u0131 izleyebilsem ve en vah\u015fi anlar\u0131n\u0131n foto\u011fraflar\u0131n\u0131 g\u00f6rebilsem diye internetin alt\u0131n\u0131 \u00fcst\u00fcne getireceksiniz.\u201d \u2014HelloGiggles   \u201c70\u2019lerin ikonik rock gruplar\u0131na ait t\u00fcm ger\u00e7eklerin k\u00e2\u011f\u0131da d\u00f6k\u00fcld\u00fc\u011f\u00fcn\u00fc d\u00fc\u015f\u00fcn\u00fcn.\u201d \u2014New York Times <\/p>\n","protected":false},"excerpt":{"rendered":"<p>GOODREADS OKURLARINA G\u00d6RE 2019\u2019UN EN \u0130Y\u0130 TAR\u0130H\u0130 ROMANI Kimileri r\u00fcyalar\u0131n\u0131n pe\u015fine d\u00fc\u015fer, kimileri de k\u00e2buslar\u0131n\u0131n. 60\u2019l\u0131 y\u0131llar\u0131n sonunda hen\u00fcz gen\u00e7 bir k\u0131zken en pop\u00fcler kul\u00fcplerin aranan<span class=\"excerpt-hellip\"> [\u2026]<\/span><\/p>\n","protected":false},"featured_media":0,"template":"","meta":{"_monsterinsights_skip_tracking":false,"_monsterinsights_sitenote_active":false,"_monsterinsights_sitenote_note":"","_monsterinsights_sitenote_category":0},"product_brand":[],"product_cat":[12291,12711],"product_tag":[],"class_list":{"0":"post-742131","1":"product","2":"type-product","3":"status-publish","5":"product_cat-edebiyat","6":"product_cat-roman-oyku","7":"pa_cilt-ciltsiz","8":"pa_tur-kitap","9":"pa_yayinevi-yabanci-yayinevi","10":"pa_yazar-taylor-jenkins-reid","12":"first","13":"instock","14":"sale","15":"shipping-taxable","16":"purchasable","17":"product-type-simple"},"_links":{"self":[{"href":"https:\/\/roveyayinevi.com.tr\/index.php\/wp-json\/wp\/v2\/product\/742131","targetHints":{"allow":["GET"]}}],"collection":[{"href":"https:\/\/roveyayinevi.com.tr\/index.php\/wp-json\/wp\/v2\/product"}],"about":[{"href":"https:\/\/roveyayinevi.com.tr\/index.php\/wp-json\/wp\/v2\/types\/product"}],"wp:attachment":[{"href":"https:\/\/roveyayinevi.com.tr\/index.php\/wp-json\/wp\/v2\/media?parent=742131"}],"wp:term":[{"taxonomy":"product_brand","embeddable":true,"href":"https:\/\/roveyayinevi.com.tr\/index.php\/wp-json\/wp\/v2\/product_brand?post=742131"},{"taxonomy":"product_cat","embeddable":true,"href":"https:\/\/roveyayinevi.com.tr\/index.php\/wp-json\/wp\/v2\/product_cat?post=742131"},{"taxonomy":"product_tag","embeddable":true,"href":"https:\/\/roveyayinevi.com.tr\/index.php\/wp-json\/wp\/v2\/product_tag?post=742131"}],"curies":[{"name":"wp","href":"https:\/\/api.w.org\/{rel}","templated":true}]}}