{"id":742127,"date":"2025-08-28T01:04:55","date_gmt":"2025-08-27T22:04:55","guid":{"rendered":"https:\/\/roveyayinevi.com.tr\/index.php\/urun\/yoko\/"},"modified":"2026-04-16T02:53:19","modified_gmt":"2026-04-15T23:53:19","slug":"yoko","status":"publish","type":"product","link":"https:\/\/roveyayinevi.com.tr\/index.php\/urun\/yoko\/","title":{"rendered":"Yoko"},"content":{"rendered":"<p>Bir g\u00fcn yolunuz tatil i\u00e7in Greyfurt kasabas\u0131na d\u00fc\u015ferse yapman\u0131z gereken \u015feyler vard\u0131r: g\u00fcne\u015fin alt\u0131nda sere serpe uzanmak, denizin tad\u0131n\u0131 \u00e7\u0131karmak, s\u00f6rf yapmak, panay\u0131ra gitmek\u2026 tabii bir de Me\u015fepalamudu Sokak, 22 numaradaki Uskumru M\u00fczik\u2019e u\u011framak. Burada sizi d\u00fckk\u00e2n\u0131n sahibi Uskumru kar\u015f\u0131layacakt\u0131r, bir de muhtemelen The Beatles \u015fark\u0131lar\u0131.   M\u00fczi\u011fin keyfini \u00e7\u0131karan m\u00fczisyenler, kapanma tehlikesiyle kar\u015f\u0131 kar\u015f\u0131ya bir plak d\u00fckk\u00e2n\u0131, siyah lotuslar, insana d\u00f6n\u00fc\u015fen kediler, idealleri pe\u015finde ko\u015fanlar, hayal k\u0131r\u0131kl\u0131\u011f\u0131na u\u011frayanlar\u2026 Bunlar\u0131n hepsi Zeynep Alpaslan\u2019\u0131n gen\u00e7lik roman\u0131 Yoko\u2019da okurlar\u0131 bekliyor.\u201c\u2018Nedir bu?\u2019 diye sordu Uskumru, ellerinin aras\u0131ndaki siyah \u00e7i\u00e7e\u011fe bakarak. \u00c7i\u00e7ek bir greyfurt kadar iriydi, gece kadar parlakt\u0131 ve \u00e7ok g\u00fczel kokuyordu. Bir \u00e7i\u00e7ekten \u00e7ok, d\u00fcnya d\u0131\u015f\u0131 bir yarat\u0131\u011fa benziyordu. \u2018Siyah lotus,\u2019 dedi Madam Mistik. \u2018Dertlerinin derman\u0131. Bu gece dolunay var, bu senin \u015fans\u0131n. Onu gece yatmadan \u00f6nce yast\u0131\u011f\u0131n\u0131n alt\u0131na koy. Sabah uyand\u0131\u011f\u0131nda b\u00fct\u00fcn sorunlar\u0131n \u00e7\u00f6z\u00fclm\u00fc\u015f olacak!\u2019\u201d   <\/p>\n","protected":false},"excerpt":{"rendered":"<p>Bir g\u00fcn yolunuz tatil i\u00e7in Greyfurt kasabas\u0131na d\u00fc\u015ferse yapman\u0131z gereken \u015feyler vard\u0131r: g\u00fcne\u015fin alt\u0131nda sere serpe uzanmak, denizin tad\u0131n\u0131 \u00e7\u0131karmak, s\u00f6rf yapmak, panay\u0131ra gitmek\u2026 tabii bir<span class=\"excerpt-hellip\"> [\u2026]<\/span><\/p>\n","protected":false},"featured_media":0,"template":"","meta":{"_monsterinsights_skip_tracking":false,"_monsterinsights_sitenote_active":false,"_monsterinsights_sitenote_note":"","_monsterinsights_sitenote_category":0},"product_brand":[],"product_cat":[12291,14777],"product_tag":[],"class_list":{"0":"post-742127","1":"product","2":"type-product","3":"status-publish","5":"product_cat-edebiyat","6":"product_cat-fantastik","7":"pa_cilt-ciltsiz","8":"pa_tur-kitap","9":"pa_yayinevi-ithaki-yayinlari","10":"pa_yazar-zeynep-alpaslan","12":"first","13":"instock","14":"sale","15":"shipping-taxable","16":"purchasable","17":"product-type-simple"},"_links":{"self":[{"href":"https:\/\/roveyayinevi.com.tr\/index.php\/wp-json\/wp\/v2\/product\/742127","targetHints":{"allow":["GET"]}}],"collection":[{"href":"https:\/\/roveyayinevi.com.tr\/index.php\/wp-json\/wp\/v2\/product"}],"about":[{"href":"https:\/\/roveyayinevi.com.tr\/index.php\/wp-json\/wp\/v2\/types\/product"}],"wp:attachment":[{"href":"https:\/\/roveyayinevi.com.tr\/index.php\/wp-json\/wp\/v2\/media?parent=742127"}],"wp:term":[{"taxonomy":"product_brand","embeddable":true,"href":"https:\/\/roveyayinevi.com.tr\/index.php\/wp-json\/wp\/v2\/product_brand?post=742127"},{"taxonomy":"product_cat","embeddable":true,"href":"https:\/\/roveyayinevi.com.tr\/index.php\/wp-json\/wp\/v2\/product_cat?post=742127"},{"taxonomy":"product_tag","embeddable":true,"href":"https:\/\/roveyayinevi.com.tr\/index.php\/wp-json\/wp\/v2\/product_tag?post=742127"}],"curies":[{"name":"wp","href":"https:\/\/api.w.org\/{rel}","templated":true}]}}