{"id":742126,"date":"2025-08-28T01:04:54","date_gmt":"2025-08-27T22:04:54","guid":{"rendered":"https:\/\/roveyayinevi.com.tr\/index.php\/urun\/avucumda-soguk-elin\/"},"modified":"2026-04-16T02:53:19","modified_gmt":"2026-04-15T23:53:19","slug":"avucumda-soguk-elin","status":"publish","type":"product","link":"https:\/\/roveyayinevi.com.tr\/index.php\/urun\/avucumda-soguk-elin\/","title":{"rendered":"Avucumda So\u011fuk Elin"},"content":{"rendered":"<p>\u201cAickman\u2019\u0131 okumak bir sihirbaz\u0131 izlemek gibi. Genellikle numaras\u0131n\u0131n s\u0131rr\u0131 hakk\u0131nda pek bir fikrim bile olmuyor ama o kadar g\u00fczel yap\u0131yor ki.\u201d \u2013Neil Gaiman\u00c7a\u011fda\u015f korku edebiyat\u0131n\u0131n tuhaf kurgu alan\u0131nda \u00f6ne \u00e7\u0131kan isimlerden biri olan, kendi tercih etti\u011fi tabirle \u201cgarip \u00f6yk\u00fcler\u201d kaleme alan Robert Aickman, do\u011frudan deh\u015fet verici eserler yazmak yerine sat\u0131r aras\u0131na gizledi\u011fi tekinsizliklerle kendine has bir korku \u00f6yk\u00fcs\u00fc t\u00fcr\u00fc olu\u015fturmu\u015f ve g\u00fcn\u00fcm\u00fcz\u00fcn bir\u00e7ok yazar\u0131na da ilham vermi\u015f bir yazar. 1975\u2019te yay\u0131mlanan Avucumda So\u011fuk Elin ise Aickman\u2019\u0131n bu y\u00f6n\u00fcn\u00fc en \u00e7ok yans\u0131tt\u0131\u011f\u0131 kitaplar\u0131ndan biri.   Sekiz garip \u00f6yk\u00fcn\u00fcn bir araya geldi\u011fi bu kitapta, hayaletli mek\u00e2nlar, aristokrat kahramanlar gibi bir\u00e7ok al\u0131\u015f\u0131ld\u0131k korku unsurunun Aickman\u2019\u0131n ikircikli \u00fcslubuyla nas\u0131l d\u00f6n\u00fc\u015f\u00fcme u\u011frad\u0131\u011f\u0131n\u0131 ve klasik bir vampir hik\u00e2yesi anlat\u0131rken kendi \u00fcslubunda da de\u011fi\u015fiklik yapan Aickman\u2019\u0131n ustal\u0131\u011f\u0131n\u0131n farkl\u0131 ve\u00e7helerini g\u00f6rmek m\u00fcmk\u00fcn.   \u00c7o\u011fumuz iki insan\u0131zd\u0131r. Sadece tek bir ki\u015fi olan kimsede bir eksiklik vard\u0131r.   <\/p>\n","protected":false},"excerpt":{"rendered":"<p>\u201cAickman\u2019\u0131 okumak bir sihirbaz\u0131 izlemek gibi. Genellikle numaras\u0131n\u0131n s\u0131rr\u0131 hakk\u0131nda pek bir fikrim bile olmuyor ama o kadar g\u00fczel yap\u0131yor ki.\u201d \u2013Neil Gaiman\u00c7a\u011fda\u015f korku edebiyat\u0131n\u0131n tuhaf<span class=\"excerpt-hellip\"> [\u2026]<\/span><\/p>\n","protected":false},"featured_media":0,"template":"","meta":{"_monsterinsights_skip_tracking":false,"_monsterinsights_sitenote_active":false,"_monsterinsights_sitenote_note":"","_monsterinsights_sitenote_category":0},"product_brand":[],"product_cat":[12291,17033],"product_tag":[],"class_list":{"0":"post-742126","1":"product","2":"type-product","3":"status-publish","5":"product_cat-edebiyat","6":"product_cat-korku-gerilim","7":"pa_cilt-ciltsiz","8":"pa_tur-kitap","9":"pa_yayinevi-ithaki-yayinlari","10":"pa_yazar-robert-aickman","12":"first","13":"instock","14":"sale","15":"shipping-taxable","16":"purchasable","17":"product-type-simple"},"_links":{"self":[{"href":"https:\/\/roveyayinevi.com.tr\/index.php\/wp-json\/wp\/v2\/product\/742126","targetHints":{"allow":["GET"]}}],"collection":[{"href":"https:\/\/roveyayinevi.com.tr\/index.php\/wp-json\/wp\/v2\/product"}],"about":[{"href":"https:\/\/roveyayinevi.com.tr\/index.php\/wp-json\/wp\/v2\/types\/product"}],"wp:attachment":[{"href":"https:\/\/roveyayinevi.com.tr\/index.php\/wp-json\/wp\/v2\/media?parent=742126"}],"wp:term":[{"taxonomy":"product_brand","embeddable":true,"href":"https:\/\/roveyayinevi.com.tr\/index.php\/wp-json\/wp\/v2\/product_brand?post=742126"},{"taxonomy":"product_cat","embeddable":true,"href":"https:\/\/roveyayinevi.com.tr\/index.php\/wp-json\/wp\/v2\/product_cat?post=742126"},{"taxonomy":"product_tag","embeddable":true,"href":"https:\/\/roveyayinevi.com.tr\/index.php\/wp-json\/wp\/v2\/product_tag?post=742126"}],"curies":[{"name":"wp","href":"https:\/\/api.w.org\/{rel}","templated":true}]}}