{"id":742125,"date":"2025-08-28T01:04:52","date_gmt":"2025-08-27T22:04:52","guid":{"rendered":"https:\/\/roveyayinevi.com.tr\/index.php\/urun\/kvaidan-tuhaf-seylere-dair-oykuler-ve-incelemeler\/"},"modified":"2026-04-16T02:53:19","modified_gmt":"2026-04-15T23:53:19","slug":"kvaidan-tuhaf-seylere-dair-oykuler-ve-incelemeler","status":"publish","type":"product","link":"https:\/\/roveyayinevi.com.tr\/index.php\/urun\/kvaidan-tuhaf-seylere-dair-oykuler-ve-incelemeler\/","title":{"rendered":"Kvaidan: Tuhaf \u015eeylere Dair \u00d6yk\u00fcler ve \u0130ncelemeler"},"content":{"rendered":"<p>\u201cBu gece ben gider gitmez verandada oturup beklemelisin. Seni \u00e7a\u011f\u0131racaklard\u0131r. Ama ne olursa olsun cevap verme ve hareket etme. Hi\u00e7bir \u015fey s\u00f6yleme, k\u0131p\u0131rdamadan otur\u2026 K\u0131p\u0131rdan\u0131r ya da en ufak bir ses \u00e7\u0131kar\u0131rsan seni par\u00e7alara b\u00f6lerler.\u201d    Yunanistan\u2019da do\u011fan ve daha sonra Japonya\u2019ya yerle\u015fip bir samuray\u0131n k\u0131z\u0131yla evlenen Lafcadio Hearn orada Yakumo Koizumi ad\u0131n\u0131 alarak Japon vatanda\u015f\u0131 oldu. Japon tarihindeki eski yaz\u0131lar\u0131 ve halk hik\u00e2yelerini inceleyerek bunlar\u0131 Japonya hakk\u0131nda s\u0131n\u0131rl\u0131 bilgiye sahip Bat\u0131 toplumlar\u0131na tan\u0131tmay\u0131 ama\u00e7 edindi ve eserleriyle \u00fclkede b\u00fcy\u00fck sayg\u0131 kazand\u0131.   1964\u2019te \u00fcnl\u00fc Japon y\u00f6netmen Masaki Kobaya\u015fi\u2019nin Oscar aday\u0131 filmi Kaidan\u2019a da esin veren Kvaidan: Tuhaf \u015eeylere Dair \u00d6yk\u00fcler ve \u0130ncelemeler\u2019de \u00f6l\u00fclere m\u00fczik yapmaya zorlanan k\u00f6r bir m\u00fczisyen, gezginlere musallat olan cinler, y\u00fcz\u00fc olmayan hayaletler, \u00f6l\u00fcmden d\u00f6nen samuraylar, insan yiyen goblinler ve di\u011fer bir\u00e7ok Japon efsanesi, miti ve halk hik\u00e2yesini Hearn kendine has \u00fcslubuyla anlat\u0131yor.   <\/p>\n","protected":false},"excerpt":{"rendered":"<p>\u201cBu gece ben gider gitmez verandada oturup beklemelisin. Seni \u00e7a\u011f\u0131racaklard\u0131r. Ama ne olursa olsun cevap verme ve hareket etme. Hi\u00e7bir \u015fey s\u00f6yleme, k\u0131p\u0131rdamadan otur\u2026 K\u0131p\u0131rdan\u0131r ya<span class=\"excerpt-hellip\"> [\u2026]<\/span><\/p>\n","protected":false},"featured_media":0,"template":"","meta":{"_monsterinsights_skip_tracking":false,"_monsterinsights_sitenote_active":false,"_monsterinsights_sitenote_note":"","_monsterinsights_sitenote_category":0},"product_brand":[],"product_cat":[12291,12711],"product_tag":[],"class_list":{"0":"post-742125","1":"product","2":"type-product","3":"status-publish","5":"product_cat-edebiyat","6":"product_cat-roman-oyku","7":"pa_cilt-ciltsiz","8":"pa_tur-kitap","9":"pa_yayinevi-ithaki-yayinlari","10":"pa_yazar-lafcadio-hearn","12":"first","13":"instock","14":"sale","15":"shipping-taxable","16":"purchasable","17":"product-type-simple"},"_links":{"self":[{"href":"https:\/\/roveyayinevi.com.tr\/index.php\/wp-json\/wp\/v2\/product\/742125","targetHints":{"allow":["GET"]}}],"collection":[{"href":"https:\/\/roveyayinevi.com.tr\/index.php\/wp-json\/wp\/v2\/product"}],"about":[{"href":"https:\/\/roveyayinevi.com.tr\/index.php\/wp-json\/wp\/v2\/types\/product"}],"wp:attachment":[{"href":"https:\/\/roveyayinevi.com.tr\/index.php\/wp-json\/wp\/v2\/media?parent=742125"}],"wp:term":[{"taxonomy":"product_brand","embeddable":true,"href":"https:\/\/roveyayinevi.com.tr\/index.php\/wp-json\/wp\/v2\/product_brand?post=742125"},{"taxonomy":"product_cat","embeddable":true,"href":"https:\/\/roveyayinevi.com.tr\/index.php\/wp-json\/wp\/v2\/product_cat?post=742125"},{"taxonomy":"product_tag","embeddable":true,"href":"https:\/\/roveyayinevi.com.tr\/index.php\/wp-json\/wp\/v2\/product_tag?post=742125"}],"curies":[{"name":"wp","href":"https:\/\/api.w.org\/{rel}","templated":true}]}}