{"id":742122,"date":"2025-08-28T01:04:49","date_gmt":"2025-08-27T22:04:49","guid":{"rendered":"https:\/\/roveyayinevi.com.tr\/index.php\/urun\/vajinismus-ve-disparoni\/"},"modified":"2026-04-16T02:53:19","modified_gmt":"2026-04-15T23:53:19","slug":"vajinismus-ve-disparoni","status":"publish","type":"product","link":"https:\/\/roveyayinevi.com.tr\/index.php\/urun\/vajinismus-ve-disparoni\/","title":{"rendered":"Vajinismus Ve Disparoni"},"content":{"rendered":"<p>VAJ\u0130N\u0130SMUS K\u00c2BUSUNUZ OLMASIN! Vajinismus ve Disparoni (Genito-Pelvik A\u011fr\u0131 ve Penetrasyon Bozuklu\u011fu) \u00e7ok say\u0131da kad\u0131n\u0131n cinselli\u011fi ya\u015famas\u0131n\u0131 engeller ve \u00e7iftlerin ili\u015fkilerini alt\u00fcst eder. Ancak \u00e7o\u011fu kad\u0131n ne ya\u015fad\u0131\u011f\u0131n\u0131, bundan nas\u0131l kurtulaca\u011f\u0131n\u0131 ya da nereden ba\u015flayaca\u011f\u0131n\u0131 bilmeden kendini \u00e7aresizli\u011fe mahk\u00fbm eder. Ger\u00e7ek bir vajinismus vakas\u0131n\u0131n, uzun y\u0131llard\u0131r biriktirdi\u011fim bilgi ve deneyimlerim sonucunda geli\u015ftirdi\u011fim \u201cMetaSeks Cinsel Terapi Yakla\u015f\u0131m\u0131\u201d ile iyile\u015fme s\u00fcrecini her ayr\u0131nt\u0131s\u0131yla anlatt\u0131\u011f\u0131m\u0131z bu kitap, cinsel ya\u015famlar\u0131 k\u00e2busa d\u00f6nen \u00e7iftlere ve onlara yard\u0131mc\u0131 olacak cinsel terapistlere, hekimlere ve ruh sa\u011fl\u0131\u011f\u0131 profesyonellerine ad\u0131m ad\u0131m yard\u0131m edecek bir rehberdir. Psikoterapist &amp; Yazar &amp; E\u011fitmen Cem KE\u00c7E www.cemkece.com.tr   VAJ\u0130N\u0130SMUS SORUNUNA KANITA DAYALI KES\u0130N \u00c7\u00d6Z\u00dcMLER\u2026 Kad\u0131nlarda \u00e7ok yayg\u0131n olan cinsel i\u015flev bozukluklar\u0131n\u0131n ba\u015f\u0131nda gelen vajinismus ve disparoninin tan\u0131, de\u011ferlendirme ve iyile\u015fme s\u00fcrecinin anlat\u0131ld\u0131\u011f\u0131, cinsel terapi e\u011fitimlerimizde de ders kitab\u0131 olarak kulland\u0131\u011f\u0131m\u0131z bu \u00f6nemli kaynak, hem dan\u0131\u015fanlara sa\u011fl\u0131kl\u0131 bir cinsel ya\u015fam i\u00e7in rehberlik edecek hem de dan\u0131\u015fanlar\u0131n\u0131n cinsel sorunlar\u0131na etkili ve kal\u0131c\u0131 \u00e7\u00f6z\u00fcmler sa\u011flamak i\u00e7in bu alanda \u00e7al\u0131\u015fan uzmanlar\u0131n vazge\u00e7emeyece\u011fi bir el kitab\u0131 olacakt\u0131r. Uluslararas\u0131 Entegratif Kognitif Psikoterapi Enstit\u00fcs\u00fc (IICPI) www.iicpi.org   METASEKS C\u0130NSEL TERAP\u0130 YAKLA\u015eIMI VAJ\u0130N\u0130SMUSA SON VER\u0130YOR! \u00c7\u00f6p kutusuna bir arada at\u0131lm\u0131\u015f \u00e7e\u015fitli hastal\u0131klardan olu\u015fan vajinismus, t\u0131pk\u0131 deprem gibidir, onu anlamal\u0131 ve felsefesine sayg\u0131 duyulmal\u0131d\u0131r. Ki\u015finin kendisinin umutsuz oldu\u011funa y\u00fcrekten inanmas\u0131 durumu olan vajinismus t\u0131pk\u0131 a\u015fk gibidir, tam olarak tan\u0131mlanamasa da \u00e7aresizlikle ya\u015fan\u0131r. Vajinismusu olanlar iki y\u00f6nden talihsizdir. Sadece fiziksel bir hastal\u0131\u011fa sahip olmakla kalmay\u0131p bu konuda a\u015f\u0131r\u0131 kayg\u0131, saplant\u0131 ve k\u00f6t\u00fcmserlik i\u00e7ine g\u00f6m\u00fclm\u00fc\u015flerdir. Vajinismus kad\u0131nlar\u0131n korkulu r\u00fcyas\u0131d\u0131r. Bu korkulu r\u00fcyadan kad\u0131nlar\u0131 uyand\u0131rmaya kendini adam\u0131\u015f olan Psikoterapist Cem Ke\u00e7e\u2019nin kendine \u00f6zg\u00fc \u201cMetaSeks Cinsel Terapi Yakla\u015f\u0131m\u0131\u201d ile vajinismusa h\u0131zl\u0131 ve kal\u0131c\u0131 \u00e7\u00f6z\u00fcmler getiren cinsel terapi s\u00fcrecini ger\u00e7ek bir vaka \u00fczerinden ad\u0131m ad\u0131m anlatan bu kitap dan\u0131\u015fanlar ve cinsel terapistler i\u00e7in g\u00fcvenilir bir uygulama k\u0131lavuzu olacakt\u0131r. Cinsel Sa\u011fl\u0131k Dernekleri Federasyonu (C\u0130SEF) www.cisef.org.tr <\/p>\n","protected":false},"excerpt":{"rendered":"<p>VAJ\u0130N\u0130SMUS K\u00c2BUSUNUZ OLMASIN! Vajinismus ve Disparoni (Genito-Pelvik A\u011fr\u0131 ve Penetrasyon Bozuklu\u011fu) \u00e7ok say\u0131da kad\u0131n\u0131n cinselli\u011fi ya\u015famas\u0131n\u0131 engeller ve \u00e7iftlerin ili\u015fkilerini alt\u00fcst eder. Ancak \u00e7o\u011fu kad\u0131n ne<span class=\"excerpt-hellip\"> [\u2026]<\/span><\/p>\n","protected":false},"featured_media":0,"template":"","meta":{"_monsterinsights_skip_tracking":false,"_monsterinsights_sitenote_active":false,"_monsterinsights_sitenote_note":"","_monsterinsights_sitenote_category":0},"product_brand":[],"product_cat":[12358,12357],"product_tag":[],"class_list":{"0":"post-742122","1":"product","2":"type-product","3":"status-publish","5":"product_cat-genel-psikoloji","6":"product_cat-psikoloji","7":"pa_cilt-ciltsiz","8":"pa_tur-kitap","9":"pa_yayinevi-pusula-yayinevi-ankara","10":"pa_yazar-pusula-yayinevi-kolektif","12":"first","13":"instock","14":"sale","15":"shipping-taxable","16":"purchasable","17":"product-type-simple"},"_links":{"self":[{"href":"https:\/\/roveyayinevi.com.tr\/index.php\/wp-json\/wp\/v2\/product\/742122","targetHints":{"allow":["GET"]}}],"collection":[{"href":"https:\/\/roveyayinevi.com.tr\/index.php\/wp-json\/wp\/v2\/product"}],"about":[{"href":"https:\/\/roveyayinevi.com.tr\/index.php\/wp-json\/wp\/v2\/types\/product"}],"wp:attachment":[{"href":"https:\/\/roveyayinevi.com.tr\/index.php\/wp-json\/wp\/v2\/media?parent=742122"}],"wp:term":[{"taxonomy":"product_brand","embeddable":true,"href":"https:\/\/roveyayinevi.com.tr\/index.php\/wp-json\/wp\/v2\/product_brand?post=742122"},{"taxonomy":"product_cat","embeddable":true,"href":"https:\/\/roveyayinevi.com.tr\/index.php\/wp-json\/wp\/v2\/product_cat?post=742122"},{"taxonomy":"product_tag","embeddable":true,"href":"https:\/\/roveyayinevi.com.tr\/index.php\/wp-json\/wp\/v2\/product_tag?post=742122"}],"curies":[{"name":"wp","href":"https:\/\/api.w.org\/{rel}","templated":true}]}}