{"id":742121,"date":"2025-08-28T01:04:48","date_gmt":"2025-08-27T22:04:48","guid":{"rendered":"https:\/\/roveyayinevi.com.tr\/index.php\/urun\/ronesans-dunyasi\/"},"modified":"2025-09-18T02:15:10","modified_gmt":"2025-09-17T23:15:10","slug":"ronesans-dunyasi","status":"publish","type":"product","link":"https:\/\/roveyayinevi.com.tr\/index.php\/urun\/ronesans-dunyasi\/","title":{"rendered":"R\u00f6nesans D\u00fcnyas\u0131"},"content":{"rendered":"<p>birinci ha\u00e7l\u0131 seferini takip eden ini\u015fli \u00e7\u0131k\u0131\u015fl\u0131 g\u00fcnlerde ba\u015flayan r\u00f6nesans d\u00fcnyas\u0131 ge\u00e7i\u015f d\u00f6nemindeki bir d\u00fcnyan\u0131n b\u00fct\u00fcn \u00e7eli\u015fkilerinin izini s\u00fcr\u00fcyor. papalar ha\u00e7l\u0131 seferleri vaazlar\u0131na devam ederken, h\u0131ristiyan bir imparatorluk \u00fcmidi konstantinopolis duvarlar\u0131 i\u00e7inde kanl\u0131 bir sona yakla\u015f\u0131yor. engizisyon g\u00fc\u00e7 kazan\u0131rken bir yandan da aristoteles\u00e7i mant\u0131k ve yunan ussall\u0131\u011f\u0131 geli\u015fiyor. krallar ve imparatorlar kendi ilahi haklar\u0131 \u00fczerinde \u0131srar ettik\u00e7e, halklar t\u00fcm d\u00fcnyada iktidar\u0131 ele ge\u00e7iriyor: hindistan lingayatlar\u0131, fransa\u2019n\u0131n jacquerie ayaklanmas\u0131, \u00e7in\u2019in k\u0131rm\u0131z\u0131 t\u00fcrban isyan\u0131 ve ingiltere\u2019nin k\u00f6yl\u00fcleri. osmanl\u0131lar k\u00fc\u00e7\u00fck bir t\u00fcrk k\u00f6y\u00fcnden zuhur ederken mo\u011follar d\u00fcnyay\u0131 ate\u015fe vermek \u00fczere do\u011fu\u2019dan yola \u00e7\u0131k\u0131yorlar. yeni paralar\u0131n sahteleri bas\u0131l\u0131yor, yeni silahlar icat ediliyor ve d\u00fcnyay\u0131 de\u011fi\u015ftiren felaketler d\u00fcnyan\u0131n g\u00f6r\u00fcn\u00fcm\u00fcn\u00fc de d\u00f6n\u00fc\u015ft\u00fcr\u00fcyor: k\u00fc\u00e7\u00fck buz \u00e7a\u011f\u0131, b\u00fcy\u00fck k\u0131tl\u0131k ve veba milyonlarca insan\u0131n \u00f6l\u00fcm\u00fcne yol a\u00e7\u0131yor. bu \u00e7\u0131\u011f\u0131r a\u00e7an olaylar\u0131n yaratt\u0131\u011f\u0131 kaosta d\u00fcnya bi\u00e7imlenmeye ba\u015fl\u0131yor. harikulade bir \u015fekilde ara\u015ft\u0131r\u0131lm\u0131\u015f ve zekice anlat\u0131lm\u0131\u015f r\u00f6nesans d\u00fcnyas\u0131 sadece isimler, tarihler ve olgular\u0131 de\u011fil, 1100 ve 1453 aras\u0131ndaki y\u0131llar\u0131 ayd\u0131nlatan unutulmaz karakterleri de sunuyor. bauer\u2019den usta i\u015fi bir giri\u015f kitab\u0131 daha. \u2026 zaman \u00e7izelgeleri ve haritalar e\u015fli\u011findeki m\u00fckemmel ak\u0131c\u0131 anlat\u0131m\u0131yla konun uzman\u0131 olmayanlar\u0131 b\u00fcy\u00fcleyecek.   \u2013kirkus review   sadece d\u00fcnya tarihini anlatmakla kalm\u0131yor \u2026 klasik e\u011fitimin yeniden do\u011fu\u015funu da m\u00fcjdeliyor.  \u2013publishers weekly<\/p>\n","protected":false},"excerpt":{"rendered":"<p>birinci ha\u00e7l\u0131 seferini takip eden ini\u015fli \u00e7\u0131k\u0131\u015fl\u0131 g\u00fcnlerde ba\u015flayan r\u00f6nesans d\u00fcnyas\u0131 ge\u00e7i\u015f d\u00f6nemindeki bir d\u00fcnyan\u0131n b\u00fct\u00fcn \u00e7eli\u015fkilerinin izini s\u00fcr\u00fcyor. papalar ha\u00e7l\u0131 seferleri vaazlar\u0131na devam ederken, h\u0131ristiyan<span class=\"excerpt-hellip\"> [\u2026]<\/span><\/p>\n","protected":false},"featured_media":0,"template":"","meta":{"_monsterinsights_skip_tracking":false,"_monsterinsights_sitenote_active":false,"_monsterinsights_sitenote_note":"","_monsterinsights_sitenote_category":0},"product_brand":[],"product_cat":[12312,12304],"product_tag":[],"class_list":{"0":"post-742121","1":"product","2":"type-product","3":"status-publish","5":"product_cat-diger","6":"product_cat-tarih","7":"pa_cilt-ciltsiz","8":"pa_tur-kitap","9":"pa_yayinevi-alfa-yayinlari","10":"pa_yazar-susan-wise-bauer","12":"first","13":"instock","14":"sale","15":"shipping-taxable","16":"purchasable","17":"product-type-simple"},"_links":{"self":[{"href":"https:\/\/roveyayinevi.com.tr\/index.php\/wp-json\/wp\/v2\/product\/742121","targetHints":{"allow":["GET"]}}],"collection":[{"href":"https:\/\/roveyayinevi.com.tr\/index.php\/wp-json\/wp\/v2\/product"}],"about":[{"href":"https:\/\/roveyayinevi.com.tr\/index.php\/wp-json\/wp\/v2\/types\/product"}],"wp:attachment":[{"href":"https:\/\/roveyayinevi.com.tr\/index.php\/wp-json\/wp\/v2\/media?parent=742121"}],"wp:term":[{"taxonomy":"product_brand","embeddable":true,"href":"https:\/\/roveyayinevi.com.tr\/index.php\/wp-json\/wp\/v2\/product_brand?post=742121"},{"taxonomy":"product_cat","embeddable":true,"href":"https:\/\/roveyayinevi.com.tr\/index.php\/wp-json\/wp\/v2\/product_cat?post=742121"},{"taxonomy":"product_tag","embeddable":true,"href":"https:\/\/roveyayinevi.com.tr\/index.php\/wp-json\/wp\/v2\/product_tag?post=742121"}],"curies":[{"name":"wp","href":"https:\/\/api.w.org\/{rel}","templated":true}]}}