{"id":742117,"date":"2025-08-28T01:04:42","date_gmt":"2025-08-27T22:04:42","guid":{"rendered":"https:\/\/roveyayinevi.com.tr\/index.php\/urun\/cok-calisiyoruz\/"},"modified":"2026-04-16T02:53:19","modified_gmt":"2026-04-15T23:53:19","slug":"cok-calisiyoruz","status":"publish","type":"product","link":"https:\/\/roveyayinevi.com.tr\/index.php\/urun\/cok-calisiyoruz\/","title":{"rendered":"\u00c7ok \u00c7al\u0131\u015f\u0131yoruz"},"content":{"rendered":"<p>\u00c7al\u0131\u015f\u0131yoruz. Yar\u0131nlar yokmu\u015f gibi. Ki asl\u0131nda pek de yok, \u00e7\u00fcnk\u00fc yar\u0131n bug\u00fcnle ayn\u0131, d\u00fcnle de. \u00c7al\u0131\u015fma hayat\u0131n\u0131n vaat etti\u011fi yar\u0131n, yine \u00e7al\u0131\u015fmak. Daha \u00e7ok \u00e7al\u0131\u015fmak. Hatalar\u0131m\u0131zdan ders \u00e7\u0131kara \u00e7\u0131kara, geli\u015fe geli\u015fe, d\u00fc\u015fe kalka; daha do\u011frusu d\u00fc\u015fmeye izin olmadan, hep ayakta kalarak \u00e7al\u0131\u015fmak. \u00c7\u00fcnk\u00fc hep \u00e7ok i\u015f vard\u0131r.   K\u0131zar\u0131z \u00e7al\u0131\u015f\u0131r\u0131z, haks\u0131zl\u0131\u011fa u\u011frar\u0131z \u00e7al\u0131\u015f\u0131r\u0131z, a\u011flar\u0131z \u00e7al\u0131\u015f\u0131r\u0131z. Biz \u00e7al\u0131\u015f\u0131r\u0131z. 7\/24 \u00e7al\u0131\u015f\u0131r\u0131z. Uykular\u0131m\u0131z\u0131 feda ederiz. Zaman\u0131m\u0131z\u0131, mek\u00e2n\u0131m\u0131z\u0131, hayat\u0131m\u0131z\u0131 arma\u011fan ederiz sorgusuz sualsiz. Hele ki lehimize bir kolayl\u0131k olursa daha da \u00e7ok \u00e7al\u0131\u015f\u0131r\u0131z. Zam al\u0131rsak iki kat, takdir g\u00f6r\u00fcrsek \u00fc\u00e7 kat fazla \u00e7al\u0131\u015f\u0131r\u0131z. Az \u00e7al\u0131\u015fmay\u0131 beceremeyiz, biz e\u011fitimimizle eme\u011fimizle geldi\u011fimiz i\u015fin hakk\u0131n\u0131 verme derdindeyiz; minnetle, tutkuyla, h\u0131rsla \u00e7al\u0131\u015f\u0131r\u0131z.   Biz bu \u00e7a\u011f\u0131n hayalsiz b\u00fcy\u00fcyen \u00e7ocuklar\u0131 olduk. O y\u00fczden de kaybolduk, hapsolduk bu labirentte. Art\u0131k \u00e7\u0131k\u0131\u015f yolunu arama, bu yolculukta kendimizi bulma vakti.     Yazar Hakk\u0131nda:   Erdem Aksakal, \u0130zmir Bornova Anadolu Lisesi\u2019ndeki \u00f6\u011frencilik y\u0131llar\u0131nda yazma al\u0131\u015fkanl\u0131\u011f\u0131 kazand\u0131. M\u00fchendislik e\u011fitimi g\u00f6rd\u00fc, y\u00fcksek lisans\u0131n\u0131 i\u015fletme, doktoras\u0131n\u0131 pazarlama alanlar\u0131nda yapt\u0131. Yirmi y\u0131ld\u0131r kurumsal d\u00fcnyan\u0131n i\u00e7inde. Farkl\u0131 \u015firketlerde \u00e7e\u015fitli g\u00f6revlerde bulundu ve \u015fu anda kariyerini Ama\u00e7 ve S\u00fcrd\u00fcr\u00fclebilirlik Pazarlamas\u0131 alan\u0131nda s\u00fcrd\u00fcrmektedir. Beyaz yakal\u0131lar\u0131n hayat\u0131n\u0131 anlatt\u0131\u011f\u0131 ve sahicili\u011fin pe\u015fine d\u00fc\u015ft\u00fc\u011f\u00fc Mezeleri G\u00fczel adl\u0131 kitab\u0131 2016\u2019da yay\u0131nland\u0131. K\u0131sa s\u00fcrede 8 bask\u0131 yapt\u0131. Beyaz yakal\u0131 bir anlat\u0131c\u0131 olarak seminerler verdi, podcast yay\u0131nc\u0131l\u0131\u011f\u0131 yapt\u0131. \u0130ki \u00fclkeye yay\u0131lan ya\u015fam\u0131n\u0131; i\u015f hayat\u0131nda e\u015fitlik, adalet ve anlam aray\u0131\u015f\u0131 konular\u0131nda yaz\u0131l\u0131 ve s\u00f6zl\u00fc \u00fcretimler yaparak devam ettirmektedir.    <\/p>\n","protected":false},"excerpt":{"rendered":"<p>\u00c7al\u0131\u015f\u0131yoruz. Yar\u0131nlar yokmu\u015f gibi. Ki asl\u0131nda pek de yok, \u00e7\u00fcnk\u00fc yar\u0131n bug\u00fcnle ayn\u0131, d\u00fcnle de. \u00c7al\u0131\u015fma hayat\u0131n\u0131n vaat etti\u011fi yar\u0131n, yine \u00e7al\u0131\u015fmak. Daha \u00e7ok \u00e7al\u0131\u015fmak. Hatalar\u0131m\u0131zdan<span class=\"excerpt-hellip\"> [\u2026]<\/span><\/p>\n","protected":false},"featured_media":0,"template":"","meta":{"_monsterinsights_skip_tracking":false,"_monsterinsights_sitenote_active":false,"_monsterinsights_sitenote_note":"","_monsterinsights_sitenote_category":0},"product_brand":[],"product_cat":[12777,12291],"product_tag":[],"class_list":{"0":"post-742117","1":"product","2":"type-product","3":"status-publish","5":"product_cat-deneme","6":"product_cat-edebiyat","7":"pa_cilt-ciltsiz","8":"pa_tur-kitap","9":"pa_yayinevi-dogan-kitap","10":"pa_yazar-erdem-aksakal","12":"first","13":"instock","14":"sale","15":"shipping-taxable","16":"purchasable","17":"product-type-simple"},"_links":{"self":[{"href":"https:\/\/roveyayinevi.com.tr\/index.php\/wp-json\/wp\/v2\/product\/742117","targetHints":{"allow":["GET"]}}],"collection":[{"href":"https:\/\/roveyayinevi.com.tr\/index.php\/wp-json\/wp\/v2\/product"}],"about":[{"href":"https:\/\/roveyayinevi.com.tr\/index.php\/wp-json\/wp\/v2\/types\/product"}],"wp:attachment":[{"href":"https:\/\/roveyayinevi.com.tr\/index.php\/wp-json\/wp\/v2\/media?parent=742117"}],"wp:term":[{"taxonomy":"product_brand","embeddable":true,"href":"https:\/\/roveyayinevi.com.tr\/index.php\/wp-json\/wp\/v2\/product_brand?post=742117"},{"taxonomy":"product_cat","embeddable":true,"href":"https:\/\/roveyayinevi.com.tr\/index.php\/wp-json\/wp\/v2\/product_cat?post=742117"},{"taxonomy":"product_tag","embeddable":true,"href":"https:\/\/roveyayinevi.com.tr\/index.php\/wp-json\/wp\/v2\/product_tag?post=742117"}],"curies":[{"name":"wp","href":"https:\/\/api.w.org\/{rel}","templated":true}]}}