{"id":742115,"date":"2025-08-28T01:04:40","date_gmt":"2025-08-27T22:04:40","guid":{"rendered":"https:\/\/roveyayinevi.com.tr\/index.php\/urun\/en-parlak-gece\/"},"modified":"2026-04-16T02:53:19","modified_gmt":"2026-04-15T23:53:19","slug":"en-parlak-gece","status":"publish","type":"product","link":"https:\/\/roveyayinevi.com.tr\/index.php\/urun\/en-parlak-gece\/","title":{"rendered":"En Parlak Gece"},"content":{"rendered":"<p>Bir y\u0131l \u00f6nce Evelyn\u2019in s\u0131radan bir hayat\u0131 vard\u0131\u2026   \u015eimdiyse hayat\u0131n\u0131n kocaman bir yalan oldu\u011funu \u00f6\u011frendi. Tehlikeli yeteneklerinin kontrol\u00fcn\u00fc kaybederse, sadece b\u00f6lgedeki herkesi de\u011fil \u00f6l\u00fcmc\u00fcl \u00e7ekicili\u011fiyle y\u00fcrek yakan Luc\u2019u da riske ataca\u011f\u0131n\u0131 biliyor. Bu y\u00fczden her \u015feyi yapmaya haz\u0131r; yalan, takas, dilenmek, \u00f6ld\u00fcrmek\u2026 Luc bir f\u0131rt\u0131naya tutuldu. Ve o f\u0131rt\u0131nan\u0131n ad\u0131 Evie.   Kan ve K\u00fcl, Melez S\u00f6zle\u015fmeleri, Lux, Karanl\u0131k Elementler, Lanetli, Gamble Karde\u015fler ve Titan gibi serilerin usta yazar\u0131 Jennifer L. Armentrout, K\u00f6ken serisinin En Karanl\u0131k Y\u0131ld\u0131z ve En Ayd\u0131nl\u0131k G\u00f6lge\u2019den sonraki \u00fc\u00e7\u00fcnc\u00fc kitab\u0131yla, Lux evrenini \u00f6zleyenlere \u015fok edici ve ate\u015fli bir hik\u00e2ye daha arma\u011fan ediyor.   Yazar Hakk\u0131nda: Jennifer L. Armentrout ilk serisi Melez ile Amerika\u2019da sat\u0131\u015f rekorlar\u0131 k\u0131rm\u0131\u015f ve ard\u0131ndan Lux serisi ile \u00fcn\u00fc, t\u00fcm d\u00fcnyaya yay\u0131lm\u0131\u015ft\u0131r. Fantastik, paranormal ve bilimkurgu t\u00fcr\u00fcndeki romanlar\u0131ndaki a\u015fk hikayelerinin \u00f6n plana \u00e7\u0131kt\u0131\u011f\u0131 Jennifer L. Armentrout, Melez S\u00f6zle\u015fmeleri serisinin kitaplar\u0131 Melez, Safkan, Tanr\u0131, Apollyon ve Avc\u0131\u2019n\u0131n evreninde ge\u00e7en devam serisi Titan ile de b\u00fcy\u00fck ba\u015far\u0131 kazanm\u0131\u015ft\u0131r. Titan\u2019\u0131n Geri D\u00f6n\u00fc\u015f, G\u00fc\u00e7, M\u00fccadele ve Kehanet ba\u015fl\u0131klar\u0131ndaki kitaplar\u0131 Yunan mitolojisine farkl\u0131 bir bak\u0131\u015f a\u00e7\u0131s\u0131yla yaz\u0131lm\u0131\u015ft\u0131r. Lanetli, Parampar\u00e7a, Cesur romanlar\u0131ndan olu\u015fan Lanetli serisi de yine mitolojik kahramanlar\u0131n g\u00fcn\u00fcm\u00fczdeki maceralar\u0131n\u0131 i\u00e7erir. Obsidiyen, Oniks, Opal, K\u00f6ken, Direni\u015f, Unutulu\u015f\u2019tan olu\u015fan Lux serisinin ek serisi K\u00f6ken ise En Karanl\u0131k Y\u0131ld\u0131z ve En Ayd\u0131nl\u0131k G\u00f6lge romanlar\u0131d\u0131r. Lux serisinin film haklar\u0131 al\u0131nm\u0131\u015ft\u0131r ve yap\u0131m a\u015famas\u0131ndad\u0131r. 1980, West Virginia do\u011fumlu olan Jennifer L. Armentrout, fantastik bilimkurgu romanlar\u0131n d\u0131\u015f\u0131nda, Hep Seni Bekledim, Saplant\u0131, K\u0131\u015f G\u00fcne\u015fi, Gamble Karde\u015fler ve Karanl\u0131k Elementler serisi gibi pek \u00e7ok romantik kitab\u0131n yazar\u0131d\u0131r. Jennifer L. Armentrout, yazd\u0131\u011f\u0131 60\u2019\u0131n \u00fczerinde kitab\u0131n\u0131n The New York Times en \u00e7ok satanlar listesinde yer almas\u0131yla, k\u0131r\u0131lmas\u0131 g\u00fc\u00e7 bir rekorun sahibidir. Pek \u00e7ok \u00f6d\u00fcle lay\u0131k g\u00f6r\u00fclen Jennifer L. Armentrout yazarl\u0131k kariyerine, matematik dersinde k\u0131sa \u00f6yk\u00fcler yazarak ba\u015flam\u0131\u015f ve yay\u0131nevlerinden pek \u00e7ok kez reddedildi\u011fi i\u00e7in ilk kitaplar\u0131n\u0131 kendi bast\u0131rm\u0131\u015ft\u0131r, \u015fu an t\u00fcm d\u00fcnyada kitaplar\u0131 milyonlarca kopyaya ula\u015fan Jennifer L. Armentrout, h\u00e2l\u00e2 her g\u00fcn sekiz saat yazmaktad\u0131r.   <\/p>\n","protected":false},"excerpt":{"rendered":"<p>Bir y\u0131l \u00f6nce Evelyn\u2019in s\u0131radan bir hayat\u0131 vard\u0131\u2026 \u015eimdiyse hayat\u0131n\u0131n kocaman bir yalan oldu\u011funu \u00f6\u011frendi. Tehlikeli yeteneklerinin kontrol\u00fcn\u00fc kaybederse, sadece b\u00f6lgedeki herkesi de\u011fil \u00f6l\u00fcmc\u00fcl \u00e7ekicili\u011fiyle y\u00fcrek<span class=\"excerpt-hellip\"> [\u2026]<\/span><\/p>\n","protected":false},"featured_media":0,"template":"","meta":{"_monsterinsights_skip_tracking":false,"_monsterinsights_sitenote_active":false,"_monsterinsights_sitenote_note":"","_monsterinsights_sitenote_category":0},"product_brand":[],"product_cat":[12291,14777],"product_tag":[],"class_list":{"0":"post-742115","1":"product","2":"type-product","3":"status-publish","5":"product_cat-edebiyat","6":"product_cat-fantastik","7":"pa_cilt-ciltsiz","8":"pa_tur-kitap","9":"pa_yayinevi-dex-yayinevi","10":"pa_yazar-jennifer-l-armentrout","12":"first","13":"instock","14":"sale","15":"shipping-taxable","16":"purchasable","17":"product-type-simple"},"_links":{"self":[{"href":"https:\/\/roveyayinevi.com.tr\/index.php\/wp-json\/wp\/v2\/product\/742115","targetHints":{"allow":["GET"]}}],"collection":[{"href":"https:\/\/roveyayinevi.com.tr\/index.php\/wp-json\/wp\/v2\/product"}],"about":[{"href":"https:\/\/roveyayinevi.com.tr\/index.php\/wp-json\/wp\/v2\/types\/product"}],"wp:attachment":[{"href":"https:\/\/roveyayinevi.com.tr\/index.php\/wp-json\/wp\/v2\/media?parent=742115"}],"wp:term":[{"taxonomy":"product_brand","embeddable":true,"href":"https:\/\/roveyayinevi.com.tr\/index.php\/wp-json\/wp\/v2\/product_brand?post=742115"},{"taxonomy":"product_cat","embeddable":true,"href":"https:\/\/roveyayinevi.com.tr\/index.php\/wp-json\/wp\/v2\/product_cat?post=742115"},{"taxonomy":"product_tag","embeddable":true,"href":"https:\/\/roveyayinevi.com.tr\/index.php\/wp-json\/wp\/v2\/product_tag?post=742115"}],"curies":[{"name":"wp","href":"https:\/\/api.w.org\/{rel}","templated":true}]}}