{"id":742114,"date":"2025-08-28T01:04:38","date_gmt":"2025-08-27T22:04:38","guid":{"rendered":"https:\/\/roveyayinevi.com.tr\/index.php\/urun\/kartal-kanadini-actiginda\/"},"modified":"2026-04-16T02:53:19","modified_gmt":"2026-04-15T23:53:19","slug":"kartal-kanadini-actiginda","status":"publish","type":"product","link":"https:\/\/roveyayinevi.com.tr\/index.php\/urun\/kartal-kanadini-actiginda\/","title":{"rendered":"Kartal Kanad\u0131n\u0131 A\u00e7t\u0131\u011f\u0131nda"},"content":{"rendered":"<p>Mavrato k\u00f6y\u00fcn\u00fcn hayalperest \u00e7ocu\u011fu S\u00fcleyman\u2019\u0131n en \u00e7ok istedi\u011fi \u015fey k\u00fc\u00e7\u00fckl\u00fc\u011f\u00fcnden beri sevdi\u011fi Melek\u2019le evlenmektir. Ge\u00e7 olur, g\u00fc\u00e7 olur ve sonunda murad\u0131na erer. S\u00fcleyman g\u00fcnd\u00fcz tarlas\u0131nda \u00e7al\u0131\u015facak, geceleri Melek\u2019i sevecek ve kocaman bir aile kuracakt\u0131r.  Hi\u00e7 hesapta yokken askerlik kap\u0131y\u0131 \u00e7alar. Me\u015frutiyet\u2019in ilan\u0131yla birlikte k\u00f6yl\u00fcn\u00fcn al\u0131\u015ft\u0131\u011f\u0131, bildi\u011fi d\u00fczen de\u011fi\u015fmektedir. \u201c\u00dc\u00e7 y\u0131l ge\u00e7er\u201d deyip askere gider ve Balkan Harbi\u2019nin tam g\u00f6be\u011fine d\u00fc\u015fer. Neye u\u011frad\u0131\u011f\u0131n\u0131 \u015fa\u015f\u0131ran S\u00fcleyman, mucize kabilinden hayatta kal\u0131r ama s\u0131rada Cihan Harbi vard\u0131r.  Kahraman\u0131m\u0131z milyonlarca Osmanl\u0131 askeri gibi cepheden cepheye gezer. \u00d6nce \u00c7anakkale, ard\u0131ndan Kafkas ve en son Filistin cepheleri\u2026 D\u00fc\u015fman s\u00fcng\u00fcs\u00fc, kur\u015funu, bombas\u0131 ve a\u00e7l\u0131kla, hastal\u0131klarla cebelle\u015fen S\u00fcleyman i\u00e7in ger\u00e7ek, elindeki mavzerden bellidir. R\u00fcyalar ise ba\u015fka s\u00f6yler: K\u00e2h g\u00f6klerin y\u00fccesindeki kartal olur, k\u00e2h yerin dibindeki y\u0131lan! Kartal Kanad\u0131n\u0131 A\u00e7t\u0131\u011f\u0131nda yo\u011fun ara\u015ft\u0131rmaya dayal\u0131, destans\u0131 bir roman\u2026 Osmanl\u0131 \u0130mparatorlu\u011fu\u2019nun son d\u00f6nemini ve sava\u015f\u0131n ger\u00e7ek y\u00fcz\u00fcn\u00fc bir Anadolu k\u00f6yl\u00fcs\u00fcn\u00fcn g\u00f6z\u00fcnden anlatan g\u00fc\u00e7l\u00fc ve etkileyici bir roman.   Yazar Hakk\u0131nda:   \u00d6mer U\u00e7ar, 1962 P\u0131narhisar do\u011fumlu, aslen P\u00fct\u00fcrgeli, sonradan \u0130stanbullu. Karab\u00fck Cumhuriyet \u0130lkokulu, \u0130stanbul Oru\u00e7gazi Ortaokulu, Pertevniyal Lisesi ve Marmara \u00dcniversitesi Kamu Y\u00f6netimi mezunu. \u00c7ocuklu\u011fundan itibaren \u00e7ip lehimi, kap\u0131 kolu d\u00f6k\u00fcm\u00fc ile ba\u015flay\u0131p, ofisboyluk, muhasebecilik, tahsildarl\u0131k, d\u00fczeltmenlik, barmenlik, gazetecilik ve ba\u015fka bir\u00e7ok i\u015fe girip \u00e7\u0131kt\u0131 ve turist rehberli\u011finde karar k\u0131ld\u0131. Emekli. \u0130ngilizce ve Japonca biliyor.   <\/p>\n","protected":false},"excerpt":{"rendered":"<p>Mavrato k\u00f6y\u00fcn\u00fcn hayalperest \u00e7ocu\u011fu S\u00fcleyman\u2019\u0131n en \u00e7ok istedi\u011fi \u015fey k\u00fc\u00e7\u00fckl\u00fc\u011f\u00fcnden beri sevdi\u011fi Melek\u2019le evlenmektir. Ge\u00e7 olur, g\u00fc\u00e7 olur ve sonunda murad\u0131na erer. S\u00fcleyman g\u00fcnd\u00fcz tarlas\u0131nda \u00e7al\u0131\u015facak,<span class=\"excerpt-hellip\"> [\u2026]<\/span><\/p>\n","protected":false},"featured_media":0,"template":"","meta":{"_monsterinsights_skip_tracking":false,"_monsterinsights_sitenote_active":false,"_monsterinsights_sitenote_note":"","_monsterinsights_sitenote_category":0},"product_brand":[],"product_cat":[12291,12711],"product_tag":[],"class_list":{"0":"post-742114","1":"product","2":"type-product","3":"status-publish","5":"product_cat-edebiyat","6":"product_cat-roman-oyku","7":"pa_cilt-ciltsiz","8":"pa_tur-kitap","9":"pa_yayinevi-dogan-kitap","10":"pa_yazar-omer-ucar","12":"first","13":"instock","14":"sale","15":"shipping-taxable","16":"purchasable","17":"product-type-simple"},"_links":{"self":[{"href":"https:\/\/roveyayinevi.com.tr\/index.php\/wp-json\/wp\/v2\/product\/742114","targetHints":{"allow":["GET"]}}],"collection":[{"href":"https:\/\/roveyayinevi.com.tr\/index.php\/wp-json\/wp\/v2\/product"}],"about":[{"href":"https:\/\/roveyayinevi.com.tr\/index.php\/wp-json\/wp\/v2\/types\/product"}],"wp:attachment":[{"href":"https:\/\/roveyayinevi.com.tr\/index.php\/wp-json\/wp\/v2\/media?parent=742114"}],"wp:term":[{"taxonomy":"product_brand","embeddable":true,"href":"https:\/\/roveyayinevi.com.tr\/index.php\/wp-json\/wp\/v2\/product_brand?post=742114"},{"taxonomy":"product_cat","embeddable":true,"href":"https:\/\/roveyayinevi.com.tr\/index.php\/wp-json\/wp\/v2\/product_cat?post=742114"},{"taxonomy":"product_tag","embeddable":true,"href":"https:\/\/roveyayinevi.com.tr\/index.php\/wp-json\/wp\/v2\/product_tag?post=742114"}],"curies":[{"name":"wp","href":"https:\/\/api.w.org\/{rel}","templated":true}]}}