{"id":742109,"date":"2025-08-28T01:04:31","date_gmt":"2025-08-27T22:04:31","guid":{"rendered":"https:\/\/roveyayinevi.com.tr\/index.php\/urun\/korku-gerilim-3-kitap-seti\/"},"modified":"2026-04-16T02:53:19","modified_gmt":"2026-04-15T23:53:19","slug":"korku-gerilim-3-kitap-seti","status":"publish","type":"product","link":"https:\/\/roveyayinevi.com.tr\/index.php\/urun\/korku-gerilim-3-kitap-seti\/","title":{"rendered":"Korku-Gerilim 3 Kitap Seti"},"content":{"rendered":"<p>Setimiz Korku\/Gerilim temal\u0131 3 Kitaptan olu\u015fmaktad\u0131r.Nekre: K\u00f6t\u00fcl\u00fck girdab\u0131 onlar\u0131n ba\u015f\u0131na olsun! Fetih Suresi 6. AyetKorkuyordu ve korkunun kokusu vard\u0131. Bedeninden istemsizce \u00e7\u0131kan g\u00f6zya\u015flar\u0131yla kar\u0131\u015fan terin, sa\u00e7lar\u0131n\u0131n bile \u0131slan\u0131p ensesinde hissetti\u011fi korkunun karmakar\u0131\u015f\u0131k kokusuydu. Ne yapaca\u011f\u0131n\u0131 bilememek kadar korkuyu hissettirecek ba\u015fka bir duygu yoktu o an i\u00e7in. Bast\u0131rmaya \u00e7al\u0131\u015ft\u0131 korkuyu duaya s\u0131\u011f\u0131narak.Bilir misiniz? Her evde \u0131\u015f\u0131k yanar. Ama baz\u0131 evlerde \u00f6yle \u015feyler ya\u015fan\u0131r ki\u2026 G\u00fcne\u015f do\u011fdu\u011fu an, karanl\u0131ktan korkar!Kanl\u0131 Ay: \u015eeytan\u0131n el\u00e7isi Fai\u015fanal kanl\u0131 ellerini, g\u00f6ky\u00fcz\u00fcnde b\u00fct\u00fcn ihti\u015fam\u0131 ile parlayan aya do\u011fru a\u00e7t\u0131 ve y\u00fcksek sesle \u0130branice bir \u015feyler hayk\u0131r\u0131yordu. Yedi de\u011fi\u015fik dinin temsilcisi Fai\u015fanal\u2019\u0131n etraf\u0131nda daire bi\u00e7iminde ayakta duruyor, ellerindeki kesiklerden damlayan kanlar\u0131 i\u00e7i s\u00fct dolu k\u00e2seye ak\u0131t\u0131yorlard\u0131. Ay bir anda k\u0131z\u0131la b\u00fcr\u00fcnd\u00fc ve lanet d\u00fcnyan\u0131n \u00fczerine \u00e7\u00f6kt\u00fc. Cinler ve \u0130nsanlar aras\u0131ndaki perde kalkt\u0131\u2026Komiser Adal Yal\u00e7\u0131n ve cinayet b\u00fcro dedektifleri, para-normal varl\u0131klar\u0131n etkisinde i\u015flenmi\u015f cinayetlerin izini s\u00fcr\u00fcyor. Komiser Adal Yal\u00e7\u0131n b\u00fcy\u00fcc\u00fclerin k\u00f6t\u00fc b\u00fcy\u00fcleriyle aralad\u0131klar\u0131 berzah kap\u0131s\u0131ndan giren \u015feytan ve k\u00f6t\u00fc cinlerin insanlar\u0131 k\u00f6le etmek i\u00e7in ba\u015flatt\u0131klar\u0131 Kanl\u0131 ay b\u00fcy\u00fcs\u00fc ile yery\u00fcz\u00fcnde \u00e7\u0131kard\u0131klar\u0131 cinayetlerin izinde. Adal Yal\u00e7\u0131n ve Funda\u2019n\u0131n para-normal olaylar\u0131n izinde ya\u015fad\u0131klar\u0131 masum ve temiz a\u015fk hik\u00e2yelerini konu ediyor. Komiser Adal Yal\u00e7\u0131n ve ekibi, Ba\u015fkentin bilinmeyen karanl\u0131k sokaklar\u0131nda, i\u015flenmi\u015f gizem dolu cinayetlerin para-normal g\u00f6lgesinin izini s\u00fcr\u00fcyor. Her sat\u0131r\u0131nda, korku ve gerim gerim gerilim var.Dikkat! GECE TEK BA\u015eINIZA YALNIZ \u0130KEN OKUMAYIN!\u0130stahbarat\u00e7\u0131: &#8220;Devletleri ak\u0131l y\u00f6netir, devlet akl\u0131 istihbaratt\u0131r.&#8221;\u0130stihbarat te\u015fkilatlar\u0131, etkin ve g\u00fc\u00e7l\u00fc olmayan devletlerin masada s\u00f6z hakk\u0131 yoktur, hatta o masada sandalyeleri de yoktur. E\u011fer bir yerlerde bombalar patlam\u0131yorsa, insanlar \u00f6lm\u00fcyorsa, kaos ve karga\u015fa yoksa bunun teminat\u0131 ve engelleyicisi T\u00fcrk istihbarat\u0131d\u0131r. \u201cPe\u015finizdeyiz vesizi iyi tan\u0131yoruz!\u201dBa\u015flang\u0131\u00e7ta falc\u0131l\u0131k ve astrolojiye dayanan istihbarat; eski T\u00fcrk devlet yap\u0131s\u0131 ve gelene\u011fi ile \u015fekillenmeye ba\u015flam\u0131\u015f, isim ve unvan de\u011fi\u015fiklikleriyle g\u00fcn\u00fcm\u00fcze gelmi\u015f, \u015fu anki en g\u00fc\u00e7l\u00fc ve ba\u015far\u0131l\u0131 \u0130stihbarat sistemi ve birimlerinin son halini alm\u0131\u015ft\u0131r.Kahraman\u0131m\u0131z \u00d6zel Kuvvetler Subay\u0131 F\u0131rt\u0131na Atakan, subayl\u0131ktan T\u00fcrk istihbarat\u0131na ge\u00e7i\u015fini, burada yurt i\u00e7i ve yurt d\u0131\u015f\u0131ndaki \u00e7ok gizli, \u00f6nemli g\u00f6revlere kat\u0131larak verdi\u011fi kahramanl\u0131k m\u00fccadelelerini ve Burcu \u00d6\u011fretmen\u2019le olan b\u00fcy\u00fck a\u015fk hik\u00e2yesini anlat\u0131yor. Burcu \u00d6\u011fretmen\u2019e olan kalbindeki sevdas\u0131 ile hain ter\u00f6r \u00f6rg\u00fctlerine besledi\u011fi kin ve intikam ate\u015fiyle tarih yaz\u0131yor.Bir sevdan\u0131n en masum halinin i\u015flendi\u011fi, bir kalbe iki sevdan\u0131n s\u0131\u011fd\u0131r\u0131ld\u0131\u011f\u0131 mangal y\u00fcrekli, kurt bak\u0131\u015fl\u0131, isimsiz kahraman\u0131n destan\u0131n\u0131 anlat\u0131yor.\u0130stihbarat\u00e7\u0131lar\u0131m\u0131z, daha \u00f6nce duymad\u0131\u011f\u0131n\u0131z, bilmedi\u011finiz en gizli y\u00f6ntemlerle ter\u00f6ristlerin i\u00e7ine s\u0131zarak yabanc\u0131 devletlerin ak\u0131llar\u0131yla oynuyor, bilginin kayna\u011f\u0131na girerek de\u011fi\u015fik usul ve y\u00f6ntemlerle bazen lokantada bula\u015f\u0131k\u00e7\u0131, bazen k\u00e2\u011f\u0131t toplay\u0131c\u0131s\u0131, k\u0131rm\u0131z\u0131 \u0131\u015f\u0131kta cam silen dilenci k\u0131l\u0131\u011f\u0131nda kar\u015f\u0131m\u0131za \u00e7\u0131k\u0131yorlar\u2026\u201cBakt\u0131\u011f\u0131n\u0131z her yerde biz var\u0131z, biz her yerdeyiz dosta da d\u00fc\u015fmana da nefesleri kadar yak\u0131n\u0131z, biz isimsizleriz\u2026\u201d\u201cVatan sa\u011f olsun!\u201d<\/p>\n","protected":false},"excerpt":{"rendered":"<p>Setimiz Korku\/Gerilim temal\u0131 3 Kitaptan olu\u015fmaktad\u0131r.Nekre: K\u00f6t\u00fcl\u00fck girdab\u0131 onlar\u0131n ba\u015f\u0131na olsun! Fetih Suresi 6. AyetKorkuyordu ve korkunun kokusu vard\u0131. Bedeninden istemsizce \u00e7\u0131kan g\u00f6zya\u015flar\u0131yla kar\u0131\u015fan terin, sa\u00e7lar\u0131n\u0131n<span class=\"excerpt-hellip\"> [\u2026]<\/span><\/p>\n","protected":false},"featured_media":0,"template":"","meta":{"_monsterinsights_skip_tracking":false,"_monsterinsights_sitenote_active":false,"_monsterinsights_sitenote_note":"","_monsterinsights_sitenote_category":0},"product_brand":[],"product_cat":[12291,17033],"product_tag":[],"class_list":{"0":"post-742109","1":"product","2":"type-product","3":"status-publish","5":"product_cat-edebiyat","6":"product_cat-korku-gerilim","7":"pa_cilt-set","8":"pa_tur-kitap","9":"pa_yayinevi-vaveyla-yayincilik","10":"pa_yazar-cigdem-koroglu-aydin-benli","12":"first","13":"instock","14":"sale","15":"shipping-taxable","16":"purchasable","17":"product-type-simple"},"_links":{"self":[{"href":"https:\/\/roveyayinevi.com.tr\/index.php\/wp-json\/wp\/v2\/product\/742109","targetHints":{"allow":["GET"]}}],"collection":[{"href":"https:\/\/roveyayinevi.com.tr\/index.php\/wp-json\/wp\/v2\/product"}],"about":[{"href":"https:\/\/roveyayinevi.com.tr\/index.php\/wp-json\/wp\/v2\/types\/product"}],"wp:attachment":[{"href":"https:\/\/roveyayinevi.com.tr\/index.php\/wp-json\/wp\/v2\/media?parent=742109"}],"wp:term":[{"taxonomy":"product_brand","embeddable":true,"href":"https:\/\/roveyayinevi.com.tr\/index.php\/wp-json\/wp\/v2\/product_brand?post=742109"},{"taxonomy":"product_cat","embeddable":true,"href":"https:\/\/roveyayinevi.com.tr\/index.php\/wp-json\/wp\/v2\/product_cat?post=742109"},{"taxonomy":"product_tag","embeddable":true,"href":"https:\/\/roveyayinevi.com.tr\/index.php\/wp-json\/wp\/v2\/product_tag?post=742109"}],"curies":[{"name":"wp","href":"https:\/\/api.w.org\/{rel}","templated":true}]}}