{"id":742108,"date":"2025-08-28T01:04:30","date_gmt":"2025-08-27T22:04:30","guid":{"rendered":"https:\/\/roveyayinevi.com.tr\/index.php\/urun\/cekic-ve-gul\/"},"modified":"2026-04-16T02:53:19","modified_gmt":"2026-04-15T23:53:19","slug":"cekic-ve-gul","status":"publish","type":"product","link":"https:\/\/roveyayinevi.com.tr\/index.php\/urun\/cekic-ve-gul\/","title":{"rendered":"\u00c7eki\u00e7 ve G\u00fcl"},"content":{"rendered":"<p>Biz mi bombalad\u0131k lan Emniyet\u2019i darbe gecesi? Biz mi y\u0131kt\u0131k buralar\u0131? Bizi darbeden \u00f6nce K\u00f6pek E\u011fitim Merkezi\u2019ne s\u00fcrm\u00fc\u015flerdi. K\u00f6pek mamalar\u0131n\u0131n tad\u0131na bak\u0131yorduk amirimle, k\u00f6pekler ishal olmu\u015ftu, nedenini anlamaya \u00e7al\u0131\u015f\u0131yorduk.Bir bakt\u0131k havada jetler u\u00e7uyor, G\u00f6lba\u015f\u0131\u2019na, dibimize bomba ya\u011fd\u0131r\u0131yorlar.\u201dAnkara Emniyeti\u2019nin Cinayet B\u00fcrosu\u2019nun ayk\u0131r\u0131 ba\u015fkomiseri Behzat \u00c7., \u00f6fkesinden yorgun d\u00fc\u015fm\u00fc\u015f, yine hayalet gibi dolan\u0131yor ortal\u0131kta. Tabii Hayalet\u2019le ve Akbaba ve Harun\u2019la beraber&#8230; Bazen de Cinayet\u2019in k\u0131z\u0131 Seher\u2019le, Cinayet\u2019in kedisi Gaspi\u2019yle beraber&#8230;S\u0131vas\u0131z duvarl\u0131 gecekonduda, pavyonda, i\u015fkembecide, oto tamirhanesinde, d\u00fckk\u00e2nda, \u015f\u0131k bir ofiste, tekkede, Millet Bah\u00e7esi\u2019nde, adliyede, hastanede, nezarethanede, mezarl\u0131kta ve tabii sokaklarda, cinayetlerin ve nice c\u00fcr\u00fcmlerin izini s\u00fcr\u00fcyor Behzat \u00c7..Umutsuz, serke\u015f, pejm\u00fcrde&#8230; Bazen de olanca deh\u015fetine tezat, \u201cbasit, tatl\u0131 ve h\u00fcz\u00fcnl\u00fc\u201d insan hik\u00e2yelerinin i\u00e7inde geziyor. Emrah Serbes\u2019in bir fenomen olan Behzat \u00c7.\u2019si, \u00c7eki\u00e7 ve G\u00fcl\u2019de bu defa \u00f6yk\u00fcleriyle \u201cortamlarda\u201d kol geziyor.<\/p>\n","protected":false},"excerpt":{"rendered":"<p>Biz mi bombalad\u0131k lan Emniyet\u2019i darbe gecesi? Biz mi y\u0131kt\u0131k buralar\u0131? Bizi darbeden \u00f6nce K\u00f6pek E\u011fitim Merkezi\u2019ne s\u00fcrm\u00fc\u015flerdi. K\u00f6pek mamalar\u0131n\u0131n tad\u0131na bak\u0131yorduk amirimle, k\u00f6pekler ishal olmu\u015ftu,<span class=\"excerpt-hellip\"> [\u2026]<\/span><\/p>\n","protected":false},"featured_media":0,"template":"","meta":{"_monsterinsights_skip_tracking":false,"_monsterinsights_sitenote_active":false,"_monsterinsights_sitenote_note":"","_monsterinsights_sitenote_category":0},"product_brand":[],"product_cat":[12291,15445],"product_tag":[],"class_list":{"0":"post-742108","1":"product","2":"type-product","3":"status-publish","5":"product_cat-edebiyat","6":"product_cat-polisiye","7":"pa_cilt-ciltsiz","8":"pa_tur-kitap","9":"pa_yayinevi-iletisim-yayinlari","10":"pa_yazar-emrah-serbes","12":"first","13":"instock","14":"sale","15":"shipping-taxable","16":"purchasable","17":"product-type-simple"},"_links":{"self":[{"href":"https:\/\/roveyayinevi.com.tr\/index.php\/wp-json\/wp\/v2\/product\/742108","targetHints":{"allow":["GET"]}}],"collection":[{"href":"https:\/\/roveyayinevi.com.tr\/index.php\/wp-json\/wp\/v2\/product"}],"about":[{"href":"https:\/\/roveyayinevi.com.tr\/index.php\/wp-json\/wp\/v2\/types\/product"}],"wp:attachment":[{"href":"https:\/\/roveyayinevi.com.tr\/index.php\/wp-json\/wp\/v2\/media?parent=742108"}],"wp:term":[{"taxonomy":"product_brand","embeddable":true,"href":"https:\/\/roveyayinevi.com.tr\/index.php\/wp-json\/wp\/v2\/product_brand?post=742108"},{"taxonomy":"product_cat","embeddable":true,"href":"https:\/\/roveyayinevi.com.tr\/index.php\/wp-json\/wp\/v2\/product_cat?post=742108"},{"taxonomy":"product_tag","embeddable":true,"href":"https:\/\/roveyayinevi.com.tr\/index.php\/wp-json\/wp\/v2\/product_tag?post=742108"}],"curies":[{"name":"wp","href":"https:\/\/api.w.org\/{rel}","templated":true}]}}