{"id":742107,"date":"2025-08-28T01:04:29","date_gmt":"2025-08-27T22:04:29","guid":{"rendered":"https:\/\/roveyayinevi.com.tr\/index.php\/urun\/osmanli-siiri-uzerine-notlar\/"},"modified":"2026-04-16T02:53:19","modified_gmt":"2026-04-15T23:53:19","slug":"osmanli-siiri-uzerine-notlar","status":"publish","type":"product","link":"https:\/\/roveyayinevi.com.tr\/index.php\/urun\/osmanli-siiri-uzerine-notlar\/","title":{"rendered":"Osmanl\u0131 \u015eiiri \u00dczerine Notlar"},"content":{"rendered":"<p>Osmanl\u0131 \u015eiiri \u00dczerine Notlar Kitap A\u00e7\u0131klamas\u0131T\u00fcrk\u00e7enin ses ve s\u00f6z hazineleri olan ve zaman\u0131n tozlar\u0131 ard\u0131nda kalan baz\u0131 kelime, kavram ve tabirleri ayd\u0131nl\u0131\u011fa kavu\u015fturma amac\u0131yla haz\u0131rlanan bu kitap, Osmanl\u0131 \u015fiirinin derin anlamlarla \u00f6r\u00fcl\u00fc, ince hayallerle s\u00fcsl\u00fc d\u00fcnyas\u0131na a\u00e7\u0131lan bir pencere. Metinleri anlama yolunda y\u00fcr\u00fcyenlerin, yer yer k\u00fc\u00e7\u00fck i\u015faretler bulacaklar\u0131 bir k\u0131lavuz.<\/p>\n","protected":false},"excerpt":{"rendered":"<p>Osmanl\u0131 \u015eiiri \u00dczerine Notlar Kitap A\u00e7\u0131klamas\u0131T\u00fcrk\u00e7enin ses ve s\u00f6z hazineleri olan ve zaman\u0131n tozlar\u0131 ard\u0131nda kalan baz\u0131 kelime, kavram ve tabirleri ayd\u0131nl\u0131\u011fa kavu\u015fturma amac\u0131yla haz\u0131rlanan bu<span class=\"excerpt-hellip\"> [\u2026]<\/span><\/p>\n","protected":false},"featured_media":0,"template":"","meta":{"_monsterinsights_skip_tracking":false,"_monsterinsights_sitenote_active":false,"_monsterinsights_sitenote_note":"","_monsterinsights_sitenote_category":0},"product_brand":[],"product_cat":[13072,12291],"product_tag":[],"class_list":{"0":"post-742107","1":"product","2":"type-product","3":"status-publish","5":"product_cat-arastirma-inceleme-referans","6":"product_cat-edebiyat","7":"pa_cilt-ciltsiz","8":"pa_tur-kitap","9":"pa_yayinevi-yeditepe-yayinevi","10":"pa_yazar-omer-zulfe","12":"first","13":"instock","14":"sale","15":"shipping-taxable","16":"purchasable","17":"product-type-simple"},"_links":{"self":[{"href":"https:\/\/roveyayinevi.com.tr\/index.php\/wp-json\/wp\/v2\/product\/742107","targetHints":{"allow":["GET"]}}],"collection":[{"href":"https:\/\/roveyayinevi.com.tr\/index.php\/wp-json\/wp\/v2\/product"}],"about":[{"href":"https:\/\/roveyayinevi.com.tr\/index.php\/wp-json\/wp\/v2\/types\/product"}],"wp:attachment":[{"href":"https:\/\/roveyayinevi.com.tr\/index.php\/wp-json\/wp\/v2\/media?parent=742107"}],"wp:term":[{"taxonomy":"product_brand","embeddable":true,"href":"https:\/\/roveyayinevi.com.tr\/index.php\/wp-json\/wp\/v2\/product_brand?post=742107"},{"taxonomy":"product_cat","embeddable":true,"href":"https:\/\/roveyayinevi.com.tr\/index.php\/wp-json\/wp\/v2\/product_cat?post=742107"},{"taxonomy":"product_tag","embeddable":true,"href":"https:\/\/roveyayinevi.com.tr\/index.php\/wp-json\/wp\/v2\/product_tag?post=742107"}],"curies":[{"name":"wp","href":"https:\/\/api.w.org\/{rel}","templated":true}]}}