{"id":742104,"date":"2025-08-28T01:04:25","date_gmt":"2025-08-27T22:04:25","guid":{"rendered":"https:\/\/roveyayinevi.com.tr\/index.php\/urun\/insan-ve-teknik\/"},"modified":"2026-04-16T02:53:18","modified_gmt":"2026-04-15T23:53:18","slug":"insan-ve-teknik","status":"publish","type":"product","link":"https:\/\/roveyayinevi.com.tr\/index.php\/urun\/insan-ve-teknik\/","title":{"rendered":"\u0130nsan Ve Teknik"},"content":{"rendered":"<p>Spengler teknolojinin insanl\u0131k tarihinin hi\u00e7bir d\u00f6neminde zaman\u0131ndaki kadar etkili olmad\u0131\u011f\u0131n\u0131 belirtir. Bu d\u00f6nemde toplum hemen her yan\u0131yla teknoloji taraf\u0131ndan d\u00f6n\u00fc\u015ft\u00fcr\u00fclm\u00fc\u015ft\u00fcr. \u0130nsan\u0131n duygular\u0131, d\u00fc\u015f\u00fcnceleri, hatta davran\u0131\u015flar\u0131 teknoloji taraf\u0131ndan belirlenmektedir. Makine gibi i\u015fleyen bir insan ya\u015fam\u0131 ve d\u00fcnya g\u00f6r\u00fc\u015f\u00fc giderek bask\u0131n hale gelmektedir. Teknoloji sosyal ve toplumsal yap\u0131y\u0131 da derinden etkilemekle kalmam\u0131\u015f bizim bu d\u00fcnyadaki varl\u0131\u011f\u0131m\u0131z\u0131 da tehdit eder hale gelmi\u015ftir. Teknoloji insan\u0131n d\u00fcnyaya ili\u015fkin kavray\u0131\u015f\u0131n\u0131 da olumsuz etkilemektedir. \u0130mdi, filozoflar\u0131n bir konuya i\u015faret etmeleri orada ciddi bir etik, epistemolojik ve ontolojik sorun oldu\u011fu anlam\u0131na gelmektedir. Felsefecilerin bug\u00fcnlerde i\u015faret ettikleri can al\u0131c\u0131 sorunlardan biri de teknolojinin hayat\u0131m\u0131zda \u00e7ok \u00f6nemli bir rol oynad\u0131\u011f\u0131 ama g\u00f6z ard\u0131 edilemez sorunlar\u0131 da beraberinde getirdi\u011fidir. \u00dcstelik bu sorunlar\u0131n insani, t\u0131bbi, siyasi, iktisadi, i\u00e7timai, askeri gibi boyutlar\u0131 da vard\u0131r. \u0130\u015fte teknolojinin son zamanlarda bir felsefe problemi haline gelmesi, teknolojinin insan do\u011fas\u0131na ili\u015fkin kayg\u0131 verici boyutta ve \u00fcst\u00fc \u00f6rt\u00fclemez birtak\u0131m sorunlara neden olmas\u0131ndan \u00f6t\u00fcr\u00fcd\u00fcr. <\/p>\n","protected":false},"excerpt":{"rendered":"<p>Spengler teknolojinin insanl\u0131k tarihinin hi\u00e7bir d\u00f6neminde zaman\u0131ndaki kadar etkili olmad\u0131\u011f\u0131n\u0131 belirtir. Bu d\u00f6nemde toplum hemen her yan\u0131yla teknoloji taraf\u0131ndan d\u00f6n\u00fc\u015ft\u00fcr\u00fclm\u00fc\u015ft\u00fcr. \u0130nsan\u0131n duygular\u0131, d\u00fc\u015f\u00fcnceleri, hatta davran\u0131\u015flar\u0131 teknoloji<span class=\"excerpt-hellip\"> [\u2026]<\/span><\/p>\n","protected":false},"featured_media":0,"template":"","meta":{"_monsterinsights_skip_tracking":false,"_monsterinsights_sitenote_active":false,"_monsterinsights_sitenote_note":"","_monsterinsights_sitenote_category":0},"product_brand":[],"product_cat":[12388,13555],"product_tag":[],"class_list":{"0":"post-742104","1":"product","2":"type-product","3":"status-publish","5":"product_cat-felsefe","6":"product_cat-genel-felsefe","7":"pa_cilt-ciltsiz","8":"pa_tur-kitap","9":"pa_yayinevi-bilgesu-yayincilik","10":"pa_yazar-oswald-spengler","12":"first","13":"instock","14":"sale","15":"shipping-taxable","16":"purchasable","17":"product-type-simple"},"_links":{"self":[{"href":"https:\/\/roveyayinevi.com.tr\/index.php\/wp-json\/wp\/v2\/product\/742104","targetHints":{"allow":["GET"]}}],"collection":[{"href":"https:\/\/roveyayinevi.com.tr\/index.php\/wp-json\/wp\/v2\/product"}],"about":[{"href":"https:\/\/roveyayinevi.com.tr\/index.php\/wp-json\/wp\/v2\/types\/product"}],"wp:attachment":[{"href":"https:\/\/roveyayinevi.com.tr\/index.php\/wp-json\/wp\/v2\/media?parent=742104"}],"wp:term":[{"taxonomy":"product_brand","embeddable":true,"href":"https:\/\/roveyayinevi.com.tr\/index.php\/wp-json\/wp\/v2\/product_brand?post=742104"},{"taxonomy":"product_cat","embeddable":true,"href":"https:\/\/roveyayinevi.com.tr\/index.php\/wp-json\/wp\/v2\/product_cat?post=742104"},{"taxonomy":"product_tag","embeddable":true,"href":"https:\/\/roveyayinevi.com.tr\/index.php\/wp-json\/wp\/v2\/product_tag?post=742104"}],"curies":[{"name":"wp","href":"https:\/\/api.w.org\/{rel}","templated":true}]}}