{"id":742099,"date":"2025-08-28T01:04:19","date_gmt":"2025-08-27T22:04:19","guid":{"rendered":"https:\/\/roveyayinevi.com.tr\/index.php\/urun\/senin-kakan-nasil\/"},"modified":"2026-04-16T02:53:18","modified_gmt":"2026-04-15T23:53:18","slug":"senin-kakan-nasil","status":"publish","type":"product","link":"https:\/\/roveyayinevi.com.tr\/index.php\/urun\/senin-kakan-nasil\/","title":{"rendered":"Senin Kakan Nas\u0131l?"},"content":{"rendered":"<p>Sevimli hayvan kahramanlar\u0131n yer ald\u0131\u011f\u0131 bu hareketli kitap, \u00e7ocuklar\u0131n tuvalet e\u011fitiminde anne babalara yol g\u00f6sterici olabilmek \u00fczere haz\u0131rlanm\u0131\u015ft\u0131r.   \u00c7ocuklar i\u00e7inse, hem e\u011flendirici hem de fillerin, z\u00fcrafalar\u0131n, farelerin, tilkilerin ve penguenlerin tuvalet al\u0131\u015fkanlar\u0131n\u0131 anlatan \u00f6\u011fretici bir oyun-kitapt\u0131r.<\/p>\n","protected":false},"excerpt":{"rendered":"<p>Sevimli hayvan kahramanlar\u0131n yer ald\u0131\u011f\u0131 bu hareketli kitap, \u00e7ocuklar\u0131n tuvalet e\u011fitiminde anne babalara yol g\u00f6sterici olabilmek \u00fczere haz\u0131rlanm\u0131\u015ft\u0131r. \u00c7ocuklar i\u00e7inse, hem e\u011flendirici hem de fillerin, z\u00fcrafalar\u0131n,<span class=\"excerpt-hellip\"> [\u2026]<\/span><\/p>\n","protected":false},"featured_media":0,"template":"","meta":{"_monsterinsights_skip_tracking":false,"_monsterinsights_sitenote_active":false,"_monsterinsights_sitenote_note":"","_monsterinsights_sitenote_category":0},"product_brand":[],"product_cat":[12274,15842],"product_tag":[],"class_list":{"0":"post-742099","1":"product","2":"type-product","3":"status-publish","5":"product_cat-cocuk-ve-genclik-kitaplari","6":"product_cat-egitici-kitaplar","7":"pa_cilt-ciltli","8":"pa_tur-kitap","9":"pa_yayinevi-potikare-yayincilik","10":"pa_yazar-daniela-gamba","12":"first","13":"instock","14":"sale","15":"shipping-taxable","16":"purchasable","17":"product-type-simple"},"_links":{"self":[{"href":"https:\/\/roveyayinevi.com.tr\/index.php\/wp-json\/wp\/v2\/product\/742099","targetHints":{"allow":["GET"]}}],"collection":[{"href":"https:\/\/roveyayinevi.com.tr\/index.php\/wp-json\/wp\/v2\/product"}],"about":[{"href":"https:\/\/roveyayinevi.com.tr\/index.php\/wp-json\/wp\/v2\/types\/product"}],"wp:attachment":[{"href":"https:\/\/roveyayinevi.com.tr\/index.php\/wp-json\/wp\/v2\/media?parent=742099"}],"wp:term":[{"taxonomy":"product_brand","embeddable":true,"href":"https:\/\/roveyayinevi.com.tr\/index.php\/wp-json\/wp\/v2\/product_brand?post=742099"},{"taxonomy":"product_cat","embeddable":true,"href":"https:\/\/roveyayinevi.com.tr\/index.php\/wp-json\/wp\/v2\/product_cat?post=742099"},{"taxonomy":"product_tag","embeddable":true,"href":"https:\/\/roveyayinevi.com.tr\/index.php\/wp-json\/wp\/v2\/product_tag?post=742099"}],"curies":[{"name":"wp","href":"https:\/\/api.w.org\/{rel}","templated":true}]}}