{"id":742096,"date":"2025-08-28T01:04:15","date_gmt":"2025-08-27T22:04:15","guid":{"rendered":"https:\/\/roveyayinevi.com.tr\/index.php\/urun\/limit\/"},"modified":"2026-04-16T02:53:18","modified_gmt":"2026-04-15T23:53:18","slug":"limit","status":"publish","type":"product","link":"https:\/\/roveyayinevi.com.tr\/index.php\/urun\/limit\/","title":{"rendered":"Limit"},"content":{"rendered":"<p>Soluk kesen bu son ciltte, Konno ve arkada\u015flar\u0131, yeni ve \u00e7ok daha ciddi bir tehditle kar\u015f\u0131 kar\u015f\u0131ya kal\u0131nca ki\u015fisel \u00e7\u0131kmazlar\u0131n\u0131 bir kenara b\u0131rakm\u0131\u015f g\u00f6r\u00fcn\u00fcyorlar. Grup \u00fcyeleri atlatt\u0131klar\u0131 onca badireden sonra, g\u00fcvenli bir \u015fekilde eve d\u00f6nebilecek mi? Yoksa bu yeni tehditler ve \u00f6nlerine \u00e7\u0131kan engeller, bireysel zay\u0131fl\u0131klar\u0131ndan yararlanarak onlar\u0131 alt m\u0131 edecek?   Limit, bir grup gencin ya\u015fad\u0131\u011f\u0131 zorlu hayatta kalma m\u00fccadelesinin hik\u00e2yesi!   <\/p>\n","protected":false},"excerpt":{"rendered":"<p>Soluk kesen bu son ciltte, Konno ve arkada\u015flar\u0131, yeni ve \u00e7ok daha ciddi bir tehditle kar\u015f\u0131 kar\u015f\u0131ya kal\u0131nca ki\u015fisel \u00e7\u0131kmazlar\u0131n\u0131 bir kenara b\u0131rakm\u0131\u015f g\u00f6r\u00fcn\u00fcyorlar. Grup \u00fcyeleri<span class=\"excerpt-hellip\"> [\u2026]<\/span><\/p>\n","protected":false},"featured_media":0,"template":"","meta":{"_monsterinsights_skip_tracking":false,"_monsterinsights_sitenote_active":false,"_monsterinsights_sitenote_note":"","_monsterinsights_sitenote_category":0},"product_brand":[],"product_cat":[12416,12291],"product_tag":[],"class_list":{"0":"post-742096","1":"product","2":"type-product","3":"status-publish","5":"product_cat-cizgi-roman","6":"product_cat-edebiyat","7":"pa_cilt-ciltsiz","8":"pa_tur-kitap","9":"pa_yayinevi-akil-celen-kitaplar","10":"pa_yazar-keiko-suenobu","12":"first","13":"instock","14":"sale","15":"shipping-taxable","16":"purchasable","17":"product-type-simple"},"_links":{"self":[{"href":"https:\/\/roveyayinevi.com.tr\/index.php\/wp-json\/wp\/v2\/product\/742096","targetHints":{"allow":["GET"]}}],"collection":[{"href":"https:\/\/roveyayinevi.com.tr\/index.php\/wp-json\/wp\/v2\/product"}],"about":[{"href":"https:\/\/roveyayinevi.com.tr\/index.php\/wp-json\/wp\/v2\/types\/product"}],"wp:attachment":[{"href":"https:\/\/roveyayinevi.com.tr\/index.php\/wp-json\/wp\/v2\/media?parent=742096"}],"wp:term":[{"taxonomy":"product_brand","embeddable":true,"href":"https:\/\/roveyayinevi.com.tr\/index.php\/wp-json\/wp\/v2\/product_brand?post=742096"},{"taxonomy":"product_cat","embeddable":true,"href":"https:\/\/roveyayinevi.com.tr\/index.php\/wp-json\/wp\/v2\/product_cat?post=742096"},{"taxonomy":"product_tag","embeddable":true,"href":"https:\/\/roveyayinevi.com.tr\/index.php\/wp-json\/wp\/v2\/product_tag?post=742096"}],"curies":[{"name":"wp","href":"https:\/\/api.w.org\/{rel}","templated":true}]}}