{"id":742090,"date":"2025-08-28T01:04:07","date_gmt":"2025-08-27T22:04:07","guid":{"rendered":"https:\/\/roveyayinevi.com.tr\/index.php\/urun\/mecbur-muyum\/"},"modified":"2026-04-13T03:00:16","modified_gmt":"2026-04-13T00:00:16","slug":"mecbur-muyum","status":"publish","type":"product","link":"https:\/\/roveyayinevi.com.tr\/index.php\/urun\/mecbur-muyum\/","title":{"rendered":"Mecbur muyum?"},"content":{"rendered":"<p>Sevgili Okur,   Bu kitap senin asl\u0131nda mecbur olmay\u0131p yapt\u0131\u011f\u0131n her eylemi, seni manip\u00fcle ederek zorunda hissettiren ve sana bug\u00fcne kadar yak\u0131\u015ft\u0131r\u0131lan (!) ama i\u00e7i bo\u015f olan bir\u00e7ok s\u00f6ylemi tersine \u00e7evirerek, kendi g\u00fcc\u00fcn\u00fc tekrar eline al\u0131p ya\u015fad\u0131klar\u0131na yeni bir bak\u0131\u015f a\u00e7\u0131s\u0131yla bakman amac\u0131yla kaleme al\u0131nd\u0131. Kitapla birlikte \u015fu ana kadar bizlere dayat\u0131lan t\u00fcm o dikte edilmi\u015f ve normalle\u015ftirilmi\u015f ifadeleri yeni ba\u015ftan yazarak, kendi i\u00e7imizde derin bir muhasebe yapmam\u0131z \u015fart g\u00f6z\u00fck\u00fcyor.   Kendine hi\u00e7 sordun mu mecbur hissetti\u011fin i\u00e7in yapt\u0131\u011f\u0131n neler var hayat\u0131nda?   Omuzuna y\u00fck olan, seni dibe \u00e7eken, her seferinde \u201cBir daha asla yapmayaca\u011f\u0131m\u201d dedi\u011fin ka\u00e7 c\u00fcmle kurdun \u015fimdiye kadar?   Sorsam sana neleri de\u011fi\u015ftirmek isterdin ya\u015fam\u0131nda?   Ba\u015fkalar\u0131na ay\u0131rd\u0131\u011f\u0131n zaman kadar, kendine de zaman ay\u0131r\u0131yor musun asl\u0131nda?   Mecbur olduklar\u0131nla, ger\u00e7ekten isteyerek yapt\u0131klar\u0131n bir terazide olsa, hangi taraf a\u011f\u0131r basar?   Sordun mu bunlar\u0131 hi\u00e7 kendine? Hadi gel birlikte soral\u0131m bu sorular\u0131 ve arayal\u0131m y\u00fcre\u011findeki cevaplar\u0131\u2026 \u00c7imen Erengezgin; ipleri eline alarak okuyucusuna sordu\u011fu sorularla toplumun kafas\u0131ndaki kad\u0131n tabusunu y\u0131kmak, kad\u0131na y\u00f6nelik sessiz kal\u0131nan s\u00f6ylemleri dile getirmek ad\u0131na bizlere \u00f6nc\u00fc oluyor. Erkek hegemonyas\u0131 alt\u0131nda ezilen kad\u0131na bir \u201cbirey\u201d oldu\u011funu, \u201cMecbur muyum?\u201d sorusu ekseninde \u015fekillendirdi\u011fi kitab\u0131nda ad\u0131m ad\u0131m hat\u0131rlatarak, cevaplar\u0131 okuyucusuna b\u0131rak\u0131yor.     \u00c7imen Erengezgin   Marmara \u00dcniversitesi, \u0130ktisat Fak\u00fcltesi, Maliye B\u00f6l\u00fcm\u00fcnden mezun olduktan sonra, \u0130stanbul \u00dcniversitesi, \u0130ktisat Fak\u00fcltesi, Para Banka B\u00f6l\u00fcm\u00fcnde y\u00fcksek lisans\u0131n\u0131 tamamlad\u0131. Uzun y\u0131llar \u00e7e\u015fitli ajans ve \u015firketlerde halkla ili\u015fkiler alan\u0131nda \u00e7al\u0131\u015ft\u0131. 2005 y\u0131l\u0131nda yoga ile tan\u0131\u015ft\u0131. 2010 y\u0131l\u0131nda Swami Vivekananda Yoga \u00dcniversitesi Sertifika Program\u0131\u2019na kat\u0131larak Yoga E\u011fitmenli\u011fine ba\u015flad\u0131. 2017 Mart &#8211; 2020 Kas\u0131m tarihleri aras\u0131nda Yoga Dergisi\u2019nde yoga ve fark\u0131ndal\u0131k i\u00e7erikli yaz\u0131lar yazd\u0131. H\u00e2len sa\u011fl\u0131kl\u0131 yeti\u015fkinlere ve hamilelere grup ve \u00f6zel yoga dersleri veriyor. \u015eimdi Zaman\u0131, Kendine \u015eefkat adl\u0131 at\u00f6lyeler d\u00fczenliyor. Her daim okur ve yazar.   Kitaplar\u0131 Mecbur muyum? &#8211; Kurgu D\u0131\u015f\u0131 &#8211; 2022 Asl\u0131nda Maviydi Terk Eden &#8211; Roman &#8211; 2018 Vay Ba\u015f\u0131na Yoga Gelenler &#8211; Yoga &#8211; 2017 Ye\u015fil Bisikletli K\u0131z  &#8211; \u00d6yk\u00fc &#8211; Ki\u015fisel Geli\u015fim &#8211; 2016 Gezginname, Bir Fark\u0131ndal\u0131k Yolculu\u011fu &#8211; \u00d6yk\u00fc &#8211; Ki\u015fisel Geli\u015fim &#8211; 2015 <\/p>\n","protected":false},"excerpt":{"rendered":"<p>Sevgili Okur, Bu kitap senin asl\u0131nda mecbur olmay\u0131p yapt\u0131\u011f\u0131n her eylemi, seni manip\u00fcle ederek zorunda hissettiren ve sana bug\u00fcne kadar yak\u0131\u015ft\u0131r\u0131lan (!) ama i\u00e7i bo\u015f olan<span class=\"excerpt-hellip\"> [\u2026]<\/span><\/p>\n","protected":false},"featured_media":0,"template":"","meta":{"_monsterinsights_skip_tracking":false,"_monsterinsights_sitenote_active":false,"_monsterinsights_sitenote_note":"","_monsterinsights_sitenote_category":0},"product_brand":[],"product_cat":[12364,12376],"product_tag":[],"class_list":{"0":"post-742090","1":"product","2":"type-product","3":"status-publish","5":"product_cat-genel-konular","6":"product_cat-kisisel-gelisim","7":"pa_cilt-ciltsiz","8":"pa_tur-kitap","9":"pa_yayinevi-yeni-insan-yayinlari","10":"pa_yazar-cimen-erengezgin","12":"first","13":"instock","14":"sale","15":"shipping-taxable","16":"purchasable","17":"product-type-simple"},"_links":{"self":[{"href":"https:\/\/roveyayinevi.com.tr\/index.php\/wp-json\/wp\/v2\/product\/742090","targetHints":{"allow":["GET"]}}],"collection":[{"href":"https:\/\/roveyayinevi.com.tr\/index.php\/wp-json\/wp\/v2\/product"}],"about":[{"href":"https:\/\/roveyayinevi.com.tr\/index.php\/wp-json\/wp\/v2\/types\/product"}],"wp:attachment":[{"href":"https:\/\/roveyayinevi.com.tr\/index.php\/wp-json\/wp\/v2\/media?parent=742090"}],"wp:term":[{"taxonomy":"product_brand","embeddable":true,"href":"https:\/\/roveyayinevi.com.tr\/index.php\/wp-json\/wp\/v2\/product_brand?post=742090"},{"taxonomy":"product_cat","embeddable":true,"href":"https:\/\/roveyayinevi.com.tr\/index.php\/wp-json\/wp\/v2\/product_cat?post=742090"},{"taxonomy":"product_tag","embeddable":true,"href":"https:\/\/roveyayinevi.com.tr\/index.php\/wp-json\/wp\/v2\/product_tag?post=742090"}],"curies":[{"name":"wp","href":"https:\/\/api.w.org\/{rel}","templated":true}]}}