{"id":742086,"date":"2025-08-28T01:04:01","date_gmt":"2025-08-27T22:04:01","guid":{"rendered":"https:\/\/roveyayinevi.com.tr\/index.php\/urun\/peki-ya-eserler-yazar-degistirseydi\/"},"modified":"2026-04-16T02:53:18","modified_gmt":"2026-04-15T23:53:18","slug":"peki-ya-eserler-yazar-degistirseydi","status":"publish","type":"product","link":"https:\/\/roveyayinevi.com.tr\/index.php\/urun\/peki-ya-eserler-yazar-degistirseydi\/","title":{"rendered":"Peki, Ya Eserler Yazar De\u011fi\u015ftirseydi?"},"content":{"rendered":"<p>Borges sayesinde art\u0131k hepimiz Don Quijote\u2019nin ger\u00e7ek yazar\u0131n\u0131n Pierre M\u00e9nard oldu\u011funu biliyoruz. Peki Kafka\u2019n\u0131n Yabanc\u0131\u2019y\u0131, Tolstoy\u2019un ise R\u00fczg\u00e2r Gibi Ge\u00e7ti\u2019yi yazd\u0131\u011f\u0131n\u0131 ya da Hitchcock\u2019un Potemkin Z\u0131rhl\u0131s\u0131 filmini \u00e7ekti\u011fini biliyor muydunuz? Edebiyat profes\u00f6r\u00fc ve denemeci Pierre Bayard\u2019a g\u00f6re, eserlerin m\u00fcelliflerini de\u011fi\u015ftirmek ve onlar\u0131 ba\u015fka bir bak\u0131\u015f a\u00e7\u0131s\u0131yla incelemeye \u00e7al\u0131\u015fmak hem alg\u0131m\u0131z\u0131 zenginle\u015ftiren hem de bizi daha \u00e7ok hayal kurmaya te\u015fvik eden bir y\u00f6ntem. Bayard, Don Quijote\u2019yi bir 20. y\u00fczy\u0131l bilimkurgu yazar\u0131na atfeden Borges\u2019in ve 1968\u2019de \u201cm\u00fcellifin \u00f6l\u00fcm\u00fc\u201dn\u00fc ilan eden Roland Barthes\u2019\u0131n yolundan ilerliyor; Nietzsche\u2019yi Karamazov Karde\u015fler\u2019i yazmaya iten sebepleri sorguluyor, Balzac\u2019\u0131n Parma Manast\u0131r\u0131\u2019ndaki \u00fcslubunu inceliyor. Peki, Ya Eserler Yazar De\u011fi\u015ftirseydi? tarihe ters k\u00f6\u015fe yaparak al\u0131\u015f\u0131lmad\u0131k bir okuma bi\u00e7imi \u00f6neriyor. <\/p>\n","protected":false},"excerpt":{"rendered":"<p>Borges sayesinde art\u0131k hepimiz Don Quijote\u2019nin ger\u00e7ek yazar\u0131n\u0131n Pierre M\u00e9nard oldu\u011funu biliyoruz. Peki Kafka\u2019n\u0131n Yabanc\u0131\u2019y\u0131, Tolstoy\u2019un ise R\u00fczg\u00e2r Gibi Ge\u00e7ti\u2019yi yazd\u0131\u011f\u0131n\u0131 ya da Hitchcock\u2019un Potemkin Z\u0131rhl\u0131s\u0131<span class=\"excerpt-hellip\"> [\u2026]<\/span><\/p>\n","protected":false},"featured_media":0,"template":"","meta":{"_monsterinsights_skip_tracking":false,"_monsterinsights_sitenote_active":false,"_monsterinsights_sitenote_note":"","_monsterinsights_sitenote_category":0},"product_brand":[],"product_cat":[12777,12291],"product_tag":[],"class_list":{"0":"post-742086","1":"product","2":"type-product","3":"status-publish","5":"product_cat-deneme","6":"product_cat-edebiyat","7":"pa_cilt-ciltsiz","8":"pa_tur-kitap","9":"pa_yayinevi-everest-yayinlari","10":"pa_yazar-pierre-bayard","12":"first","13":"instock","14":"sale","15":"shipping-taxable","16":"purchasable","17":"product-type-simple"},"_links":{"self":[{"href":"https:\/\/roveyayinevi.com.tr\/index.php\/wp-json\/wp\/v2\/product\/742086","targetHints":{"allow":["GET"]}}],"collection":[{"href":"https:\/\/roveyayinevi.com.tr\/index.php\/wp-json\/wp\/v2\/product"}],"about":[{"href":"https:\/\/roveyayinevi.com.tr\/index.php\/wp-json\/wp\/v2\/types\/product"}],"wp:attachment":[{"href":"https:\/\/roveyayinevi.com.tr\/index.php\/wp-json\/wp\/v2\/media?parent=742086"}],"wp:term":[{"taxonomy":"product_brand","embeddable":true,"href":"https:\/\/roveyayinevi.com.tr\/index.php\/wp-json\/wp\/v2\/product_brand?post=742086"},{"taxonomy":"product_cat","embeddable":true,"href":"https:\/\/roveyayinevi.com.tr\/index.php\/wp-json\/wp\/v2\/product_cat?post=742086"},{"taxonomy":"product_tag","embeddable":true,"href":"https:\/\/roveyayinevi.com.tr\/index.php\/wp-json\/wp\/v2\/product_tag?post=742086"}],"curies":[{"name":"wp","href":"https:\/\/api.w.org\/{rel}","templated":true}]}}