{"id":742082,"date":"2025-08-28T01:03:54","date_gmt":"2025-08-27T22:03:54","guid":{"rendered":"https:\/\/roveyayinevi.com.tr\/index.php\/urun\/dostlar-sokagi\/"},"modified":"2026-04-16T02:53:18","modified_gmt":"2026-04-15T23:53:18","slug":"dostlar-sokagi","status":"publish","type":"product","link":"https:\/\/roveyayinevi.com.tr\/index.php\/urun\/dostlar-sokagi\/","title":{"rendered":"Dostlar Soka\u011f\u0131"},"content":{"rendered":"<p>Kanguru, ceylan, tembel hayvan ve bukalemun bah\u00e7e i\u00e7indeki g\u00fczel bir evde ya\u015f\u0131yordu. Evin bir odas\u0131 bo\u015f oldu\u011fu i\u00e7in bir de ev arkada\u015f\u0131 ar\u0131yorlard\u0131. Bu odada kim ya\u015fayabilir? Bir fil mi, kar\u0131nca m\u0131, yoksa inek mi? Farkl\u0131l\u0131klarla birlikte keyifli ya\u015faman\u0131n yolu her zaman bulunabilir! <\/p>\n","protected":false},"excerpt":{"rendered":"<p>Kanguru, ceylan, tembel hayvan ve bukalemun bah\u00e7e i\u00e7indeki g\u00fczel bir evde ya\u015f\u0131yordu. Evin bir odas\u0131 bo\u015f oldu\u011fu i\u00e7in bir de ev arkada\u015f\u0131 ar\u0131yorlard\u0131. Bu odada kim<span class=\"excerpt-hellip\"> [\u2026]<\/span><\/p>\n","protected":false},"featured_media":0,"template":"","meta":{"_monsterinsights_skip_tracking":false,"_monsterinsights_sitenote_active":false,"_monsterinsights_sitenote_note":"","_monsterinsights_sitenote_category":0},"product_brand":[],"product_cat":[12274,12284],"product_tag":[],"class_list":{"0":"post-742082","1":"product","2":"type-product","3":"status-publish","5":"product_cat-cocuk-ve-genclik-kitaplari","6":"product_cat-hikayeler","7":"pa_cilt-ciltsiz","8":"pa_tur-kitap","9":"pa_yayinevi-is-bankasi-kultur-yayinlari","10":"pa_yazar-frank-maria-reifenberg","12":"first","13":"instock","14":"sale","15":"shipping-taxable","16":"purchasable","17":"product-type-simple"},"_links":{"self":[{"href":"https:\/\/roveyayinevi.com.tr\/index.php\/wp-json\/wp\/v2\/product\/742082","targetHints":{"allow":["GET"]}}],"collection":[{"href":"https:\/\/roveyayinevi.com.tr\/index.php\/wp-json\/wp\/v2\/product"}],"about":[{"href":"https:\/\/roveyayinevi.com.tr\/index.php\/wp-json\/wp\/v2\/types\/product"}],"wp:attachment":[{"href":"https:\/\/roveyayinevi.com.tr\/index.php\/wp-json\/wp\/v2\/media?parent=742082"}],"wp:term":[{"taxonomy":"product_brand","embeddable":true,"href":"https:\/\/roveyayinevi.com.tr\/index.php\/wp-json\/wp\/v2\/product_brand?post=742082"},{"taxonomy":"product_cat","embeddable":true,"href":"https:\/\/roveyayinevi.com.tr\/index.php\/wp-json\/wp\/v2\/product_cat?post=742082"},{"taxonomy":"product_tag","embeddable":true,"href":"https:\/\/roveyayinevi.com.tr\/index.php\/wp-json\/wp\/v2\/product_tag?post=742082"}],"curies":[{"name":"wp","href":"https:\/\/api.w.org\/{rel}","templated":true}]}}