{"id":742081,"date":"2025-08-28T01:03:53","date_gmt":"2025-08-27T22:03:53","guid":{"rendered":"https:\/\/roveyayinevi.com.tr\/index.php\/urun\/aliye-kardes-geliyor\/"},"modified":"2026-04-16T02:53:18","modified_gmt":"2026-04-15T23:53:18","slug":"aliye-kardes-geliyor","status":"publish","type":"product","link":"https:\/\/roveyayinevi.com.tr\/index.php\/urun\/aliye-kardes-geliyor\/","title":{"rendered":"Ali\u2019ye Karde\u015f Geliyor"},"content":{"rendered":"<p>Ali\u2019nin bir k\u0131z karde\u015fi oldu. Ali, karde\u015finin eve gelmesini heyecanla bekliyor. Ama bu s\u0131rada aile \u00fcyelerinin bebek hakk\u0131nda s\u00f6yledikleri, akl\u0131n\u0131 kar\u0131\u015ft\u0131r\u0131yor! Bakal\u0131m Ali\u2019nin karde\u015fiyle ilk kar\u015f\u0131la\u015fmas\u0131 nas\u0131l ge\u00e7ecek? Karde\u015f sevgisi konulu, i\u00e7inizi \u0131s\u0131tacak bir hik\u00e2ye.   <\/p>\n","protected":false},"excerpt":{"rendered":"<p>Ali\u2019nin bir k\u0131z karde\u015fi oldu. Ali, karde\u015finin eve gelmesini heyecanla bekliyor. Ama bu s\u0131rada aile \u00fcyelerinin bebek hakk\u0131nda s\u00f6yledikleri, akl\u0131n\u0131 kar\u0131\u015ft\u0131r\u0131yor! Bakal\u0131m Ali\u2019nin karde\u015fiyle ilk kar\u015f\u0131la\u015fmas\u0131<span class=\"excerpt-hellip\"> [\u2026]<\/span><\/p>\n","protected":false},"featured_media":0,"template":"","meta":{"_monsterinsights_skip_tracking":false,"_monsterinsights_sitenote_active":false,"_monsterinsights_sitenote_note":"","_monsterinsights_sitenote_category":0},"product_brand":[],"product_cat":[12274,12284],"product_tag":[],"class_list":{"0":"post-742081","1":"product","2":"type-product","3":"status-publish","5":"product_cat-cocuk-ve-genclik-kitaplari","6":"product_cat-hikayeler","7":"pa_cilt-ciltsiz","8":"pa_tur-kitap","9":"pa_yayinevi-is-bankasi-kultur-yayinlari","10":"pa_yazar-carrie-hennon","12":"first","13":"instock","14":"sale","15":"shipping-taxable","16":"purchasable","17":"product-type-simple"},"_links":{"self":[{"href":"https:\/\/roveyayinevi.com.tr\/index.php\/wp-json\/wp\/v2\/product\/742081","targetHints":{"allow":["GET"]}}],"collection":[{"href":"https:\/\/roveyayinevi.com.tr\/index.php\/wp-json\/wp\/v2\/product"}],"about":[{"href":"https:\/\/roveyayinevi.com.tr\/index.php\/wp-json\/wp\/v2\/types\/product"}],"wp:attachment":[{"href":"https:\/\/roveyayinevi.com.tr\/index.php\/wp-json\/wp\/v2\/media?parent=742081"}],"wp:term":[{"taxonomy":"product_brand","embeddable":true,"href":"https:\/\/roveyayinevi.com.tr\/index.php\/wp-json\/wp\/v2\/product_brand?post=742081"},{"taxonomy":"product_cat","embeddable":true,"href":"https:\/\/roveyayinevi.com.tr\/index.php\/wp-json\/wp\/v2\/product_cat?post=742081"},{"taxonomy":"product_tag","embeddable":true,"href":"https:\/\/roveyayinevi.com.tr\/index.php\/wp-json\/wp\/v2\/product_tag?post=742081"}],"curies":[{"name":"wp","href":"https:\/\/api.w.org\/{rel}","templated":true}]}}