{"id":742079,"date":"2025-08-28T01:03:50","date_gmt":"2025-08-27T22:03:50","guid":{"rendered":"https:\/\/roveyayinevi.com.tr\/index.php\/urun\/bu-koltuk-benim\/"},"modified":"2026-04-08T03:01:28","modified_gmt":"2026-04-08T00:01:28","slug":"bu-koltuk-benim","status":"publish","type":"product","link":"https:\/\/roveyayinevi.com.tr\/index.php\/urun\/bu-koltuk-benim\/","title":{"rendered":"Bu Koltuk Benim!"},"content":{"rendered":"<p>Uykusu gelen minikler nas\u0131l uykuya dal\u0131yor? G\u00f6rmek ister misin? Yavru su samuru uyurken annesinin elini tutuyor. Mirketler birbirlerine sar\u0131l\u0131p uyuyor. Maymunlar yapraklardan yumu\u015fac\u0131k bir yatak yap\u0131yor. Birbirinden sevimli yavrular\u0131n nas\u0131l uykuya dald\u0131klar\u0131n\u0131 dinlerken sen de m\u0131\u015f\u0131l m\u0131\u015f\u0131l uyumaya haz\u0131rlan\u2026   <\/p>\n","protected":false},"excerpt":{"rendered":"<p>Uykusu gelen minikler nas\u0131l uykuya dal\u0131yor? G\u00f6rmek ister misin? Yavru su samuru uyurken annesinin elini tutuyor. Mirketler birbirlerine sar\u0131l\u0131p uyuyor. Maymunlar yapraklardan yumu\u015fac\u0131k bir yatak yap\u0131yor.<span class=\"excerpt-hellip\"> [\u2026]<\/span><\/p>\n","protected":false},"featured_media":0,"template":"","meta":{"_monsterinsights_skip_tracking":false,"_monsterinsights_sitenote_active":false,"_monsterinsights_sitenote_note":"","_monsterinsights_sitenote_category":0},"product_brand":[],"product_cat":[12274,12284],"product_tag":[],"class_list":{"0":"post-742079","1":"product","2":"type-product","3":"status-publish","5":"product_cat-cocuk-ve-genclik-kitaplari","6":"product_cat-hikayeler","7":"pa_cilt-ciltsiz","8":"pa_tur-kitap","9":"pa_yayinevi-is-bankasi-kultur-yayinlari","10":"pa_yazar-leonie-lord","12":"first","13":"instock","14":"sale","15":"shipping-taxable","16":"purchasable","17":"product-type-simple"},"_links":{"self":[{"href":"https:\/\/roveyayinevi.com.tr\/index.php\/wp-json\/wp\/v2\/product\/742079","targetHints":{"allow":["GET"]}}],"collection":[{"href":"https:\/\/roveyayinevi.com.tr\/index.php\/wp-json\/wp\/v2\/product"}],"about":[{"href":"https:\/\/roveyayinevi.com.tr\/index.php\/wp-json\/wp\/v2\/types\/product"}],"wp:attachment":[{"href":"https:\/\/roveyayinevi.com.tr\/index.php\/wp-json\/wp\/v2\/media?parent=742079"}],"wp:term":[{"taxonomy":"product_brand","embeddable":true,"href":"https:\/\/roveyayinevi.com.tr\/index.php\/wp-json\/wp\/v2\/product_brand?post=742079"},{"taxonomy":"product_cat","embeddable":true,"href":"https:\/\/roveyayinevi.com.tr\/index.php\/wp-json\/wp\/v2\/product_cat?post=742079"},{"taxonomy":"product_tag","embeddable":true,"href":"https:\/\/roveyayinevi.com.tr\/index.php\/wp-json\/wp\/v2\/product_tag?post=742079"}],"curies":[{"name":"wp","href":"https:\/\/api.w.org\/{rel}","templated":true}]}}