{"id":742075,"date":"2025-08-28T01:03:43","date_gmt":"2025-08-27T22:03:43","guid":{"rendered":"https:\/\/roveyayinevi.com.tr\/index.php\/urun\/arkadasim-elif-doga-etkinlik-kitabim\/"},"modified":"2026-04-16T02:53:18","modified_gmt":"2026-04-15T23:53:18","slug":"arkadasim-elif-doga-etkinlik-kitabim","status":"publish","type":"product","link":"https:\/\/roveyayinevi.com.tr\/index.php\/urun\/arkadasim-elif-doga-etkinlik-kitabim\/","title":{"rendered":"Arkada\u015f\u0131m Elif &#8211; Do\u011fa Etkinlik Kitab\u0131m"},"content":{"rendered":"<p>\u00c7ak\u0131l ta\u015flar\u0131, deniz kabuklar\u0131 ve renkli yapraklarla harika etkinlikler yapmaya ne dersin? Do\u011fadan toplad\u0131\u011f\u0131n basit malzemelerle neler yapabilece\u011fini kitapta bulabilirsin. \u25cf E\u011flenceli el sanatlar\u0131 \u25cf Yarat\u0131c\u0131l\u0131\u011f\u0131n\u0131 destekleyen etkinlikler \u25cf Evde veya d\u0131\u015far\u0131da yapabilirsin   <\/p>\n","protected":false},"excerpt":{"rendered":"<p>\u00c7ak\u0131l ta\u015flar\u0131, deniz kabuklar\u0131 ve renkli yapraklarla harika etkinlikler yapmaya ne dersin? Do\u011fadan toplad\u0131\u011f\u0131n basit malzemelerle neler yapabilece\u011fini kitapta bulabilirsin. \u25cf E\u011flenceli el sanatlar\u0131 \u25cf Yarat\u0131c\u0131l\u0131\u011f\u0131n\u0131<span class=\"excerpt-hellip\"> [\u2026]<\/span><\/p>\n","protected":false},"featured_media":0,"template":"","meta":{"_monsterinsights_skip_tracking":false,"_monsterinsights_sitenote_active":false,"_monsterinsights_sitenote_note":"","_monsterinsights_sitenote_category":0},"product_brand":[],"product_cat":[12274,12284],"product_tag":[],"class_list":{"0":"post-742075","1":"product","2":"type-product","3":"status-publish","5":"product_cat-cocuk-ve-genclik-kitaplari","6":"product_cat-hikayeler","7":"pa_cilt-ciltsiz","8":"pa_tur-kitap","9":"pa_yayinevi-is-bankasi-kultur-yayinlari","10":"pa_yazar-laura-leintz","12":"first","13":"instock","14":"sale","15":"shipping-taxable","16":"purchasable","17":"product-type-simple"},"_links":{"self":[{"href":"https:\/\/roveyayinevi.com.tr\/index.php\/wp-json\/wp\/v2\/product\/742075","targetHints":{"allow":["GET"]}}],"collection":[{"href":"https:\/\/roveyayinevi.com.tr\/index.php\/wp-json\/wp\/v2\/product"}],"about":[{"href":"https:\/\/roveyayinevi.com.tr\/index.php\/wp-json\/wp\/v2\/types\/product"}],"wp:attachment":[{"href":"https:\/\/roveyayinevi.com.tr\/index.php\/wp-json\/wp\/v2\/media?parent=742075"}],"wp:term":[{"taxonomy":"product_brand","embeddable":true,"href":"https:\/\/roveyayinevi.com.tr\/index.php\/wp-json\/wp\/v2\/product_brand?post=742075"},{"taxonomy":"product_cat","embeddable":true,"href":"https:\/\/roveyayinevi.com.tr\/index.php\/wp-json\/wp\/v2\/product_cat?post=742075"},{"taxonomy":"product_tag","embeddable":true,"href":"https:\/\/roveyayinevi.com.tr\/index.php\/wp-json\/wp\/v2\/product_tag?post=742075"}],"curies":[{"name":"wp","href":"https:\/\/api.w.org\/{rel}","templated":true}]}}