{"id":742074,"date":"2025-08-28T01:03:42","date_gmt":"2025-08-27T22:03:42","guid":{"rendered":"https:\/\/roveyayinevi.com.tr\/index.php\/urun\/michael-oakeshott\/"},"modified":"2026-04-16T02:53:18","modified_gmt":"2026-04-15T23:53:18","slug":"michael-oakeshott","status":"publish","type":"product","link":"https:\/\/roveyayinevi.com.tr\/index.php\/urun\/michael-oakeshott\/","title":{"rendered":"Michael Oakeshott"},"content":{"rendered":"<p>XX. y\u00fczy\u0131l\u0131n \u00f6nemli ve ikonik d\u00fc\u015f\u00fcn\u00fcrlerinden olan Michael Oakeshott, sadece i\u00e7inde bulunmu\u015f oldu\u011fu d\u00f6nemin politik yap\u0131s\u0131n\u0131 ve e\u011filimlerini etkilememi\u015f ayn\u0131 zamanda ge\u00e7 \u0130ngiliz idealizminin se\u00e7kin bir \u00f6rne\u011fi kabul edilen Experience and Its Modes (1933), gelene\u011fin \u00f6nemine ve rasyonalizmin sosyo-politik alandaki tahribat\u0131n\u0131n ele\u015ftirilerine de\u011findi\u011fi makalelerinin yer ald\u0131\u011f\u0131 Rationalism in Politics and Other Essays (1991) ve modern liberalizme yap\u0131lan en \u00f6nemli katk\u0131 olarak de\u011ferlendirilen On Human Conduct eserleriyle de siyasal kuram\u0131n literat\u00fcr\u00fcne ciddi anlamda katk\u0131 sa\u011flam\u0131\u015ft\u0131r. Ayr\u0131ca, tarih felsefesinden e\u011fitim felsefesine de\u011fin birbirinden farkl\u0131 alanlarda ve temalardaki \u00e7al\u0131\u015fmalar\u0131 entelekt\u00fcel derinli\u011fini ve nev-i \u015fahs\u0131na m\u00fcnhas\u0131r d\u00fc\u015f\u00fcn\u00fcr kimli\u011finin bir ifadesidir. Oakeshott, bu entelekt\u00fcel birikimin ve \u00e7e\u015fitlili\u011fin bir yans\u0131mas\u0131 olarak kimi akademik \u00e7evrelerce liberal, muhafazak\u00e2r ya da liberal-muhafazak\u00e2r bir anlam d\u00fcnyas\u0131 i\u00e7erisinde farkl\u0131 ba\u011flamlarda ele al\u0131nm\u0131\u015ft\u0131r. Elinizdeki bu \u00e7al\u0131\u015fma ise Oakeshott\u2019\u0131n gelenek ve \u00f6zg\u00fcrl\u00fck kavray\u0131\u015flar\u0131 aras\u0131ndaki uyumdan hareketle liberal-muhafazak\u00e2r bir Oakeshott portresi sunmaya \u00e7al\u0131\u015fm\u0131\u015ft\u0131r. <\/p>\n","protected":false},"excerpt":{"rendered":"<p>XX. y\u00fczy\u0131l\u0131n \u00f6nemli ve ikonik d\u00fc\u015f\u00fcn\u00fcrlerinden olan Michael Oakeshott, sadece i\u00e7inde bulunmu\u015f oldu\u011fu d\u00f6nemin politik yap\u0131s\u0131n\u0131 ve e\u011filimlerini etkilememi\u015f ayn\u0131 zamanda ge\u00e7 \u0130ngiliz idealizminin se\u00e7kin bir<span class=\"excerpt-hellip\"> [\u2026]<\/span><\/p>\n","protected":false},"featured_media":0,"template":"","meta":{"_monsterinsights_skip_tracking":false,"_monsterinsights_sitenote_active":false,"_monsterinsights_sitenote_note":"","_monsterinsights_sitenote_category":0},"product_brand":[],"product_cat":[13059,12337],"product_tag":[],"class_list":{"0":"post-742074","1":"product","2":"type-product","3":"status-publish","5":"product_cat-diger-politika-siyaset","6":"product_cat-politika-siyaset","7":"pa_cilt-ciltsiz","8":"pa_tur-kitap","9":"pa_yayinevi-liberte-yayinlari","10":"pa_yazar-levent-gorusuk","12":"first","13":"instock","14":"sale","15":"shipping-taxable","16":"purchasable","17":"product-type-simple"},"_links":{"self":[{"href":"https:\/\/roveyayinevi.com.tr\/index.php\/wp-json\/wp\/v2\/product\/742074","targetHints":{"allow":["GET"]}}],"collection":[{"href":"https:\/\/roveyayinevi.com.tr\/index.php\/wp-json\/wp\/v2\/product"}],"about":[{"href":"https:\/\/roveyayinevi.com.tr\/index.php\/wp-json\/wp\/v2\/types\/product"}],"wp:attachment":[{"href":"https:\/\/roveyayinevi.com.tr\/index.php\/wp-json\/wp\/v2\/media?parent=742074"}],"wp:term":[{"taxonomy":"product_brand","embeddable":true,"href":"https:\/\/roveyayinevi.com.tr\/index.php\/wp-json\/wp\/v2\/product_brand?post=742074"},{"taxonomy":"product_cat","embeddable":true,"href":"https:\/\/roveyayinevi.com.tr\/index.php\/wp-json\/wp\/v2\/product_cat?post=742074"},{"taxonomy":"product_tag","embeddable":true,"href":"https:\/\/roveyayinevi.com.tr\/index.php\/wp-json\/wp\/v2\/product_tag?post=742074"}],"curies":[{"name":"wp","href":"https:\/\/api.w.org\/{rel}","templated":true}]}}