{"id":742069,"date":"2025-08-28T01:03:34","date_gmt":"2025-08-27T22:03:34","guid":{"rendered":"https:\/\/roveyayinevi.com.tr\/index.php\/urun\/fineas-ve-forb\/"},"modified":"2026-04-16T02:53:18","modified_gmt":"2026-04-15T23:53:18","slug":"fineas-ve-forb","status":"publish","type":"product","link":"https:\/\/roveyayinevi.com.tr\/index.php\/urun\/fineas-ve-forb\/","title":{"rendered":"Fineas Ve F\u00f6rb"},"content":{"rendered":"<p>Bir y\u00fczme havuzu dolusu j\u00f6le yapan F\u0130NEAS VE F\u00d6RB \u00e7ok e\u011fleniyorlard\u0131\u2026 ta ki DR. DOOFENSHM\u0130RTZ\u2019in son yarat\u0131\u011f\u0131 canlanana dek! Fineas ve F\u00f6rb, bu devasa j\u00f6le canavar\u0131 durdurman\u0131n ve CANDACE\u2019\u0131 kurtarman\u0131n bir yolunu bulmak zorundalar. Ard\u0131ndan kahraman\u0131m\u0131z bu defa \u0130ngiltere\u2019nin yolunu tutacaklar ve orada, Candace o\u011flanlar\u0131 su\u00e7\u00fcst\u00fc yakalamak i\u00e7in dedektifli\u011fe koyulacak. Hey, durun bir dakika\u2026 PERRY nereye kayboldu? <\/p>\n","protected":false},"excerpt":{"rendered":"<p>Bir y\u00fczme havuzu dolusu j\u00f6le yapan F\u0130NEAS VE F\u00d6RB \u00e7ok e\u011fleniyorlard\u0131\u2026 ta ki DR. DOOFENSHM\u0130RTZ\u2019in son yarat\u0131\u011f\u0131 canlanana dek! Fineas ve F\u00f6rb, bu devasa j\u00f6le canavar\u0131<span class=\"excerpt-hellip\"> [\u2026]<\/span><\/p>\n","protected":false},"featured_media":0,"template":"","meta":{"_monsterinsights_skip_tracking":false,"_monsterinsights_sitenote_active":false,"_monsterinsights_sitenote_note":"","_monsterinsights_sitenote_category":0},"product_brand":[],"product_cat":[12274,12284],"product_tag":[],"class_list":{"0":"post-742069","1":"product","2":"type-product","3":"status-publish","5":"product_cat-cocuk-ve-genclik-kitaplari","6":"product_cat-hikayeler","7":"pa_cilt-ciltsiz","8":"pa_tur-kitap","9":"pa_yayinevi-beta-kids","10":"pa_yazar-john-green","12":"first","13":"instock","14":"sale","15":"shipping-taxable","16":"purchasable","17":"product-type-simple"},"_links":{"self":[{"href":"https:\/\/roveyayinevi.com.tr\/index.php\/wp-json\/wp\/v2\/product\/742069","targetHints":{"allow":["GET"]}}],"collection":[{"href":"https:\/\/roveyayinevi.com.tr\/index.php\/wp-json\/wp\/v2\/product"}],"about":[{"href":"https:\/\/roveyayinevi.com.tr\/index.php\/wp-json\/wp\/v2\/types\/product"}],"wp:attachment":[{"href":"https:\/\/roveyayinevi.com.tr\/index.php\/wp-json\/wp\/v2\/media?parent=742069"}],"wp:term":[{"taxonomy":"product_brand","embeddable":true,"href":"https:\/\/roveyayinevi.com.tr\/index.php\/wp-json\/wp\/v2\/product_brand?post=742069"},{"taxonomy":"product_cat","embeddable":true,"href":"https:\/\/roveyayinevi.com.tr\/index.php\/wp-json\/wp\/v2\/product_cat?post=742069"},{"taxonomy":"product_tag","embeddable":true,"href":"https:\/\/roveyayinevi.com.tr\/index.php\/wp-json\/wp\/v2\/product_tag?post=742069"}],"curies":[{"name":"wp","href":"https:\/\/api.w.org\/{rel}","templated":true}]}}