{"id":742064,"date":"2025-08-28T01:03:27","date_gmt":"2025-08-27T22:03:27","guid":{"rendered":"https:\/\/roveyayinevi.com.tr\/index.php\/urun\/horimiya-horisan-ile-miyamurakun-3-cilt\/"},"modified":"2026-04-16T02:53:17","modified_gmt":"2026-04-15T23:53:17","slug":"horimiya-horisan-ile-miyamurakun-3-cilt","status":"publish","type":"product","link":"https:\/\/roveyayinevi.com.tr\/index.php\/urun\/horimiya-horisan-ile-miyamurakun-3-cilt\/","title":{"rendered":"Horimiya Horisan ile Miyamurakun 3. Cilt"},"content":{"rendered":"<p>Horisan ile Miyamurakun\u2019un etkileyici hik\u00e2yesi devam ediyor!   Hori ile Miyamura her an birbirleri hakk\u0131nda yeni s\u0131rlar ke\u015ffettik\u00e7e bu s\u0131rlar onlar\u0131 birbirlerine daha da yak\u0131nla\u015ft\u0131r\u0131p aralar\u0131ndaki ba\u011f\u0131 g\u00fc\u00e7lendiriyor. Hori\u2019nin bir anda a\u011fz\u0131ndan \u00e7\u0131k\u0131veren, \u201cSenden ho\u015flan\u0131yorum,\u201d s\u00f6z\u00fcne, bakal\u0131m Miyamura ayn\u0131 \u015fekilde kar\u015f\u0131l\u0131k verecek mi? Yoksa bu itiraf, arkada\u015fl\u0131klar\u0131n\u0131n sonunu mu getirecek?    Okul hayat\u0131, arkada\u015fl\u0131klar ve kendini ke\u015ffetme hakk\u0131nda ilham verici hik\u00e2yesiyle Horimiya sizi etkisi alt\u0131na alacak! <\/p>\n","protected":false},"excerpt":{"rendered":"<p>Horisan ile Miyamurakun\u2019un etkileyici hik\u00e2yesi devam ediyor! Hori ile Miyamura her an birbirleri hakk\u0131nda yeni s\u0131rlar ke\u015ffettik\u00e7e bu s\u0131rlar onlar\u0131 birbirlerine daha da yak\u0131nla\u015ft\u0131r\u0131p aralar\u0131ndaki ba\u011f\u0131<span class=\"excerpt-hellip\"> [\u2026]<\/span><\/p>\n","protected":false},"featured_media":0,"template":"","meta":{"_monsterinsights_skip_tracking":false,"_monsterinsights_sitenote_active":false,"_monsterinsights_sitenote_note":"","_monsterinsights_sitenote_category":0},"product_brand":[],"product_cat":[12416,12291],"product_tag":[],"class_list":{"0":"post-742064","1":"product","2":"type-product","3":"status-publish","5":"product_cat-cizgi-roman","6":"product_cat-edebiyat","7":"pa_cilt-ciltsiz","8":"pa_tur-kitap","9":"pa_yayinevi-akil-celen-kitaplar","10":"pa_yazar-hero","12":"first","13":"instock","14":"sale","15":"shipping-taxable","16":"purchasable","17":"product-type-simple"},"_links":{"self":[{"href":"https:\/\/roveyayinevi.com.tr\/index.php\/wp-json\/wp\/v2\/product\/742064","targetHints":{"allow":["GET"]}}],"collection":[{"href":"https:\/\/roveyayinevi.com.tr\/index.php\/wp-json\/wp\/v2\/product"}],"about":[{"href":"https:\/\/roveyayinevi.com.tr\/index.php\/wp-json\/wp\/v2\/types\/product"}],"wp:attachment":[{"href":"https:\/\/roveyayinevi.com.tr\/index.php\/wp-json\/wp\/v2\/media?parent=742064"}],"wp:term":[{"taxonomy":"product_brand","embeddable":true,"href":"https:\/\/roveyayinevi.com.tr\/index.php\/wp-json\/wp\/v2\/product_brand?post=742064"},{"taxonomy":"product_cat","embeddable":true,"href":"https:\/\/roveyayinevi.com.tr\/index.php\/wp-json\/wp\/v2\/product_cat?post=742064"},{"taxonomy":"product_tag","embeddable":true,"href":"https:\/\/roveyayinevi.com.tr\/index.php\/wp-json\/wp\/v2\/product_tag?post=742064"}],"curies":[{"name":"wp","href":"https:\/\/api.w.org\/{rel}","templated":true}]}}