{"id":742061,"date":"2025-08-28T01:03:22","date_gmt":"2025-08-27T22:03:22","guid":{"rendered":"https:\/\/roveyayinevi.com.tr\/index.php\/urun\/deniz-kurdu-ciltli-2\/"},"modified":"2026-04-08T03:01:27","modified_gmt":"2026-04-08T00:01:27","slug":"deniz-kurdu-ciltli-2","status":"publish","type":"product","link":"https:\/\/roveyayinevi.com.tr\/index.php\/urun\/deniz-kurdu-ciltli-2\/","title":{"rendered":"Deniz Kurdu (Ciltli)"},"content":{"rendered":"<p>D\u00fcnyaca \u00fcnl\u00fc Amerikal\u0131 yazar Jack London\u2019un Deniz Kurdu adl\u0131 psikolojik macera roman\u0131 ilk olarak 1904 y\u0131l\u0131nda yay\u0131mlanm\u0131\u015f, k\u0131rk bin kopyal\u0131k ilk bask\u0131s\u0131 an\u0131nda t\u00fckenmi\u015f ve \u00e7ok say\u0131da adaptasyonla beyaz perdeye aktar\u0131lm\u0131\u015ft\u0131r.Yazar\u0131n en pop\u00fcler romanlar\u0131ndan biri olan Deniz Kurdu, bir deniz kazas\u0131ndan sa\u011f \u00e7\u0131kan naif ve idealist asilzade Humphrey Van Weyden ile kendisini kurtaran ac\u0131mas\u0131z ve materyalist kaptan Kurt Larsen aras\u0131ndaki kar\u015f\u0131tl\u0131klar\u0131n derinlikli ve s\u00fcrprizli hikayesi etraf\u0131nda \u00f6r\u00fcl\u00fcd\u00fcr.Ba\u015flang\u0131\u00e7ta \u00e7ekingen ve k\u0131r\u0131lganken, sonralar\u0131 hem fizik\u00ee hem irad\u00ee g\u00fcc\u00fcn\u00fc geli\u015ftirmeye mecbur kalan Van Weyden kurtar\u0131c\u0131s\u0131n\u0131n kar\u015f\u0131s\u0131na bu kez bir has\u0131m olarak dikilecektir.Roman, entelekt\u00fcellik-fiziksellik, kudret-zay\u0131fl\u0131k, g\u00fczellik-\u00e7irkinlik, \u00f6l\u00fcm-ya\u015fam, kad\u0131nl\u0131k-erkeklik gibi z\u0131t kavramlar\u0131 incelikle sorgulat\u0131rken, zengin tasvirleriyle de beslemektedir. Nietzsche\u2019nin \u00fcstinsan nosyonunu \u00e7a\u011fr\u0131\u015ft\u0131ran nitelikleriyle Kurt Larsen ise Amerikan edebiyat\u0131n\u0131n en unutulmaz karakterlerinden biri olarak tarihe ge\u00e7mi\u015ftir.<\/p>\n","protected":false},"excerpt":{"rendered":"<p>D\u00fcnyaca \u00fcnl\u00fc Amerikal\u0131 yazar Jack London\u2019un Deniz Kurdu adl\u0131 psikolojik macera roman\u0131 ilk olarak 1904 y\u0131l\u0131nda yay\u0131mlanm\u0131\u015f, k\u0131rk bin kopyal\u0131k ilk bask\u0131s\u0131 an\u0131nda t\u00fckenmi\u015f ve \u00e7ok<span class=\"excerpt-hellip\"> [\u2026]<\/span><\/p>\n","protected":false},"featured_media":0,"template":"","meta":{"_monsterinsights_skip_tracking":false,"_monsterinsights_sitenote_active":false,"_monsterinsights_sitenote_note":"","_monsterinsights_sitenote_category":0},"product_brand":[],"product_cat":[12291,12711],"product_tag":[],"class_list":{"0":"post-742061","1":"product","2":"type-product","3":"status-publish","5":"product_cat-edebiyat","6":"product_cat-roman-oyku","7":"pa_cilt-ciltli","8":"pa_tur-kitap","9":"pa_yayinevi-otuken-nesriyat","10":"pa_yazar-jack-london","12":"first","13":"instock","14":"sale","15":"shipping-taxable","16":"purchasable","17":"product-type-simple"},"_links":{"self":[{"href":"https:\/\/roveyayinevi.com.tr\/index.php\/wp-json\/wp\/v2\/product\/742061","targetHints":{"allow":["GET"]}}],"collection":[{"href":"https:\/\/roveyayinevi.com.tr\/index.php\/wp-json\/wp\/v2\/product"}],"about":[{"href":"https:\/\/roveyayinevi.com.tr\/index.php\/wp-json\/wp\/v2\/types\/product"}],"wp:attachment":[{"href":"https:\/\/roveyayinevi.com.tr\/index.php\/wp-json\/wp\/v2\/media?parent=742061"}],"wp:term":[{"taxonomy":"product_brand","embeddable":true,"href":"https:\/\/roveyayinevi.com.tr\/index.php\/wp-json\/wp\/v2\/product_brand?post=742061"},{"taxonomy":"product_cat","embeddable":true,"href":"https:\/\/roveyayinevi.com.tr\/index.php\/wp-json\/wp\/v2\/product_cat?post=742061"},{"taxonomy":"product_tag","embeddable":true,"href":"https:\/\/roveyayinevi.com.tr\/index.php\/wp-json\/wp\/v2\/product_tag?post=742061"}],"curies":[{"name":"wp","href":"https:\/\/api.w.org\/{rel}","templated":true}]}}