{"id":742060,"date":"2025-08-28T01:03:21","date_gmt":"2025-08-27T22:03:21","guid":{"rendered":"https:\/\/roveyayinevi.com.tr\/index.php\/urun\/peygamberimizin-mucizeleri-2\/"},"modified":"2026-04-16T02:53:17","modified_gmt":"2026-04-15T23:53:17","slug":"peygamberimizin-mucizeleri-2","status":"publish","type":"product","link":"https:\/\/roveyayinevi.com.tr\/index.php\/urun\/peygamberimizin-mucizeleri-2\/","title":{"rendered":"Peygamberimizin Mucizeleri"},"content":{"rendered":"<p>Bulutlar ve melekler, t\u00e2 k\u00fc\u00e7\u00fck ya\u015flardan beri onu g\u00f6lgelemi\u015fti. \u00d6r\u00fcmcek ve g\u00fcvercinler onun hicret s\u0131ras\u0131nda sakland\u0131\u011f\u0131 ma\u011faran\u0131n giri\u015fine yuva kurup m\u00fc\u015frikleri yan\u0131ltt\u0131. En vah\u015fi hayvanlar bile insanlar gibi konu\u015fup dertlerini o \u015fefkatli Resule a\u00e7t\u0131. K\u0131zg\u0131n \u00e7\u00f6lde susuz kalan \u0130slam ordusu, m\u00fcbarek parmaklar\u0131ndan akan suyu i\u00e7erek hayata tutundu. Onun tek i\u015faretiyle Ay bir anda iki par\u00e7aya ayr\u0131l\u0131rken, avcuna ald\u0131\u011f\u0131 ta\u015flar Allah\u2019\u0131 zikretmeye ba\u015fl\u0131yordu. \u00c7\u00fcnk\u00fc o &#8216;en son&#8217; ve &#8216;en b\u00fcy\u00fck&#8217; Peygamberdi. Bizleri de can\u0131ndan fazla seviyordu.<\/p>\n","protected":false},"excerpt":{"rendered":"<p>Bulutlar ve melekler, t\u00e2 k\u00fc\u00e7\u00fck ya\u015flardan beri onu g\u00f6lgelemi\u015fti. \u00d6r\u00fcmcek ve g\u00fcvercinler onun hicret s\u0131ras\u0131nda sakland\u0131\u011f\u0131 ma\u011faran\u0131n giri\u015fine yuva kurup m\u00fc\u015frikleri yan\u0131ltt\u0131. En vah\u015fi hayvanlar bile<span class=\"excerpt-hellip\"> [\u2026]<\/span><\/p>\n","protected":false},"featured_media":0,"template":"","meta":{"_monsterinsights_skip_tracking":false,"_monsterinsights_sitenote_active":false,"_monsterinsights_sitenote_note":"","_monsterinsights_sitenote_category":0},"product_brand":[],"product_cat":[12718,12719],"product_tag":[],"class_list":{"0":"post-742060","1":"product","2":"type-product","3":"status-publish","5":"product_cat-din","6":"product_cat-islam","7":"pa_cilt-ciltsiz","8":"pa_tur-kitap","9":"pa_yayinevi-foliant-yayinlari","10":"pa_yazar-cuneyd-suavi","12":"first","13":"instock","14":"sale","15":"shipping-taxable","16":"purchasable","17":"product-type-simple"},"_links":{"self":[{"href":"https:\/\/roveyayinevi.com.tr\/index.php\/wp-json\/wp\/v2\/product\/742060","targetHints":{"allow":["GET"]}}],"collection":[{"href":"https:\/\/roveyayinevi.com.tr\/index.php\/wp-json\/wp\/v2\/product"}],"about":[{"href":"https:\/\/roveyayinevi.com.tr\/index.php\/wp-json\/wp\/v2\/types\/product"}],"wp:attachment":[{"href":"https:\/\/roveyayinevi.com.tr\/index.php\/wp-json\/wp\/v2\/media?parent=742060"}],"wp:term":[{"taxonomy":"product_brand","embeddable":true,"href":"https:\/\/roveyayinevi.com.tr\/index.php\/wp-json\/wp\/v2\/product_brand?post=742060"},{"taxonomy":"product_cat","embeddable":true,"href":"https:\/\/roveyayinevi.com.tr\/index.php\/wp-json\/wp\/v2\/product_cat?post=742060"},{"taxonomy":"product_tag","embeddable":true,"href":"https:\/\/roveyayinevi.com.tr\/index.php\/wp-json\/wp\/v2\/product_tag?post=742060"}],"curies":[{"name":"wp","href":"https:\/\/api.w.org\/{rel}","templated":true}]}}