{"id":742059,"date":"2025-08-28T01:03:20","date_gmt":"2025-08-27T22:03:20","guid":{"rendered":"https:\/\/roveyayinevi.com.tr\/index.php\/urun\/bediuzzaman-said-nursiden-fikhi-tespitler\/"},"modified":"2026-04-16T02:53:17","modified_gmt":"2026-04-15T23:53:17","slug":"bediuzzaman-said-nursiden-fikhi-tespitler","status":"publish","type":"product","link":"https:\/\/roveyayinevi.com.tr\/index.php\/urun\/bediuzzaman-said-nursiden-fikhi-tespitler\/","title":{"rendered":"Bedi\u00fczzaman Said Nursiden F\u0131khi Tespitler"},"content":{"rendered":"<p>Bedi\u00fczzaman\u2019\u0131n eserlerinde Tefsir ve Kelam ilmi a\u011f\u0131rl\u0131ktad\u0131r. Ama O, F\u0131kh\u0131n hemen her alan\u0131nda da bir \u015feyler s\u00f6ylemi\u015ftir. O\u2019nun bu alanda s\u00f6yledikleri de s\u0131radan de\u011fil, \u201cBedi\u00fczzaman: Zaman\u0131n harikas\u0131\u201d unvan\u0131na uygun olarak s\u0131ra d\u0131\u015f\u0131 olmu\u015ftur. O, her \u015feyden \u00f6nce \u201cF\u0131khu\u2019l-Ekber: En b\u00fcy\u00fck F\u0131k\u0131h\u201d denilen \u00eem\u00e2n\u00ee konularda s\u00f6z s\u00f6ylemi\u015ftir. \u00c7\u00fcnk\u00fc meselenin kayyumu imand\u0131r. Her amel\u00ee i\u015fin bir iman\u00ee boyutu da vard\u0131r. Bir i\u015fi yapmas\u0131 gerekti\u011fine inanmayan biri, onu yapmayacakt\u0131r. \u0130badetlerin nas\u0131l yap\u0131laca\u011f\u0131 \u0130lmihal kitaplar\u0131nda anlat\u0131l\u0131r. Bedi\u00fczzaman, ibadetlerin, \u201cni\u00e7in\u201d yap\u0131lmas\u0131 gerekti\u011fi \u00fczerinde durmu\u015ftur. Bedi\u00fczzaman\u2019\u0131n F\u0131kh\u0131n\u0131, \u201cF\u0131khu\u2019l-evleviy\u00e2t\u201d \u015feklinde niteleyebiliriz. O, mesaisini, herkesin her zaman muhta\u00e7 oldu\u011fu \u00f6nceli\u011fi olan konulara tahsis etmi\u015ftir. Bunu, \u201cehemmi m\u00fchimme tercih\u201d, yani \u201cdaha \u00f6nemli olanlara \u00f6ncelik vermek\u201d olarak g\u00f6rebiliriz. Elinizdeki kitap Bedi\u00fczzaman\u2019\u0131n f\u0131kh\u00ee meselelere nas\u0131l yakla\u015ft\u0131\u011f\u0131n\u0131n \u00e7ok dikkat \u00e7ekici \u00f6rnekleri ile doludur. Kitab\u0131n sat\u0131rlar\u0131 aras\u0131nda nice akt\u00fcel sorular\u0131n\u0131za cevap bulabilecek ve verilen \u00f6l\u00e7\u00fclerden hareketle burada ele al\u0131nmayan yeni meseleleri sa\u011fl\u0131kl\u0131 bir \u015fekilde tahlil edebileceksiniz. \u00d6yle umuyoruz ki, bu \u00e7al\u0131\u015fma muhatap olan herkesin F\u0131k\u0131h d\u00fcnyas\u0131n\u0131 \u00e7ok zenginle\u015ftirecek, Dr. \u0130hsan \u015eenocak Hocam\u0131z\u0131n takdim yaz\u0131s\u0131nda ifade etti\u011fi \u00fczere \u00f6zellikle \u201cMedrese talebelerinin Risale-i Nur\u2019a alakas\u0131n\u0131 art\u0131racak, Risale-i Nur talebelerinin de belli f\u0131khi meseleleri daha ku\u015fat\u0131c\u0131 anlamalar\u0131na vesile olacakt\u0131r.\u201d<\/p>\n","protected":false},"excerpt":{"rendered":"<p>Bedi\u00fczzaman\u2019\u0131n eserlerinde Tefsir ve Kelam ilmi a\u011f\u0131rl\u0131ktad\u0131r. Ama O, F\u0131kh\u0131n hemen her alan\u0131nda da bir \u015feyler s\u00f6ylemi\u015ftir. O\u2019nun bu alanda s\u00f6yledikleri de s\u0131radan de\u011fil, \u201cBedi\u00fczzaman: Zaman\u0131n<span class=\"excerpt-hellip\"> [\u2026]<\/span><\/p>\n","protected":false},"featured_media":0,"template":"","meta":{"_monsterinsights_skip_tracking":false,"_monsterinsights_sitenote_active":false,"_monsterinsights_sitenote_note":"","_monsterinsights_sitenote_category":0},"product_brand":[],"product_cat":[12718,12719],"product_tag":[],"class_list":{"0":"post-742059","1":"product","2":"type-product","3":"status-publish","5":"product_cat-din","6":"product_cat-islam","7":"pa_cilt-ciltsiz","8":"pa_tur-kitap","9":"pa_yayinevi-foliant-yayinlari","10":"pa_yazar-sadi-eren","12":"first","13":"instock","14":"sale","15":"shipping-taxable","16":"purchasable","17":"product-type-simple"},"_links":{"self":[{"href":"https:\/\/roveyayinevi.com.tr\/index.php\/wp-json\/wp\/v2\/product\/742059","targetHints":{"allow":["GET"]}}],"collection":[{"href":"https:\/\/roveyayinevi.com.tr\/index.php\/wp-json\/wp\/v2\/product"}],"about":[{"href":"https:\/\/roveyayinevi.com.tr\/index.php\/wp-json\/wp\/v2\/types\/product"}],"wp:attachment":[{"href":"https:\/\/roveyayinevi.com.tr\/index.php\/wp-json\/wp\/v2\/media?parent=742059"}],"wp:term":[{"taxonomy":"product_brand","embeddable":true,"href":"https:\/\/roveyayinevi.com.tr\/index.php\/wp-json\/wp\/v2\/product_brand?post=742059"},{"taxonomy":"product_cat","embeddable":true,"href":"https:\/\/roveyayinevi.com.tr\/index.php\/wp-json\/wp\/v2\/product_cat?post=742059"},{"taxonomy":"product_tag","embeddable":true,"href":"https:\/\/roveyayinevi.com.tr\/index.php\/wp-json\/wp\/v2\/product_tag?post=742059"}],"curies":[{"name":"wp","href":"https:\/\/api.w.org\/{rel}","templated":true}]}}