{"id":742057,"date":"2025-08-28T01:03:17","date_gmt":"2025-08-27T22:03:17","guid":{"rendered":"https:\/\/roveyayinevi.com.tr\/index.php\/urun\/risale-i-nurda-hizmet-metodlari\/"},"modified":"2026-04-16T02:53:17","modified_gmt":"2026-04-15T23:53:17","slug":"risale-i-nurda-hizmet-metodlari","status":"publish","type":"product","link":"https:\/\/roveyayinevi.com.tr\/index.php\/urun\/risale-i-nurda-hizmet-metodlari\/","title":{"rendered":"Risale-i Nur&#8217;da Hizmet Metodlar\u0131"},"content":{"rendered":"<p>Bu as\u0131rda Kur\u2019an-\u0131 Azim\u00fc\u015f\u015fan\u2019\u0131n manevi ve y\u00fcksek bir tefsiri olan Risale-i Nur\u2019un ilk halkas\u0131 ve saff-\u0131 evveli olan Nur talebeleri de, o deh\u015fetli d\u00f6nemdeki ceberut zihniyete, y\u0131k\u0131m ve tahribatlara kar\u015f\u0131 izzeti \u0130slamiyyeyi muhafaza i\u00e7in, hapis ve zindanlar i\u00e7inde asla y\u0131lmadan ve \u00e7ekinmeden bu tebli\u011f g\u00f6revini ve temsil sorumlulu\u011fu ifa ve icra etmi\u015f, o me\u015fakkatli, yak\u0131p kavuran alev ve ate\u015fleri i\u00e7inde imanlar\u0131n kurtulmas\u0131na azami gayret sergilemi\u015f, destans\u0131 bir hizmet icra etmi\u015flerdir. Ancak \u015fu var ki, bu asr\u0131n deh\u015feti ve zulmeti, d\u00fcnyan\u0131n cazibesi, nefislerdeki rehavet ve \u00fclfet, afaki i\u015flerin tazyik ve yo\u011funlu\u011fu, maddi ve siyasi atmosferin insanlar\u0131 ziyade me\u015fgul etmesi ve \u00f6zellikle sosyal medyan\u0131n y\u0131k\u0131c\u0131, kavurucu, tahribi insanlar\u0131 manevi hayata kar\u015f\u0131 bir derece rehavet, tembellik ve lakaytl\u0131\u011fa sevk etmi\u015ftir. Bu renk solmas\u0131, matla\u015fma, s\u0131radanla\u015fma gibi sebeplerden dolay\u0131 m\u00fcminlere g\u00f6rev ve sorumluklar\u0131n\u0131 hat\u0131rlatmak, dima\u011flar\u0131 berrakla\u015ft\u0131rmak, kalbler \u00fczerindeki rehavet tozlar\u0131 s\u00fcp\u00fcrmek ve bir manada fabrika ayarlar\u0131na d\u00f6nmek ad\u0131na bu \u00e7al\u0131\u015fma kaleme al\u0131nm\u0131\u015ft\u0131r. Yay\u0131nevi olarak \u00fcmit ediyoruz ki, in\u015fallah bu eser, yenilenme ve \u015fuur keskinli\u011fine, derin tefekk\u00fcr ameliyesine ve bir \u00e7e\u015fit \u201cameliyat-\u0131 cerrahiye\u201d ihtiyac\u0131na cevap verecektir. Okurlar\u0131m\u0131z\u0131n bu kitab\u0131 ciddi bir bi\u00e7imde dikkat ve teem\u00fclle, im\u2019an-\u0131 nazar ile okuyacaklar\u0131n\u0131, anlay\u0131p \u00f6z\u00fcmseyerek amele ve hayata yans\u0131tacaklar\u0131n\u0131 Rahmet-i \u0130lahiyye\u2019den \u00fcmit ediyoruz. Tebli\u011f kulun, tesir Allah-u Azim\u00fc\u015f\u015fan\u2019\u0131nd\u0131r.<\/p>\n","protected":false},"excerpt":{"rendered":"<p>Bu as\u0131rda Kur\u2019an-\u0131 Azim\u00fc\u015f\u015fan\u2019\u0131n manevi ve y\u00fcksek bir tefsiri olan Risale-i Nur\u2019un ilk halkas\u0131 ve saff-\u0131 evveli olan Nur talebeleri de, o deh\u015fetli d\u00f6nemdeki ceberut zihniyete,<span class=\"excerpt-hellip\"> [\u2026]<\/span><\/p>\n","protected":false},"featured_media":0,"template":"","meta":{"_monsterinsights_skip_tracking":false,"_monsterinsights_sitenote_active":false,"_monsterinsights_sitenote_note":"","_monsterinsights_sitenote_category":0},"product_brand":[],"product_cat":[13072,12291],"product_tag":[],"class_list":{"0":"post-742057","1":"product","2":"type-product","3":"status-publish","5":"product_cat-arastirma-inceleme-referans","6":"product_cat-edebiyat","7":"pa_cilt-ciltsiz","8":"pa_tur-kitap","9":"pa_yayinevi-foliant-yayinlari","10":"pa_yazar-sener-dilek","12":"first","13":"instock","14":"sale","15":"shipping-taxable","16":"purchasable","17":"product-type-simple"},"_links":{"self":[{"href":"https:\/\/roveyayinevi.com.tr\/index.php\/wp-json\/wp\/v2\/product\/742057","targetHints":{"allow":["GET"]}}],"collection":[{"href":"https:\/\/roveyayinevi.com.tr\/index.php\/wp-json\/wp\/v2\/product"}],"about":[{"href":"https:\/\/roveyayinevi.com.tr\/index.php\/wp-json\/wp\/v2\/types\/product"}],"wp:attachment":[{"href":"https:\/\/roveyayinevi.com.tr\/index.php\/wp-json\/wp\/v2\/media?parent=742057"}],"wp:term":[{"taxonomy":"product_brand","embeddable":true,"href":"https:\/\/roveyayinevi.com.tr\/index.php\/wp-json\/wp\/v2\/product_brand?post=742057"},{"taxonomy":"product_cat","embeddable":true,"href":"https:\/\/roveyayinevi.com.tr\/index.php\/wp-json\/wp\/v2\/product_cat?post=742057"},{"taxonomy":"product_tag","embeddable":true,"href":"https:\/\/roveyayinevi.com.tr\/index.php\/wp-json\/wp\/v2\/product_tag?post=742057"}],"curies":[{"name":"wp","href":"https:\/\/api.w.org\/{rel}","templated":true}]}}