{"id":742054,"date":"2025-08-28T01:03:11","date_gmt":"2025-08-27T22:03:11","guid":{"rendered":"https:\/\/roveyayinevi.com.tr\/index.php\/urun\/beyaz-kanatli-vampir-set-3\/"},"modified":"2026-04-16T02:53:17","modified_gmt":"2026-04-15T23:53:17","slug":"beyaz-kanatli-vampir-set-3","status":"publish","type":"product","link":"https:\/\/roveyayinevi.com.tr\/index.php\/urun\/beyaz-kanatli-vampir-set-3\/","title":{"rendered":"Beyaz Kanatl\u0131 Vampir Set \u2013 3"},"content":{"rendered":"<p>Beyaz Kanatl\u0131 Vampir Set \u2013 3 Arka Kapak Yaz\u0131s\u0131 Beyaz Kanatl\u0131 Vampir serisi ilk kitab\u0131yla y\u00fcz binlerce \u00e7ocu\u011fun g\u00f6nl\u00fcn\u00fc fethetmeyi ba\u015fard\u0131. Di\u011fer kitaplar\u0131 ile de tutkulu bir hayran kitlesine sahip oldu. Kitap okumaktan nefret eden \u00e7ocuklar dahi bu seriye kay\u0131ts\u0131z kalamad\u0131. Tam bitti derken bamba\u015fka bir macerayla yeniden ba\u015flad\u0131. Her sayfas\u0131nda heyecan, macera ve e\u011flence dolu seri art\u0131k kutulu. Set i\u00e7i, Beyaz Kanatl\u0131 Vampir 9- Krali\u00e7e Cad\u0131, Beyaz Kanatl\u0131 Vampir 10- Kara Kedi, Beyaz Kanatl\u0131 Vampir 11- \u00dc\u00e7 Gece, Beyaz Kanatl\u0131 Vampir 12- B\u00fcy\u00fc Bozumu <\/p>\n","protected":false},"excerpt":{"rendered":"<p>Beyaz Kanatl\u0131 Vampir Set \u2013 3 Arka Kapak Yaz\u0131s\u0131 Beyaz Kanatl\u0131 Vampir serisi ilk kitab\u0131yla y\u00fcz binlerce \u00e7ocu\u011fun g\u00f6nl\u00fcn\u00fc fethetmeyi ba\u015fard\u0131. Di\u011fer kitaplar\u0131 ile de tutkulu<span class=\"excerpt-hellip\"> [\u2026]<\/span><\/p>\n","protected":false},"featured_media":0,"template":"","meta":{"_monsterinsights_skip_tracking":false,"_monsterinsights_sitenote_active":false,"_monsterinsights_sitenote_note":"","_monsterinsights_sitenote_category":0},"product_brand":[],"product_cat":[12274,12284],"product_tag":[],"class_list":{"0":"post-742054","1":"product","2":"type-product","3":"status-publish","5":"product_cat-cocuk-ve-genclik-kitaplari","6":"product_cat-hikayeler","7":"pa_cilt-set","8":"pa_tur-kitap","9":"pa_yayinevi-pinus-kitap","10":"pa_yazar-erkan-iseri","12":"first","13":"instock","14":"sale","15":"shipping-taxable","16":"purchasable","17":"product-type-simple"},"_links":{"self":[{"href":"https:\/\/roveyayinevi.com.tr\/index.php\/wp-json\/wp\/v2\/product\/742054","targetHints":{"allow":["GET"]}}],"collection":[{"href":"https:\/\/roveyayinevi.com.tr\/index.php\/wp-json\/wp\/v2\/product"}],"about":[{"href":"https:\/\/roveyayinevi.com.tr\/index.php\/wp-json\/wp\/v2\/types\/product"}],"wp:attachment":[{"href":"https:\/\/roveyayinevi.com.tr\/index.php\/wp-json\/wp\/v2\/media?parent=742054"}],"wp:term":[{"taxonomy":"product_brand","embeddable":true,"href":"https:\/\/roveyayinevi.com.tr\/index.php\/wp-json\/wp\/v2\/product_brand?post=742054"},{"taxonomy":"product_cat","embeddable":true,"href":"https:\/\/roveyayinevi.com.tr\/index.php\/wp-json\/wp\/v2\/product_cat?post=742054"},{"taxonomy":"product_tag","embeddable":true,"href":"https:\/\/roveyayinevi.com.tr\/index.php\/wp-json\/wp\/v2\/product_tag?post=742054"}],"curies":[{"name":"wp","href":"https:\/\/api.w.org\/{rel}","templated":true}]}}