{"id":742052,"date":"2025-08-28T01:03:08","date_gmt":"2025-08-27T22:03:08","guid":{"rendered":"https:\/\/roveyayinevi.com.tr\/index.php\/urun\/karalti-ulkesi\/"},"modified":"2026-04-16T02:53:17","modified_gmt":"2026-04-15T23:53:17","slug":"karalti-ulkesi","status":"publish","type":"product","link":"https:\/\/roveyayinevi.com.tr\/index.php\/urun\/karalti-ulkesi\/","title":{"rendered":"Karalt\u0131 \u00dclkesi"},"content":{"rendered":"<p>Karalt\u0131 \u00dclkesi Kitap A\u00e7\u0131klamas\u0131Han\u00e7er gibiydi ayaz\u2026Her yer zifiri karanl\u0131k\u2026 Titrek sokak k\u00f6pekleri kuytuluklara s\u0131\u011f\u0131nm\u0131\u015f, insanlar evlerine \u00e7ekilmi\u015f, d\u0131\u015far\u0131da bir o kalm\u0131\u015ft\u0131. \u00dczerinde kal\u0131n paltosu ve atk\u0131s\u0131yla, h\u0131zl\u0131 ad\u0131mlarla evine y\u00fcr\u00fcyordu, acelesi vard\u0131. Akl\u0131 d\u00fc\u015f\u00fcncelerle dolu, yolu bombo\u015ftu.  Kar ya\u011f\u0131\u015f\u0131 h\u0131zlanm\u0131\u015f, soka\u011f\u0131 garip bir u\u011fultu ve duman kokusu doldurmu\u015ftu. \u00dcrperdi durduk yere.Pe\u015finden birinin geldi\u011fini hissetti; d\u00f6nd\u00fc, bakt\u0131; kendisine bak\u0131ld\u0131\u011f\u0131n\u0131 fark edince yak\u0131ndaki a\u011fac\u0131n arkas\u0131na saklanan ve onu takip eden karalt\u0131y\u0131 g\u00f6rd\u00fc. Emindi, yine oydu. Avc\u0131 \u00e7ak\u0131s\u0131n\u0131 cebinden \u00e7\u0131kar\u0131p sa\u011f eliyle s\u0131k\u0131ca kavrad\u0131. Ya\u015fl\u0131 a\u011faca kadar y\u00fcr\u00fcd\u00fc. \u0130ri g\u00f6vdesinin arkas\u0131na kafas\u0131n\u0131 uzatarak bakt\u0131\u2026 <\/p>\n","protected":false},"excerpt":{"rendered":"<p>Karalt\u0131 \u00dclkesi Kitap A\u00e7\u0131klamas\u0131Han\u00e7er gibiydi ayaz\u2026Her yer zifiri karanl\u0131k\u2026 Titrek sokak k\u00f6pekleri kuytuluklara s\u0131\u011f\u0131nm\u0131\u015f, insanlar evlerine \u00e7ekilmi\u015f, d\u0131\u015far\u0131da bir o kalm\u0131\u015ft\u0131. \u00dczerinde kal\u0131n paltosu ve atk\u0131s\u0131yla,<span class=\"excerpt-hellip\"> [\u2026]<\/span><\/p>\n","protected":false},"featured_media":0,"template":"","meta":{"_monsterinsights_skip_tracking":false,"_monsterinsights_sitenote_active":false,"_monsterinsights_sitenote_note":"","_monsterinsights_sitenote_category":0},"product_brand":[],"product_cat":[12291,12711],"product_tag":[],"class_list":{"0":"post-742052","1":"product","2":"type-product","3":"status-publish","5":"product_cat-edebiyat","6":"product_cat-roman-oyku","7":"pa_cilt-ciltsiz","8":"pa_tur-kitap","9":"pa_yayinevi-herdem-kitap","10":"pa_yazar-yavuz-tecimer","12":"first","13":"instock","14":"sale","15":"shipping-taxable","16":"purchasable","17":"product-type-simple"},"_links":{"self":[{"href":"https:\/\/roveyayinevi.com.tr\/index.php\/wp-json\/wp\/v2\/product\/742052","targetHints":{"allow":["GET"]}}],"collection":[{"href":"https:\/\/roveyayinevi.com.tr\/index.php\/wp-json\/wp\/v2\/product"}],"about":[{"href":"https:\/\/roveyayinevi.com.tr\/index.php\/wp-json\/wp\/v2\/types\/product"}],"wp:attachment":[{"href":"https:\/\/roveyayinevi.com.tr\/index.php\/wp-json\/wp\/v2\/media?parent=742052"}],"wp:term":[{"taxonomy":"product_brand","embeddable":true,"href":"https:\/\/roveyayinevi.com.tr\/index.php\/wp-json\/wp\/v2\/product_brand?post=742052"},{"taxonomy":"product_cat","embeddable":true,"href":"https:\/\/roveyayinevi.com.tr\/index.php\/wp-json\/wp\/v2\/product_cat?post=742052"},{"taxonomy":"product_tag","embeddable":true,"href":"https:\/\/roveyayinevi.com.tr\/index.php\/wp-json\/wp\/v2\/product_tag?post=742052"}],"curies":[{"name":"wp","href":"https:\/\/api.w.org\/{rel}","templated":true}]}}