{"id":742051,"date":"2025-08-28T01:03:06","date_gmt":"2025-08-27T22:03:06","guid":{"rendered":"https:\/\/roveyayinevi.com.tr\/index.php\/urun\/kara-kita-uyaniyor\/"},"modified":"2026-04-16T02:53:17","modified_gmt":"2026-04-15T23:53:17","slug":"kara-kita-uyaniyor","status":"publish","type":"product","link":"https:\/\/roveyayinevi.com.tr\/index.php\/urun\/kara-kita-uyaniyor\/","title":{"rendered":"Kara K\u0131ta Uyan\u0131yor"},"content":{"rendered":"<p>D\u00fcnya\u2019n\u0131n potansiyel en zengin insanlar\u0131yd\u0131 onlar\u2026 Ta ki Bat\u0131l\u0131lar bunu \u00f6\u011frenene dek. Bat\u0131 d\u00fcnyas\u0131 onlar\u0131n yer alt\u0131 kaynaklar\u0131n\u0131 s\u00f6m\u00fcrmekle yetinmemi\u015fti. \u00d6zyurtlar\u0131ndan, ailelerinden kopar\u0131lan siyahiler \u00e7oktan bir k\u00f6le olarak damgalanm\u0131\u015f, gemilerle \u00f6nceleri Avrupa\u2019ya, ke\u015fiften sonra ise Amerika\u2019ya sat\u0131l\u0131yorlard\u0131. Transatlantik K\u00f6le Ticareti, Afrikal\u0131 masum siyahilerin en b\u00fcy\u00fck korkusu haline gelmi\u015fti. Hayalleri, umutlar\u0131 ve hatta inan\u00e7lar\u0131 bir k\u00f6le gemisinde birbirine s\u0131k\u0131ca ba\u011fl\u0131 zincirlere vurulmu\u015ftu. Yakla\u015f\u0131k 350 y\u0131l boyunca Afrikal\u0131lar k\u00f6lele\u015ftirilerek \u2018mecburi hizmet\u2019 ad\u0131 alt\u0131nda yeni d\u00fcnyada sat\u0131ld\u0131lar. Aradan ge\u00e7en onca sene hi\u00e7bir ac\u0131y\u0131 hafifletmedi. K\u00f6lelik, esir olduklar\u0131 topraklarda sa\u011f duyulu insanlar\u0131n y\u00fczy\u0131llar s\u00fcren m\u00fccadelesi sonunda resmi olarak bitse de, \u0131rk\u00e7\u0131l\u0131k girdab\u0131na yakalanm\u0131\u015f insanlar\u0131n beyninden hi\u00e7 \u00e7\u0131kmad\u0131. T\u00fcrl\u00fc zorbal\u0131klar, a\u015fa\u011f\u0131 g\u00f6r\u00fclen siyahilerin yakas\u0131n\u0131 b\u0131rakmad\u0131 hi\u00e7bir zaman\u2026 Onlar\u0131n ten rengi m\u00fccadelesi devam etti\u011fi s\u00fcrece, insanl\u0131k eksik kalan par\u00e7as\u0131n\u0131 bulamayacakt\u0131 kainat\u0131n son g\u00fcn\u00fcne kadar. Belki biraz feryat, belki de sessiz bir \u00e7\u0131\u011fl\u0131kt\u0131 onlar\u0131nki. G\u00f6r\u00fcnen ise y\u00fczy\u0131llar boyunca sisli bir hava, uluyan kurtlar ve bir bilinmezin ortas\u0131na d\u00fc\u015f\u00fcverme hissi sar\u0131yordu t\u00fcm bedenlerini. Sadece \u00f6zg\u00fcrl\u00fc\u011fe adanm\u0131\u015f boyunlar\u0131na, \u0131rk\u00e7\u0131l\u0131k denilen hastal\u0131\u011fa yakalanm\u0131\u015f beyazlarca nas\u0131l ge\u00e7irilecekti boyunduruk? Belki de g\u00f6zlerini a\u00e7\u0131p sa\u011fa, sola dikkatlice, birlik i\u00e7inde yek v\u00fccut ile bakma zaman\u0131 gelmi\u015ftir Afrika halk\u0131 i\u00e7in\u2026 Kara K\u0131ta uyan\u0131yordur kim bilir? Kendilerine do\u011fru menzil alan zehirli oklar, uyuyan bir devi aya\u011fa kald\u0131rman\u0131n arifesinde, sessizce k\u0131n\u0131ndan \u00e7\u0131km\u0131\u015f han\u00e7erler ile amans\u0131z bir m\u00fccadeleye giri\u015ftiler\u2026 Yazar Cihan Ormanc\u0131, destans\u0131 bir final ile Afrika\u2019n\u0131n uyan\u0131\u015f\u0131n\u0131 alternatif bir gelecekte okurlar\u0131na sunarken; peri\u015fan haldeki siyahilerin bast\u0131r\u0131lm\u0131\u015f duygular\u0131n\u0131n a\u00e7\u0131\u011fa \u00e7\u0131k\u0131\u015f\u0131n\u0131, ruhsal ve bedensel \u00f6zg\u00fcrl\u00fcklerine kavu\u015fmalar\u0131n\u0131 \u00e7arp\u0131c\u0131 bir dille adeta efsanele\u015ftiriyor. <\/p>\n","protected":false},"excerpt":{"rendered":"<p>D\u00fcnya\u2019n\u0131n potansiyel en zengin insanlar\u0131yd\u0131 onlar\u2026 Ta ki Bat\u0131l\u0131lar bunu \u00f6\u011frenene dek. Bat\u0131 d\u00fcnyas\u0131 onlar\u0131n yer alt\u0131 kaynaklar\u0131n\u0131 s\u00f6m\u00fcrmekle yetinmemi\u015fti. \u00d6zyurtlar\u0131ndan, ailelerinden kopar\u0131lan siyahiler \u00e7oktan bir<span class=\"excerpt-hellip\"> [\u2026]<\/span><\/p>\n","protected":false},"featured_media":0,"template":"","meta":{"_monsterinsights_skip_tracking":false,"_monsterinsights_sitenote_active":false,"_monsterinsights_sitenote_note":"","_monsterinsights_sitenote_category":0},"product_brand":[],"product_cat":[12291,12711],"product_tag":[],"class_list":{"0":"post-742051","1":"product","2":"type-product","3":"status-publish","5":"product_cat-edebiyat","6":"product_cat-roman-oyku","7":"pa_cilt-ciltsiz","8":"pa_tur-kitap","9":"pa_yayinevi-herdem-kitap","10":"pa_yazar-cihan-ormanci","12":"first","13":"instock","14":"sale","15":"shipping-taxable","16":"purchasable","17":"product-type-simple"},"_links":{"self":[{"href":"https:\/\/roveyayinevi.com.tr\/index.php\/wp-json\/wp\/v2\/product\/742051","targetHints":{"allow":["GET"]}}],"collection":[{"href":"https:\/\/roveyayinevi.com.tr\/index.php\/wp-json\/wp\/v2\/product"}],"about":[{"href":"https:\/\/roveyayinevi.com.tr\/index.php\/wp-json\/wp\/v2\/types\/product"}],"wp:attachment":[{"href":"https:\/\/roveyayinevi.com.tr\/index.php\/wp-json\/wp\/v2\/media?parent=742051"}],"wp:term":[{"taxonomy":"product_brand","embeddable":true,"href":"https:\/\/roveyayinevi.com.tr\/index.php\/wp-json\/wp\/v2\/product_brand?post=742051"},{"taxonomy":"product_cat","embeddable":true,"href":"https:\/\/roveyayinevi.com.tr\/index.php\/wp-json\/wp\/v2\/product_cat?post=742051"},{"taxonomy":"product_tag","embeddable":true,"href":"https:\/\/roveyayinevi.com.tr\/index.php\/wp-json\/wp\/v2\/product_tag?post=742051"}],"curies":[{"name":"wp","href":"https:\/\/api.w.org\/{rel}","templated":true}]}}