{"id":742049,"date":"2025-08-28T01:03:04","date_gmt":"2025-08-27T22:03:04","guid":{"rendered":"https:\/\/roveyayinevi.com.tr\/index.php\/urun\/aysegul-ogretmenin-kardelenleri\/"},"modified":"2026-04-16T02:53:17","modified_gmt":"2026-04-15T23:53:17","slug":"aysegul-ogretmenin-kardelenleri","status":"publish","type":"product","link":"https:\/\/roveyayinevi.com.tr\/index.php\/urun\/aysegul-ogretmenin-kardelenleri\/","title":{"rendered":"Ay\u015feg\u00fcl \u00d6\u011fretmenin Kardelenleri"},"content":{"rendered":"<p>Ay\u015feg\u00fcl \u00d6\u011fretmen&#8217;in Kardelenleri Kitap A\u00e7\u0131klamas\u0131Bu kitab\u0131m\u0131; can\u0131m ailem, biricik \u00f6\u011frencilerim ve emekleri asla \u00f6denemeyecek olan, etraf\u0131n\u0131 sevgi ve bilgi \u0131\u015f\u0131\u011f\u0131 ile ayd\u0131nlatarak nice \u00f6\u011frenciler yeti\u015ftiren fedakar \u00f6\u011fretmenlere ithaf ediyorum.\u00c7ok sevdi\u011fim ya\u015fam kayna\u011f\u0131m \u00f6\u011fretmenlik mesle\u011fimdeki an\u0131lar\u0131m\u0131n bir k\u0131sm\u0131n\u0131 yazarak siz de\u011ferli okurlar\u0131m ile de payla\u015fmak istedim.Kuzum hayat asl\u0131nda sevdiklerin ile beraberken tatl\u0131 \u015ferbet gibi ho\u015f ge\u00e7iyor. Yaprak d\u00f6k\u00fcm\u00fc ba\u015flay\u0131p da bir bir sevdiklerini kaybetti\u011finde ac\u0131yla birlikte hayat da o an sanki duruyor. Bu an\u0131m\u0131n kahraman\u0131 Fadim Teyze&#8230; 90 ya\u015flar\u0131nda adeta ulu bir \u00e7\u0131nar gibi k\u00f6kleriyle ya\u015fama s\u0131ms\u0131k\u0131 ba\u011fl\u0131 \u00e7ok g\u00fc\u00e7l\u00fc bir han\u0131md\u0131. En \u00e7ok onun e\u015fini kaybettikten sonra ya\u015fad\u0131klar\u0131n\u0131 anlat\u0131rken g\u00f6zlerinden akan damlalarda ya\u015fam\u0131\u015ft\u0131m ben bu duyguyu&#8230;.An\u0131n\u0131n kalan b\u00f6l\u00fcm\u00fcn\u00fc kitaptan okumaya ne dersiniz?Kitab\u0131n geliri e\u011fitime ve can dostlar\u0131m\u0131z olan sokak hayvanlar\u0131na ba\u011f\u0131\u015flanacakt\u0131r.<\/p>\n","protected":false},"excerpt":{"rendered":"<p>Ay\u015feg\u00fcl \u00d6\u011fretmen&#8217;in Kardelenleri Kitap A\u00e7\u0131klamas\u0131Bu kitab\u0131m\u0131; can\u0131m ailem, biricik \u00f6\u011frencilerim ve emekleri asla \u00f6denemeyecek olan, etraf\u0131n\u0131 sevgi ve bilgi \u0131\u015f\u0131\u011f\u0131 ile ayd\u0131nlatarak nice \u00f6\u011frenciler yeti\u015ftiren fedakar<span class=\"excerpt-hellip\"> [\u2026]<\/span><\/p>\n","protected":false},"featured_media":0,"template":"","meta":{"_monsterinsights_skip_tracking":false,"_monsterinsights_sitenote_active":false,"_monsterinsights_sitenote_note":"","_monsterinsights_sitenote_category":0},"product_brand":[],"product_cat":[12274,12284],"product_tag":[],"class_list":{"0":"post-742049","1":"product","2":"type-product","3":"status-publish","5":"product_cat-cocuk-ve-genclik-kitaplari","6":"product_cat-hikayeler","7":"pa_cilt-ciltsiz","8":"pa_tur-kitap","9":"pa_yayinevi-herdem-kitap","10":"pa_yazar-ayse-gul-rumelioglu","12":"first","13":"instock","14":"sale","15":"shipping-taxable","16":"purchasable","17":"product-type-simple"},"_links":{"self":[{"href":"https:\/\/roveyayinevi.com.tr\/index.php\/wp-json\/wp\/v2\/product\/742049","targetHints":{"allow":["GET"]}}],"collection":[{"href":"https:\/\/roveyayinevi.com.tr\/index.php\/wp-json\/wp\/v2\/product"}],"about":[{"href":"https:\/\/roveyayinevi.com.tr\/index.php\/wp-json\/wp\/v2\/types\/product"}],"wp:attachment":[{"href":"https:\/\/roveyayinevi.com.tr\/index.php\/wp-json\/wp\/v2\/media?parent=742049"}],"wp:term":[{"taxonomy":"product_brand","embeddable":true,"href":"https:\/\/roveyayinevi.com.tr\/index.php\/wp-json\/wp\/v2\/product_brand?post=742049"},{"taxonomy":"product_cat","embeddable":true,"href":"https:\/\/roveyayinevi.com.tr\/index.php\/wp-json\/wp\/v2\/product_cat?post=742049"},{"taxonomy":"product_tag","embeddable":true,"href":"https:\/\/roveyayinevi.com.tr\/index.php\/wp-json\/wp\/v2\/product_tag?post=742049"}],"curies":[{"name":"wp","href":"https:\/\/api.w.org\/{rel}","templated":true}]}}