{"id":742048,"date":"2025-08-28T01:03:02","date_gmt":"2025-08-27T22:03:02","guid":{"rendered":"https:\/\/roveyayinevi.com.tr\/index.php\/urun\/her-yuregin-bir-hikayesi-var\/"},"modified":"2026-04-16T02:53:17","modified_gmt":"2026-04-15T23:53:17","slug":"her-yuregin-bir-hikayesi-var","status":"publish","type":"product","link":"https:\/\/roveyayinevi.com.tr\/index.php\/urun\/her-yuregin-bir-hikayesi-var\/","title":{"rendered":"Her Y\u00fcre\u011fin Bir Hikayesi Var"},"content":{"rendered":"<p>Her Y\u00fcre\u011fin Bir Hikayesi Var Kitap A\u00e7\u0131klamas\u0131Temiz Seviyorum SeniSeni sevdi\u011fimden beri, Kendime daha iyi bak\u0131yorum.Daha bir g\u00fczel g\u00f6r\u00fcnmeye \u00e7al\u0131\u015f\u0131yorum.Sa\u00e7lar\u0131m\u0131 bile senin istedi\u011fin gibi yap\u0131yorum.Her g\u00fcn \u015fark\u0131larla uyan\u0131yorum.\u0130\u00e7im daha bir k\u0131p\u0131r k\u0131p\u0131r,Her yeni g\u00fcne iki \u00e7ift g\u00f6z,Bir \u00e7ift y\u00fcrek olarak uyan\u0131yorum.\u00c7\u00fcnk\u00fc seni y\u00fcre\u011fimin i\u00e7ine koymu\u015fum,Sadece ben de\u011fil,Sen olmu\u015fum, sen de ben,O y\u00fczden&#8221; \u0130yi bak kendine,&#8221; der sevenler, Aynaya bakarken g\u00f6zlerinde g\u00f6r beni, \u0130yi bak g\u00f6zlerine,Dinledi\u011fin \u015fark\u0131larda y\u00fcre\u011fine dokunay\u0131m, G\u00fcn boyu dilinde bir \u015fark\u0131 gibi dolanay\u0131m.Kendini yaln\u0131z hissetti\u011finde uzaklarda, Elini koy kalbine, ben orday\u0131m.Sensiz ge\u00e7miyor bu g\u00fcnler fark\u0131nday\u0131m,Seninle olunca da ne \u00e7abuk bitiyor anlam\u0131yorum.Sen y\u00fcre\u011fimdesin diye,Daha bir sarmal\u0131yorum kendimi,Sanki ben y\u00fcre\u011fimi sarmalad\u0131k\u00e7a,Sen \u00fc\u015f\u00fcmeyeceksin san\u0131yorum uzakta, Daha \u00e7ok nefes al\u0131yorum ki,Ci\u011ferlerimden kalbime giden yollar a\u00e7\u0131ls\u0131n, Temiz hava gelsin sana, \u00c7\u00fcnk\u00fc orada sen vars\u0131n.Sigara bile i\u00e7miyorum ki,Seni kalbimde kirletmeyeyim diye.Anla\u015fana i\u015fte;\u00d6yle temiz seviyorum seni.Aysel \u00dcrkmez Art\u0131ktay<\/p>\n","protected":false},"excerpt":{"rendered":"<p>Her Y\u00fcre\u011fin Bir Hikayesi Var Kitap A\u00e7\u0131klamas\u0131Temiz Seviyorum SeniSeni sevdi\u011fimden beri, Kendime daha iyi bak\u0131yorum.Daha bir g\u00fczel g\u00f6r\u00fcnmeye \u00e7al\u0131\u015f\u0131yorum.Sa\u00e7lar\u0131m\u0131 bile senin istedi\u011fin gibi yap\u0131yorum.Her g\u00fcn \u015fark\u0131larla<span class=\"excerpt-hellip\"> [\u2026]<\/span><\/p>\n","protected":false},"featured_media":0,"template":"","meta":{"_monsterinsights_skip_tracking":false,"_monsterinsights_sitenote_active":false,"_monsterinsights_sitenote_note":"","_monsterinsights_sitenote_category":0},"product_brand":[],"product_cat":[12291,12509],"product_tag":[],"class_list":{"0":"post-742048","1":"product","2":"type-product","3":"status-publish","5":"product_cat-edebiyat","6":"product_cat-siir","7":"pa_cilt-ciltsiz","8":"pa_tur-kitap","9":"pa_yayinevi-herdem-kitap","10":"pa_yazar-aysel-urkmez-artiktay","12":"first","13":"instock","14":"sale","15":"shipping-taxable","16":"purchasable","17":"product-type-simple"},"_links":{"self":[{"href":"https:\/\/roveyayinevi.com.tr\/index.php\/wp-json\/wp\/v2\/product\/742048","targetHints":{"allow":["GET"]}}],"collection":[{"href":"https:\/\/roveyayinevi.com.tr\/index.php\/wp-json\/wp\/v2\/product"}],"about":[{"href":"https:\/\/roveyayinevi.com.tr\/index.php\/wp-json\/wp\/v2\/types\/product"}],"wp:attachment":[{"href":"https:\/\/roveyayinevi.com.tr\/index.php\/wp-json\/wp\/v2\/media?parent=742048"}],"wp:term":[{"taxonomy":"product_brand","embeddable":true,"href":"https:\/\/roveyayinevi.com.tr\/index.php\/wp-json\/wp\/v2\/product_brand?post=742048"},{"taxonomy":"product_cat","embeddable":true,"href":"https:\/\/roveyayinevi.com.tr\/index.php\/wp-json\/wp\/v2\/product_cat?post=742048"},{"taxonomy":"product_tag","embeddable":true,"href":"https:\/\/roveyayinevi.com.tr\/index.php\/wp-json\/wp\/v2\/product_tag?post=742048"}],"curies":[{"name":"wp","href":"https:\/\/api.w.org\/{rel}","templated":true}]}}