{"id":742043,"date":"2025-08-28T01:02:53","date_gmt":"2025-08-27T22:02:53","guid":{"rendered":"https:\/\/roveyayinevi.com.tr\/index.php\/urun\/en-son\/"},"modified":"2026-04-16T02:53:17","modified_gmt":"2026-04-15T23:53:17","slug":"en-son","status":"publish","type":"product","link":"https:\/\/roveyayinevi.com.tr\/index.php\/urun\/en-son\/","title":{"rendered":"En Son"},"content":{"rendered":"<p>En Son &#8211; Manzum Tiyatro Eseri Kitap A\u00e7\u0131klamas\u0131\u0130nsan:Bu sefer,Haz\u0131rdaki y\u0131\u011f\u0131ndan de\u011fil,Yepyeni bir y\u00fcze b\u00fcr\u00fcn\u00fcpEskisini bir maske gibiOnun \u00fczerine takarakYeni bir dille konu\u015fmal\u0131.Tek bir s\u00f6zc\u00fckten do\u011facak:Bamba\u015fka bir dil,Bu ba\u015fka dildeBa\u015fka t\u00fcrl\u00fc alg\u0131lay\u0131pYa\u015fay\u0131pHissedipHat\u0131rl\u0131yor olmal\u0131. (Tan\u0131t\u0131m B\u00fclteninden) <\/p>\n","protected":false},"excerpt":{"rendered":"<p>En Son &#8211; Manzum Tiyatro Eseri Kitap A\u00e7\u0131klamas\u0131\u0130nsan:Bu sefer,Haz\u0131rdaki y\u0131\u011f\u0131ndan de\u011fil,Yepyeni bir y\u00fcze b\u00fcr\u00fcn\u00fcpEskisini bir maske gibiOnun \u00fczerine takarakYeni bir dille konu\u015fmal\u0131.Tek bir s\u00f6zc\u00fckten do\u011facak:Bamba\u015fka bir<span class=\"excerpt-hellip\"> [\u2026]<\/span><\/p>\n","protected":false},"featured_media":0,"template":"","meta":{"_monsterinsights_skip_tracking":false,"_monsterinsights_sitenote_active":false,"_monsterinsights_sitenote_note":"","_monsterinsights_sitenote_category":0},"product_brand":[],"product_cat":[12291,12711],"product_tag":[],"class_list":{"0":"post-742043","1":"product","2":"type-product","3":"status-publish","5":"product_cat-edebiyat","6":"product_cat-roman-oyku","7":"pa_cilt-ciltsiz","8":"pa_tur-kitap","9":"pa_yayinevi-herdem-kitap","10":"pa_yazar-firat-ozturk","12":"first","13":"instock","14":"sale","15":"shipping-taxable","16":"purchasable","17":"product-type-simple"},"_links":{"self":[{"href":"https:\/\/roveyayinevi.com.tr\/index.php\/wp-json\/wp\/v2\/product\/742043","targetHints":{"allow":["GET"]}}],"collection":[{"href":"https:\/\/roveyayinevi.com.tr\/index.php\/wp-json\/wp\/v2\/product"}],"about":[{"href":"https:\/\/roveyayinevi.com.tr\/index.php\/wp-json\/wp\/v2\/types\/product"}],"wp:attachment":[{"href":"https:\/\/roveyayinevi.com.tr\/index.php\/wp-json\/wp\/v2\/media?parent=742043"}],"wp:term":[{"taxonomy":"product_brand","embeddable":true,"href":"https:\/\/roveyayinevi.com.tr\/index.php\/wp-json\/wp\/v2\/product_brand?post=742043"},{"taxonomy":"product_cat","embeddable":true,"href":"https:\/\/roveyayinevi.com.tr\/index.php\/wp-json\/wp\/v2\/product_cat?post=742043"},{"taxonomy":"product_tag","embeddable":true,"href":"https:\/\/roveyayinevi.com.tr\/index.php\/wp-json\/wp\/v2\/product_tag?post=742043"}],"curies":[{"name":"wp","href":"https:\/\/api.w.org\/{rel}","templated":true}]}}