{"id":742040,"date":"2025-08-28T01:02:48","date_gmt":"2025-08-27T22:02:48","guid":{"rendered":"https:\/\/roveyayinevi.com.tr\/index.php\/urun\/sayilarin-ardindaki\/"},"modified":"2026-04-16T02:53:17","modified_gmt":"2026-04-15T23:53:17","slug":"sayilarin-ardindaki","status":"publish","type":"product","link":"https:\/\/roveyayinevi.com.tr\/index.php\/urun\/sayilarin-ardindaki\/","title":{"rendered":"Say\u0131lar\u0131n Ard\u0131ndaki"},"content":{"rendered":"<p>Say\u0131lar\u0131n Ard\u0131ndaki S\u0131r Kitap A\u00e7\u0131klamas\u0131&#8221;\u0130lahi&#8217;ye ba\u011fl\u0131 kald\u0131\u011f\u0131n\u0131zda, sizinle desenler, ba\u011flant\u0131lar, i\u015faretler, e\u015fzamanl\u0131l\u0131klar ve her t\u00fcrl\u00fc hediyeyle konu\u015facakt\u0131r.&#8221;Phyllis CurottYarat\u0131c\u0131n\u0131n bize verdi\u011fi gizli ve a\u00e7\u0131k arma\u011fanlar vard\u0131r. Ancak d\u00fcnyan\u0131n karga\u015fas\u0131ndan ka\u00e7\u0131p manevi yolculu\u011fa \u00e7\u0131kt\u0131\u011f\u0131m\u0131zda gizli mesajlar\u0131 fark ederiz ve ruhumuzda hissetti\u011fimiz bo\u015fluklar\u0131 doldurmaya ba\u015flar\u0131z. Bu yolculu\u011fun amac\u0131 yarat\u0131c\u0131m\u0131zla ruhsal ba\u011flant\u0131 kurabilmek \u00f6z\u00fcm\u00fcz\u00fc bulabilmektir. Att\u0131\u011f\u0131m\u0131z her ad\u0131mda, ya\u015fad\u0131\u011f\u0131m\u0131z her olayda, duydu\u011fumuz her seste, g\u00f6rd\u00fc\u011f\u00fcm\u00fcz her g\u00fczellikte onu ve bize vermek istedi\u011fi mesajlar\u0131 buluruz.Renklerde, kokularda, seslerde, sembollerde, say\u0131larda, harflerde bizi gitmek istedi\u011finiz yere ula\u015ft\u0131racak gizli kodlar vard\u0131r. Her biri benzersiz \u00f6\u011frenme deneyimleri ya\u015fat\u0131r. Bu kitapta rakamlar\u0131n sadece matematiksel semboller olmad\u0131\u011f\u0131n\u0131 anlayacak say\u0131lar\u0131n i\u00e7indeki gizli mesajlar\u0131 g\u00f6rmeye \u00e7al\u0131\u015facak ve ola\u011fan \u00fcst\u00fc enerjilerini fark edeceksiniz. Unutmay\u0131n, ruhsal olarak \u00f6n\u00fcm\u00fcze \u00e7\u0131kan her \u015feyin bir nedeni var. (Tan\u0131t\u0131m B\u00fclteninden)<\/p>\n","protected":false},"excerpt":{"rendered":"<p>Say\u0131lar\u0131n Ard\u0131ndaki S\u0131r Kitap A\u00e7\u0131klamas\u0131&#8221;\u0130lahi&#8217;ye ba\u011fl\u0131 kald\u0131\u011f\u0131n\u0131zda, sizinle desenler, ba\u011flant\u0131lar, i\u015faretler, e\u015fzamanl\u0131l\u0131klar ve her t\u00fcrl\u00fc hediyeyle konu\u015facakt\u0131r.&#8221;Phyllis CurottYarat\u0131c\u0131n\u0131n bize verdi\u011fi gizli ve a\u00e7\u0131k arma\u011fanlar vard\u0131r. Ancak<span class=\"excerpt-hellip\"> [\u2026]<\/span><\/p>\n","protected":false},"featured_media":0,"template":"","meta":{"_monsterinsights_skip_tracking":false,"_monsterinsights_sitenote_active":false,"_monsterinsights_sitenote_note":"","_monsterinsights_sitenote_category":0},"product_brand":[],"product_cat":[15563],"product_tag":[],"class_list":{"0":"post-742040","1":"product","2":"type-product","3":"status-publish","5":"product_cat-hobi","6":"pa_cilt-ciltsiz","7":"pa_tur-kitap","8":"pa_yayinevi-herdem-kitap","9":"pa_yazar-ebru-ceylan-cap","11":"first","12":"instock","13":"sale","14":"shipping-taxable","15":"purchasable","16":"product-type-simple"},"_links":{"self":[{"href":"https:\/\/roveyayinevi.com.tr\/index.php\/wp-json\/wp\/v2\/product\/742040","targetHints":{"allow":["GET"]}}],"collection":[{"href":"https:\/\/roveyayinevi.com.tr\/index.php\/wp-json\/wp\/v2\/product"}],"about":[{"href":"https:\/\/roveyayinevi.com.tr\/index.php\/wp-json\/wp\/v2\/types\/product"}],"wp:attachment":[{"href":"https:\/\/roveyayinevi.com.tr\/index.php\/wp-json\/wp\/v2\/media?parent=742040"}],"wp:term":[{"taxonomy":"product_brand","embeddable":true,"href":"https:\/\/roveyayinevi.com.tr\/index.php\/wp-json\/wp\/v2\/product_brand?post=742040"},{"taxonomy":"product_cat","embeddable":true,"href":"https:\/\/roveyayinevi.com.tr\/index.php\/wp-json\/wp\/v2\/product_cat?post=742040"},{"taxonomy":"product_tag","embeddable":true,"href":"https:\/\/roveyayinevi.com.tr\/index.php\/wp-json\/wp\/v2\/product_tag?post=742040"}],"curies":[{"name":"wp","href":"https:\/\/api.w.org\/{rel}","templated":true}]}}