{"id":742039,"date":"2025-08-28T01:02:47","date_gmt":"2025-08-27T22:02:47","guid":{"rendered":"https:\/\/roveyayinevi.com.tr\/index.php\/urun\/kosedeki-yazilar\/"},"modified":"2026-04-16T02:53:17","modified_gmt":"2026-04-15T23:53:17","slug":"kosedeki-yazilar","status":"publish","type":"product","link":"https:\/\/roveyayinevi.com.tr\/index.php\/urun\/kosedeki-yazilar\/","title":{"rendered":"K\u00f6\u015fedeki Yaz\u0131lar"},"content":{"rendered":"<p>\u00c7E\u015e\u0130TL\u0130 GAZETE VE HABER S\u0130TELER\u0130NDE YAYIMLANMI\u015e, EN \u00c7OK OKUNAN VE YORUM ALMI\u015e K\u00d6\u015eE YAZILARIMIN TAMAMI BU ESERDE&#8230; Kitlelere ula\u015fman\u0131n duygu, d\u00fc\u015f\u00fcnce ve bilginin en g\u00fczel ileti\u015fimidir k\u00f6\u015fe yaz\u0131s\u0131. G\u00fcndemi ve g\u00fcncel hadiseleri okurlar\u0131ma iletti\u011fim en \u00e7ok okunan ve yorum alan k\u00f6\u015fe yaz\u0131lar\u0131m\u0131 bu eserde derledik.  Fikir en k\u0131ymetli de\u011ferdir, fikri ve d\u00fc\u015f\u00fcncesi olmayan zarar ve ziyandad\u0131r. \u0130nsanlar g\u00f6r\u00fcn\u00fc\u015fleri ile kar\u015f\u0131lan\u0131r fikirleri ve d\u00fc\u015f\u00fcnceleri ile u\u011furlan\u0131r. Fikrinizin rengi ne olursa olsun her renk fikriniz olsun. D\u00fcnya g\u00f6r\u00fc\u015f\u00fc ile kolektif bir yaz\u0131 dizisi, her makalemde, her k\u00f6\u015fe yaz\u0131mda yeni bir konu, yeni bir heyecan ve anlat\u0131m var. Bilinmezlikleri bilinir yapt\u0131\u011f\u0131m\u0131z konular\u0131 kaleme ald\u0131k. Keyif alarak okuyaca\u011f\u0131n\u0131z bir eser. Bilgiyi bilmek gerek. <\/p>\n","protected":false},"excerpt":{"rendered":"<p>\u00c7E\u015e\u0130TL\u0130 GAZETE VE HABER S\u0130TELER\u0130NDE YAYIMLANMI\u015e, EN \u00c7OK OKUNAN VE YORUM ALMI\u015e K\u00d6\u015eE YAZILARIMIN TAMAMI BU ESERDE&#8230; Kitlelere ula\u015fman\u0131n duygu, d\u00fc\u015f\u00fcnce ve bilginin en g\u00fczel ileti\u015fimidir<span class=\"excerpt-hellip\"> [\u2026]<\/span><\/p>\n","protected":false},"featured_media":0,"template":"","meta":{"_monsterinsights_skip_tracking":false,"_monsterinsights_sitenote_active":false,"_monsterinsights_sitenote_note":"","_monsterinsights_sitenote_category":0},"product_brand":[],"product_cat":[12291,12711],"product_tag":[],"class_list":{"0":"post-742039","1":"product","2":"type-product","3":"status-publish","5":"product_cat-edebiyat","6":"product_cat-roman-oyku","7":"pa_cilt-ciltsiz","8":"pa_tur-kitap","9":"pa_yayinevi-kitap-muptelasi-yayinlari","10":"pa_yazar-aydin-benli","12":"first","13":"instock","14":"sale","15":"shipping-taxable","16":"purchasable","17":"product-type-simple"},"_links":{"self":[{"href":"https:\/\/roveyayinevi.com.tr\/index.php\/wp-json\/wp\/v2\/product\/742039","targetHints":{"allow":["GET"]}}],"collection":[{"href":"https:\/\/roveyayinevi.com.tr\/index.php\/wp-json\/wp\/v2\/product"}],"about":[{"href":"https:\/\/roveyayinevi.com.tr\/index.php\/wp-json\/wp\/v2\/types\/product"}],"wp:attachment":[{"href":"https:\/\/roveyayinevi.com.tr\/index.php\/wp-json\/wp\/v2\/media?parent=742039"}],"wp:term":[{"taxonomy":"product_brand","embeddable":true,"href":"https:\/\/roveyayinevi.com.tr\/index.php\/wp-json\/wp\/v2\/product_brand?post=742039"},{"taxonomy":"product_cat","embeddable":true,"href":"https:\/\/roveyayinevi.com.tr\/index.php\/wp-json\/wp\/v2\/product_cat?post=742039"},{"taxonomy":"product_tag","embeddable":true,"href":"https:\/\/roveyayinevi.com.tr\/index.php\/wp-json\/wp\/v2\/product_tag?post=742039"}],"curies":[{"name":"wp","href":"https:\/\/api.w.org\/{rel}","templated":true}]}}