{"id":742038,"date":"2025-08-28T01:02:45","date_gmt":"2025-08-27T22:02:45","guid":{"rendered":"https:\/\/roveyayinevi.com.tr\/index.php\/urun\/aydin-benli-kitaplari-3-kitap-set\/"},"modified":"2026-04-06T03:06:24","modified_gmt":"2026-04-06T00:06:24","slug":"aydin-benli-kitaplari-3-kitap-set","status":"publish","type":"product","link":"https:\/\/roveyayinevi.com.tr\/index.php\/urun\/aydin-benli-kitaplari-3-kitap-set\/","title":{"rendered":"Ayd\u0131n Benli Kitaplar\u0131 (3 Kitap Set)"},"content":{"rendered":"<p>K\u00d6\u015eEDEK\u0130 YAZILAR \u00c7E\u015e\u0130TL\u0130 GAZETE VE HABER S\u0130TELER\u0130NDE YAYIMLANMI\u015e, EN \u00c7OK OKUNAN VE YORUM ALMI\u015e K\u00d6\u015eE YAZILARIMIN TAMAMI BU ESERDE&#8230; Kitlelere ula\u015fman\u0131n duygu, d\u00fc\u015f\u00fcnce ve bilginin en g\u00fczel ileti\u015fimidir k\u00f6\u015fe yaz\u0131s\u0131. G\u00fcndemi ve g\u00fcncel hadiseleri okurlar\u0131ma iletti\u011fim en \u00e7ok okunan ve yorum alan k\u00f6\u015fe yaz\u0131lar\u0131m\u0131 bu eserde derledik.  Fikir en k\u0131ymetli de\u011ferdir, fikri ve d\u00fc\u015f\u00fcncesi olmayan zarar ve ziyandad\u0131r. \u0130nsanlar g\u00f6r\u00fcn\u00fc\u015fleri ile kar\u015f\u0131lan\u0131r fikirleri ve d\u00fc\u015f\u00fcnceleri ile u\u011furlan\u0131r. Fikrinizin rengi ne olursa olsun her renk fikriniz olsun. D\u00fcnya g\u00f6r\u00fc\u015f\u00fc ile kolektif bir yaz\u0131 dizisi, her makalemde, her k\u00f6\u015fe yaz\u0131mda yeni bir konu, yeni bir heyecan ve anlat\u0131m var. Bilinmezlikleri bilinir yapt\u0131\u011f\u0131m\u0131z konular\u0131 kaleme ald\u0131k. Keyif alarak okuyaca\u011f\u0131n\u0131z bir eser. Bilgiyi bilmek gerek. UNUTULANLAR   KAZANILMI\u015e ZAFERLER\u0130N SAH\u0130PLER\u0130 \u00c7OK OLUR DER\u0130N DEVLET\u0130N \u00c7OCUKLARI Devletler y\u0131k\u0131p, devletler kuran T\u00fcrklerin Derin Devleti, \u0130stihbarat Te\u015fkil\u00e2t\u0131 Aksakall\u0131lar, iki bin y\u0131ldan bu yana vatana hizmet i\u00e7in nice isimsiz kahraman yeti\u015ftirmi\u015ftir. Bu kahramanlar; kimi zaman asker, kimi zaman istihbarat uzman\u0131, kimi zaman emniyet mensubu olarak Aksakall\u0131lar\u0131n verdi\u011fi g\u00f6revi canlar\u0131 pahas\u0131na yerine getirirler. Anadolu\u2019nun bir k\u00f6y\u00fcnde ba\u015flayan maceralar, gizli \u00f6rg\u00fctler ve bu \u00f6rg\u00fctlerin i\u00e7ine s\u0131zarak istihbarat toplayan bir delikanl\u0131n\u0131n \u00f6yk\u00fcs\u00fcn\u00fc anlat\u0131yor. Unutulanlar- Derin Devlet\u2019in \u00c7ocuklar\u0131, mezar ta\u015flar\u0131nda isimleri yazmayan yi\u011fitlerin kahramanl\u0131klar\u0131n\u0131 anlatmaktad\u0131r. Anlat\u0131lanlar masal de\u011fil, Nam\u0131 Delikanl\u0131 Ayd\u0131n gibi ismi bilinmeyen kahramanlar\u0131n \u00f6yk\u00fcs\u00fcd\u00fcr. VATAN SA\u011e OLSUN! Diye \u00f6l\u00fcme giden isimsiz kahramanlar\u0131n ger\u00e7ek hik\u00e2yeleridir. Gizem dolu s\u00fcr\u00fckleyici macera tad\u0131nda s\u00fcr\u00fckleyici ger\u00e7ek hik\u00e2yelerden olu\u015fan hayat hik\u00e2yesi\u2026   KANLI DOSYALAR   \u00d6L\u00dcM SEN\u0130N PE\u015e\u0130NDE KANLI DOSYALAR &amp; C\u0130NAYET MASASI KOM\u0130SER HAKAN AYDIN \u201cKan kokusu beynimin derinliklerinde bilin\u00e7alt\u0131m\u0131 t\u0131rmal\u0131yor, cinayet dosyalar\u0131 da cinayetler gibi kanl\u0131.\u2019\u2019 Kahraman\u0131m\u0131z Ankara Cinayet Masas\u0131 Komiseri Hakan Ayd\u0131n&#8217;\u0131n 2014 y\u0131l\u0131nda Ankara&#8217;da ba\u015flayan, cinayetlerin \u00fczerine gidip, o cinayetleri \u00e7\u00f6zmesini anlat\u0131yor. Cinayetlerin izlerini takip edip, akl\u0131n ve mant\u0131\u011f\u0131n almad\u0131\u011f\u0131 cinayet  dosyalar\u0131n\u0131, kendine has y\u00f6ntemler \u0130le nas\u0131l \u00e7\u00f6zd\u00fc\u011f\u00fcn\u00fc, s\u00fcr\u00fckleyici ve derin konularla anlat\u0131yor.  Bazen seri katilin pe\u015finde, bazen planl\u0131 cinayetlerin izinde\u2026 Kimi zaman kusursuzca planlanm\u0131\u015f yer alt\u0131 d\u00fcnyas\u0131n\u0131n i\u015fledi\u011fi cinayetleri konu ediniyor. Hakan Ayd\u0131n, ekip arkada\u015flar\u0131yla cinayetlerin derinliklerine dal\u0131yor, S\u00fcr\u00fckleyici Ankara polisiyesi cinayet tad\u0131nda bir roman. Ankara\u2019da cinayet var!     <\/p>\n","protected":false},"excerpt":{"rendered":"<p>K\u00d6\u015eEDEK\u0130 YAZILAR \u00c7E\u015e\u0130TL\u0130 GAZETE VE HABER S\u0130TELER\u0130NDE YAYIMLANMI\u015e, EN \u00c7OK OKUNAN VE YORUM ALMI\u015e K\u00d6\u015eE YAZILARIMIN TAMAMI BU ESERDE&#8230; Kitlelere ula\u015fman\u0131n duygu, d\u00fc\u015f\u00fcnce ve bilginin en<span class=\"excerpt-hellip\"> [\u2026]<\/span><\/p>\n","protected":false},"featured_media":0,"template":"","meta":{"_monsterinsights_skip_tracking":false,"_monsterinsights_sitenote_active":false,"_monsterinsights_sitenote_note":"","_monsterinsights_sitenote_category":0},"product_brand":[],"product_cat":[12291,12711],"product_tag":[],"class_list":{"0":"post-742038","1":"product","2":"type-product","3":"status-publish","5":"product_cat-edebiyat","6":"product_cat-roman-oyku","7":"pa_cilt-set","8":"pa_tur-kitap","9":"pa_yayinevi-kitap-muptelasi-yayinlari","10":"pa_yazar-aydin-benli","12":"first","13":"instock","14":"sale","15":"shipping-taxable","16":"purchasable","17":"product-type-simple"},"_links":{"self":[{"href":"https:\/\/roveyayinevi.com.tr\/index.php\/wp-json\/wp\/v2\/product\/742038","targetHints":{"allow":["GET"]}}],"collection":[{"href":"https:\/\/roveyayinevi.com.tr\/index.php\/wp-json\/wp\/v2\/product"}],"about":[{"href":"https:\/\/roveyayinevi.com.tr\/index.php\/wp-json\/wp\/v2\/types\/product"}],"wp:attachment":[{"href":"https:\/\/roveyayinevi.com.tr\/index.php\/wp-json\/wp\/v2\/media?parent=742038"}],"wp:term":[{"taxonomy":"product_brand","embeddable":true,"href":"https:\/\/roveyayinevi.com.tr\/index.php\/wp-json\/wp\/v2\/product_brand?post=742038"},{"taxonomy":"product_cat","embeddable":true,"href":"https:\/\/roveyayinevi.com.tr\/index.php\/wp-json\/wp\/v2\/product_cat?post=742038"},{"taxonomy":"product_tag","embeddable":true,"href":"https:\/\/roveyayinevi.com.tr\/index.php\/wp-json\/wp\/v2\/product_tag?post=742038"}],"curies":[{"name":"wp","href":"https:\/\/api.w.org\/{rel}","templated":true}]}}