{"id":742036,"date":"2025-08-28T01:02:41","date_gmt":"2025-08-27T22:02:41","guid":{"rendered":"https:\/\/roveyayinevi.com.tr\/index.php\/urun\/inanc-ozgen-kitaplari-5-kitap-set\/"},"modified":"2026-04-16T02:53:17","modified_gmt":"2026-04-15T23:53:17","slug":"inanc-ozgen-kitaplari-5-kitap-set","status":"publish","type":"product","link":"https:\/\/roveyayinevi.com.tr\/index.php\/urun\/inanc-ozgen-kitaplari-5-kitap-set\/","title":{"rendered":"\u0130nan\u00e7 \u00d6zgen Kitaplar\u0131 (5 Kitap Set)"},"content":{"rendered":"<p>ILIK R\u00dcZG\u00c2RLAR \u201cSal\u0131na sal\u0131na ne de ho\u015f yapraklar\u0131n\u0131 sal\u0131veriyorsun g\u00f6ky\u00fcz\u00fcnden yery\u00fcz\u00fcne ey a\u011fa\u00e7! Sen de mi sevdaland\u0131n yoksa, renklerin en g\u00fczeline? Ve  yapraklar\u0131n ondan m\u0131d\u0131r, bu kadar narin ve ince, ondan m\u0131d\u0131r, bu kadar nazl\u0131 ve naif.  Sal\u0131na sal\u0131na naz m\u0131 yap\u0131yorsun di\u011fer a\u011fa\u00e7lara? S\u00f6yle!. Zaman\u0131 sen mi yo\u011furuyorsun, yoksa yapraklar\u0131n m\u0131? Sal\u0131ns\u0131n, gelinimin \u00fcst\u00fcne yapraklar\u0131n, sal\u0131ns\u0131n. S\u00f6yle!. R\u00fczgar da m\u0131 seninle arkada\u015f, a\u015fk\u0131 f\u0131s\u0131ldamak istedi\u011finde a\u011fa\u00e7lara? Yoksa; bu kadar g\u00fczel sal\u0131nman\u0131n sebebi mi bu \u0131l\u0131k r\u00fczg\u00e2rlar? S\u00f6yle! Yok, yok, sen dura\u011fan zamanla da arkada\u015fs\u0131n, akan zamanla da, yere sal\u0131nan ve topra\u011f\u0131 \u00f6pen yapraklar\u0131nda.\u201d   K\u00d6STEKL\u0130 SAAT &#8220;Bir \u00e7ay i\u00e7eyim bari \u00f6m\u00fcrden gitsin. Her f\u0131rt i\u00e7 \u00e7eki\u015fimde, ac\u0131s\u0131 ka\u00e7mayan demli \u00e7ay\u0131ndan olsun. Ve bir \u015feker atay\u0131m, erimeyen cinsinden. Ka\u00e7mayan \u00e7ay\u0131n, ac\u0131l\u0131 yan\u0131ndan olsun. Bir hayat i\u00e7eyim, \u00e7aydanl\u0131k elimde, demlesin hayat\u0131 \u00e7ay gibi. Bir, iki, \u00fc\u00e7 bardak\u2026 \u00c7ocuklu\u011fum, Gen\u00e7li\u011fim ve Ya\u015fl\u0131l\u0131\u011f\u0131m\u2026&#8221;   CENDERE &#8220;Sarduri, o\u011flum! B\u00fcy\u00fck Urartu Krall\u0131\u011f\u0131&#8217;n\u0131n varisi. Umutsuzlu\u011fa kap\u0131lma! Umutlu ol! Sab\u0131r umudun yolda\u015f\u0131d\u0131r!&#8221;   \u00d6Z&#8217;L\u00dc H\u0130KAYELER \u00d6z\u2019l\u00fc hik\u00e2yeler bazen bir hayvan\u0131n ya\u015fam\u0131nda imbiklenecek, bazen bir insan\u0131n ger\u00e7ek ya\u015fanm\u0131\u015fl\u0131klar\u0131n\u0131 sunacak. Bazen sevindirecek, bazen h\u00fcz\u00fcnlendirecek ama bol bol d\u00fc\u015f\u00fcnd\u00fcrecek. \u00d6z\u2019l\u00fc hik\u00e2yeler hayat\u0131n kendisidir. \u00d6z\u2019l\u00fc hik\u00e2yeler gelece\u011fi \u015fekillendirecek olan \u00e7ocuklar\u0131m\u0131z\u0131n ve gen\u00e7lerimizin do\u011fay\u0131 daha \u00e7ok sevmelerine olanak sa\u011flayacak \u00f6\u011f\u00fctler i\u00e7erip, bazen de ger\u00e7ek ya\u015famdan kesitler sunmaktad\u0131r. Bu kitapta sundu\u011fumuz hik\u00e2yeler insan\u0131n ya\u015fam d\u00f6ng\u00fcs\u00fcndeki son yolculu\u011funu farkl\u0131 g\u00f6zle, sunmaktad\u0131r.   VAROLU\u015e Varolu\u015f &#8211; Haro\u011flu kalesi efsanesi, Urartular\u0131n b\u00f6lgede kurdu\u011fu uygarl\u0131\u011f\u0131n g\u00fcn\u00fcm\u00fcze kadar kal\u0131nt\u0131lar\u0131 ile kalabilen \u00f6nemli eserlerinden biridir. B\u00f6lgenin h\u00e2kim noktas\u0131na kurulan kale, do\u011fuda Harput, bat\u0131da ise Tomisa kalesi ve \u0130zollu krall\u0131\u011f\u0131n\u0131n orta noktas\u0131nda in\u015fa edilmi\u015f, \u00f6nemli bir Urartu eseridir. Tarih ya\u015fan\u0131lanlarla bir\u00e7ok medeniyeti kucaklam\u0131\u015f, zaman\u0131n ak\u0131\u015f\u0131nda bir\u00e7ok tarihi \u015fahsiyet izler b\u0131rakm\u0131\u015ft\u0131r. Urartular b\u00f6lgede y\u0131llarca h\u00e2kimiyetini s\u00fcrd\u00fcren ve g\u00fcn\u00fcm\u00fcze kadar gelen de\u011ferli eserleriyle var olmu\u015f \u00f6nemli bir uygarl\u0131kt\u0131r. Bu eser Urartular\u0131n, dini inan\u0131\u015flar\u0131 ve tarihi \u015fahsiyetlerini, b\u00f6lgenin do\u011fal g\u00fczellikleriyle hik\u00e2ye tad\u0131nda harmanlanm\u0131\u015f, b\u00f6lgeyi ve tarihi \u015fahsiyetleri detayl\u0131 inceleme f\u0131rsat\u0131 bulacak merakl\u0131lar\u0131n zihinlerinde bir yolculu\u011fa \u00e7\u0131karmay\u0131 hedeflemektedir. <\/p>\n","protected":false},"excerpt":{"rendered":"<p>ILIK R\u00dcZG\u00c2RLAR \u201cSal\u0131na sal\u0131na ne de ho\u015f yapraklar\u0131n\u0131 sal\u0131veriyorsun g\u00f6ky\u00fcz\u00fcnden yery\u00fcz\u00fcne ey a\u011fa\u00e7! Sen de mi sevdaland\u0131n yoksa, renklerin en g\u00fczeline? Ve yapraklar\u0131n ondan m\u0131d\u0131r, bu<span class=\"excerpt-hellip\"> [\u2026]<\/span><\/p>\n","protected":false},"featured_media":0,"template":"","meta":{"_monsterinsights_skip_tracking":false,"_monsterinsights_sitenote_active":false,"_monsterinsights_sitenote_note":"","_monsterinsights_sitenote_category":0},"product_brand":[],"product_cat":[12291,12711],"product_tag":[],"class_list":{"0":"post-742036","1":"product","2":"type-product","3":"status-publish","5":"product_cat-edebiyat","6":"product_cat-roman-oyku","7":"pa_cilt-set","8":"pa_tur-kitap","9":"pa_yayinevi-kitap-muptelasi-yayinlari","10":"pa_yazar-inanc-ozgen","12":"first","13":"instock","14":"sale","15":"shipping-taxable","16":"purchasable","17":"product-type-simple"},"_links":{"self":[{"href":"https:\/\/roveyayinevi.com.tr\/index.php\/wp-json\/wp\/v2\/product\/742036","targetHints":{"allow":["GET"]}}],"collection":[{"href":"https:\/\/roveyayinevi.com.tr\/index.php\/wp-json\/wp\/v2\/product"}],"about":[{"href":"https:\/\/roveyayinevi.com.tr\/index.php\/wp-json\/wp\/v2\/types\/product"}],"wp:attachment":[{"href":"https:\/\/roveyayinevi.com.tr\/index.php\/wp-json\/wp\/v2\/media?parent=742036"}],"wp:term":[{"taxonomy":"product_brand","embeddable":true,"href":"https:\/\/roveyayinevi.com.tr\/index.php\/wp-json\/wp\/v2\/product_brand?post=742036"},{"taxonomy":"product_cat","embeddable":true,"href":"https:\/\/roveyayinevi.com.tr\/index.php\/wp-json\/wp\/v2\/product_cat?post=742036"},{"taxonomy":"product_tag","embeddable":true,"href":"https:\/\/roveyayinevi.com.tr\/index.php\/wp-json\/wp\/v2\/product_tag?post=742036"}],"curies":[{"name":"wp","href":"https:\/\/api.w.org\/{rel}","templated":true}]}}