{"id":742035,"date":"2025-08-28T01:02:40","date_gmt":"2025-08-27T22:02:40","guid":{"rendered":"https:\/\/roveyayinevi.com.tr\/index.php\/urun\/1-kedi-1-cocuk-kucuk-su-damlasi-2-hikaye-tek-kitap\/"},"modified":"2025-12-30T10:55:03","modified_gmt":"2025-12-30T07:55:03","slug":"1-kedi-1-cocuk-kucuk-su-damlasi-2-hikaye-tek-kitap","status":"publish","type":"product","link":"https:\/\/roveyayinevi.com.tr\/index.php\/urun\/1-kedi-1-cocuk-kucuk-su-damlasi-2-hikaye-tek-kitap\/","title":{"rendered":"1 Kedi 1 \u00c7ocuk &#8211; K\u00fc\u00e7\u00fck Su Damlas\u0131 (2 Hikaye Tek Kitap)"},"content":{"rendered":"<p>1 KED\u0130 1 \u00c7OCUK Hayvanlarda t\u0131pk\u0131 insanlar gibi ya\u015fam hakk\u0131na sahiptirler. K\u00dc\u00c7\u00dcK SU DAMLASI Evren anan\u0131n koynunda g\u00f6ky\u00fcz\u00fc ve yery\u00fcz\u00fc karde\u015ftir. <\/p>\n","protected":false},"excerpt":{"rendered":"<p>1 KED\u0130 1 \u00c7OCUK Hayvanlarda t\u0131pk\u0131 insanlar gibi ya\u015fam hakk\u0131na sahiptirler. K\u00dc\u00c7\u00dcK SU DAMLASI Evren anan\u0131n koynunda g\u00f6ky\u00fcz\u00fc ve yery\u00fcz\u00fc karde\u015ftir.<\/p>\n","protected":false},"featured_media":0,"template":"","meta":{"_monsterinsights_skip_tracking":false,"_monsterinsights_sitenote_active":false,"_monsterinsights_sitenote_note":"","_monsterinsights_sitenote_category":0},"product_brand":[],"product_cat":[12274,12284],"product_tag":[],"class_list":{"0":"post-742035","1":"product","2":"type-product","3":"status-publish","5":"product_cat-cocuk-ve-genclik-kitaplari","6":"product_cat-hikayeler","7":"pa_cilt-ciltsiz","8":"pa_tur-kitap","9":"pa_yayinevi-kitap-muptelasi-yayinlari","10":"pa_yazar-gulsum-ayisigi","12":"first","13":"instock","14":"sale","15":"shipping-taxable","16":"purchasable","17":"product-type-simple"},"_links":{"self":[{"href":"https:\/\/roveyayinevi.com.tr\/index.php\/wp-json\/wp\/v2\/product\/742035","targetHints":{"allow":["GET"]}}],"collection":[{"href":"https:\/\/roveyayinevi.com.tr\/index.php\/wp-json\/wp\/v2\/product"}],"about":[{"href":"https:\/\/roveyayinevi.com.tr\/index.php\/wp-json\/wp\/v2\/types\/product"}],"wp:attachment":[{"href":"https:\/\/roveyayinevi.com.tr\/index.php\/wp-json\/wp\/v2\/media?parent=742035"}],"wp:term":[{"taxonomy":"product_brand","embeddable":true,"href":"https:\/\/roveyayinevi.com.tr\/index.php\/wp-json\/wp\/v2\/product_brand?post=742035"},{"taxonomy":"product_cat","embeddable":true,"href":"https:\/\/roveyayinevi.com.tr\/index.php\/wp-json\/wp\/v2\/product_cat?post=742035"},{"taxonomy":"product_tag","embeddable":true,"href":"https:\/\/roveyayinevi.com.tr\/index.php\/wp-json\/wp\/v2\/product_tag?post=742035"}],"curies":[{"name":"wp","href":"https:\/\/api.w.org\/{rel}","templated":true}]}}